{"id":3865,"date":"2025-05-21T10:44:10","date_gmt":"2025-05-21T08:44:10","guid":{"rendered":"https:\/\/www.janning-picker.de\/disuasion-y-defensa-en-hamburgo\/"},"modified":"2025-05-27T10:00:08","modified_gmt":"2025-05-27T08:00:08","slug":"disuasion-y-defensa-en-hamburgo","status":"publish","type":"page","link":"https:\/\/www.janning-picker.de\/es\/disuasion-y-defensa-en-hamburgo\/","title":{"rendered":"Disuasi\u00f3n y defensa en Hamburgo"},"content":{"rendered":"\t\t<div data-elementor-type=\"wp-page\" data-elementor-id=\"3865\" class=\"elementor elementor-3865 elementor-3792\" data-elementor-post-type=\"page\">\n\t\t\t\t<div class=\"elementor-element elementor-element-7663c86 e-flex e-con-boxed e-con e-parent\" data-id=\"7663c86\" data-element_type=\"container\">\n\t\t\t\t\t<div class=\"e-con-inner\">\n\t\t<div class=\"elementor-element elementor-element-8bf1903 e-con-full e-flex e-con e-child\" data-id=\"8bf1903\" data-element_type=\"container\" data-settings=\"{&quot;background_background&quot;:&quot;classic&quot;}\">\n\t\t\t\t<div class=\"elementor-element elementor-element-dbbf6c5 elementor-widget elementor-widget-heading\" data-id=\"dbbf6c5\" data-element_type=\"widget\" data-widget_type=\"heading.default\">\n\t\t\t\t<div class=\"elementor-widget-container\">\n\t\t\t\t\t<h1 class=\"elementor-heading-title elementor-size-default\">Disuasi\u00f3n y defensa en Hamburgo<\/h1>\t\t\t\t<\/div>\n\t\t\t\t<\/div>\n\t\t\t\t<\/div>\n\t\t\t\t\t<\/div>\n\t\t\t\t<\/div>\n\t\t<div class=\"elementor-element elementor-element-9846be3 e-flex e-con-boxed e-con e-parent\" data-id=\"9846be3\" data-element_type=\"container\">\n\t\t\t\t\t<div class=\"e-con-inner\">\n\t\t<div class=\"elementor-element elementor-element-a4dc682 e-con-full e-flex e-con e-child\" data-id=\"a4dc682\" data-element_type=\"container\">\n\t\t\t\t<div class=\"elementor-element elementor-element-0530fe3 elementor-widget elementor-widget-image\" data-id=\"0530fe3\" data-element_type=\"widget\" data-widget_type=\"image.default\">\n\t\t\t\t<div class=\"elementor-widget-container\">\n\t\t\t\t\t\t\t\t\t\t\t\t\t\t\t\t<a href=\"https:\/\/www.janning-picker.de\/wp-content\/uploads\/2025\/05\/Hammaburg-Platz.jpg\" data-elementor-open-lightbox=\"yes\" data-elementor-lightbox-title=\"Hammaburg Platz\" data-elementor-lightbox-description=\"Hammaburg Platz\" data-e-action-hash=\"#elementor-action%3Aaction%3Dlightbox%26settings%3DeyJpZCI6MzgyMSwidXJsIjoiaHR0cHM6XC9cL3d3dy5qYW5uaW5nLXBpY2tlci5kZVwvd3AtY29udGVudFwvdXBsb2Fkc1wvMjAyNVwvMDVcL0hhbW1hYnVyZy1QbGF0ei5qcGcifQ%3D%3D\">\n\t\t\t\t\t\t\t<img fetchpriority=\"high\" decoding=\"async\" width=\"768\" height=\"513\" src=\"https:\/\/www.janning-picker.de\/wp-content\/uploads\/2025\/05\/Hammaburg-Platz-768x513.jpg\" class=\"attachment-medium_large size-medium_large wp-image-3821\" alt=\"Hammaburg Platz\" srcset=\"https:\/\/www.janning-picker.de\/wp-content\/uploads\/2025\/05\/Hammaburg-Platz-768x513.jpg 768w, https:\/\/www.janning-picker.de\/wp-content\/uploads\/2025\/05\/Hammaburg-Platz-300x200.jpg 300w, https:\/\/www.janning-picker.de\/wp-content\/uploads\/2025\/05\/Hammaburg-Platz-1024x684.jpg 1024w, https:\/\/www.janning-picker.de\/wp-content\/uploads\/2025\/05\/Hammaburg-Platz-1536x1026.jpg 1536w, https:\/\/www.janning-picker.de\/wp-content\/uploads\/2025\/05\/Hammaburg-Platz-2048x1368.jpg 2048w\" sizes=\"(max-width: 768px) 100vw, 768px\" \/>\t\t\t\t\t\t\t\t<\/a>\n\t\t\t\t\t\t\t\t\t\t\t\t\t\t\t<\/div>\n\t\t\t\t<\/div>\n\t\t\t\t<\/div>\n\t\t<div class=\"elementor-element elementor-element-5b639a9 e-con-full e-flex e-con e-child\" data-id=\"5b639a9\" data-element_type=\"container\">\n\t\t\t\t<div class=\"elementor-element elementor-element-72c2d44 elementor-widget elementor-widget-text-editor\" data-id=\"72c2d44\" data-element_type=\"widget\" data-widget_type=\"text-editor.default\">\n\t\t\t\t<div class=\"elementor-widget-container\">\n\t\t\t\t\t\t\t\t\t<p>Comenzamos en la Hammaburg-Platz, la antigua Hammaburg del siglo VIII, y descubrimos c\u00f3mo eran las defensas en aquella \u00e9poca y qu\u00e9 m\u00e1s vale la pena saber sobre ellas. Cerca encontramos la antigua Torre del Obispo y el Castillo Nuevo, la versi\u00f3n de disuasi\u00f3n del obispo y del conde contra la otra \u201ccabeza\u201d del siglo IX.   <\/p>\t\t\t\t\t\t\t\t<\/div>\n\t\t\t\t<\/div>\n\t\t\t\t<\/div>\n\t\t\t\t\t<\/div>\n\t\t\t\t<\/div>\n\t\t<div class=\"elementor-element elementor-element-a7d8156 e-flex e-con-boxed e-con e-parent\" data-id=\"a7d8156\" data-element_type=\"container\">\n\t\t\t\t\t<div class=\"e-con-inner\">\n\t\t<div class=\"elementor-element elementor-element-da87824 e-con-full e-flex e-con e-child\" data-id=\"da87824\" data-element_type=\"container\">\n\t\t\t\t<div class=\"elementor-element elementor-element-72ea2e7 elementor-widget elementor-widget-text-editor\" data-id=\"72ea2e7\" data-element_type=\"widget\" data-widget_type=\"text-editor.default\">\n\t\t\t\t<div class=\"elementor-widget-container\">\n\t\t\t\t\t\t\t\t\t<p>Las calles \u201cAlter Wall\u201d y \u201cNeuer Wall\u201d son el ep\u00edtome de las defensas medievales de Hamburgo, y de sus l\u00edneas de expansi\u00f3n. Aqu\u00ed tambi\u00e9n descubrimos lo que ocurr\u00eda en estas \u201czonas fronterizas\u201d. Sin embargo, Hamburgo dio un gran salto en materia de defensa en el siglo XVII con la construcci\u00f3n de las grandes fortificaciones, que serv\u00edan tanto de defensa como de disuasi\u00f3n. A\u00fan hoy pueden verse en los nombres de las calles: Steintorwall, Klosterwall, Glockengie\u00dferwall, Gorch-Fock-Wall y Holstenwall. Explorarlas es una visita obligada en este recorrido, aunque no se ha conservado ni una sola piedra.    <\/p>\t\t\t\t\t\t\t\t<\/div>\n\t\t\t\t<\/div>\n\t\t\t\t<\/div>\n\t\t<div class=\"elementor-element elementor-element-076539f e-con-full e-flex e-con e-child\" data-id=\"076539f\" data-element_type=\"container\">\n\t\t\t\t<div class=\"elementor-element elementor-element-b7231ae elementor-widget elementor-widget-image\" data-id=\"b7231ae\" data-element_type=\"widget\" data-widget_type=\"image.default\">\n\t\t\t\t<div class=\"elementor-widget-container\">\n\t\t\t\t\t\t\t\t\t\t\t\t\t\t\t\t<a href=\"https:\/\/www.janning-picker.de\/wp-content\/uploads\/2025\/05\/Skulptur-Olafur-Eliasson.jpg\" data-elementor-open-lightbox=\"yes\" data-elementor-lightbox-title=\"Skulptur-Olafur-Eliasson\" data-elementor-lightbox-description=\"Skulptur-Olafur-Eliasson\" data-e-action-hash=\"#elementor-action%3Aaction%3Dlightbox%26settings%3DeyJpZCI6MzgyNSwidXJsIjoiaHR0cHM6XC9cL3d3dy5qYW5uaW5nLXBpY2tlci5kZVwvd3AtY29udGVudFwvdXBsb2Fkc1wvMjAyNVwvMDVcL1NrdWxwdHVyLU9sYWZ1ci1FbGlhc3Nvbi5qcGcifQ%3D%3D\">\n\t\t\t\t\t\t\t<img decoding=\"async\" width=\"768\" height=\"512\" src=\"https:\/\/www.janning-picker.de\/wp-content\/uploads\/2025\/05\/Skulptur-Olafur-Eliasson-768x512.jpg\" class=\"attachment-medium_large size-medium_large wp-image-3825\" alt=\"Skulptur-Olafur-Eliasson\" srcset=\"https:\/\/www.janning-picker.de\/wp-content\/uploads\/2025\/05\/Skulptur-Olafur-Eliasson-768x512.jpg 768w, https:\/\/www.janning-picker.de\/wp-content\/uploads\/2025\/05\/Skulptur-Olafur-Eliasson-300x200.jpg 300w, https:\/\/www.janning-picker.de\/wp-content\/uploads\/2025\/05\/Skulptur-Olafur-Eliasson-1024x683.jpg 1024w, https:\/\/www.janning-picker.de\/wp-content\/uploads\/2025\/05\/Skulptur-Olafur-Eliasson-1536x1024.jpg 1536w, https:\/\/www.janning-picker.de\/wp-content\/uploads\/2025\/05\/Skulptur-Olafur-Eliasson-2048x1366.jpg 2048w\" sizes=\"(max-width: 768px) 100vw, 768px\" \/>\t\t\t\t\t\t\t\t<\/a>\n\t\t\t\t\t\t\t\t\t\t\t\t\t\t\t<\/div>\n\t\t\t\t<\/div>\n\t\t\t\t<\/div>\n\t\t\t\t\t<\/div>\n\t\t\t\t<\/div>\n\t\t<div class=\"elementor-element elementor-element-559a687 e-flex e-con-boxed e-con e-parent\" data-id=\"559a687\" data-element_type=\"container\">\n\t\t\t\t\t<div class=\"e-con-inner\">\n\t\t<div class=\"elementor-element elementor-element-c8a52e7 e-con-full e-flex e-con e-child\" data-id=\"c8a52e7\" data-element_type=\"container\">\n\t\t\t\t<div class=\"elementor-element elementor-element-ad1848a elementor-widget elementor-widget-image\" data-id=\"ad1848a\" data-element_type=\"widget\" data-widget_type=\"image.default\">\n\t\t\t\t<div class=\"elementor-widget-container\">\n\t\t\t\t\t\t\t\t\t\t\t\t\t\t\t\t<a href=\"https:\/\/www.janning-picker.de\/wp-content\/uploads\/2025\/05\/Flakbunker-Feldbunker-Feldstrasse-Dachgarten-Sonnenuntergang-Die-Roten-Doppeldecker.jpg\" data-elementor-open-lightbox=\"yes\" data-elementor-lightbox-title=\"Flakbunker-Feldbunker-Feldstrasse-Dachgarten-Sonnenuntergang-Die-Roten-Doppeldecker\" data-elementor-lightbox-description=\"Flakbunker-Feldbunker-Feldstrasse-Dachgarten-Sonnenuntergang-Die-Roten-Doppeldecker\" data-e-action-hash=\"#elementor-action%3Aaction%3Dlightbox%26settings%3DeyJpZCI6NDI3MSwidXJsIjoiaHR0cHM6XC9cL3d3dy5qYW5uaW5nLXBpY2tlci5kZVwvd3AtY29udGVudFwvdXBsb2Fkc1wvMjAyNVwvMDVcL0ZsYWtidW5rZXItRmVsZGJ1bmtlci1GZWxkc3RyYXNzZS1EYWNoZ2FydGVuLVNvbm5lbnVudGVyZ2FuZy1EaWUtUm90ZW4tRG9wcGVsZGVja2VyLmpwZyJ9\">\n\t\t\t\t\t\t\t<img decoding=\"async\" width=\"768\" height=\"587\" src=\"https:\/\/www.janning-picker.de\/wp-content\/uploads\/2025\/05\/Flakbunker-Feldbunker-Feldstrasse-Dachgarten-Sonnenuntergang-Die-Roten-Doppeldecker-768x587.jpg\" class=\"attachment-medium_large size-medium_large wp-image-4271\" alt=\"Flakbunker-Feldbunker-Feldstrasse-Dachgarten-Sonnenuntergang-Die-Roten-Doppeldecker\" srcset=\"https:\/\/www.janning-picker.de\/wp-content\/uploads\/2025\/05\/Flakbunker-Feldbunker-Feldstrasse-Dachgarten-Sonnenuntergang-Die-Roten-Doppeldecker-768x587.jpg 768w, https:\/\/www.janning-picker.de\/wp-content\/uploads\/2025\/05\/Flakbunker-Feldbunker-Feldstrasse-Dachgarten-Sonnenuntergang-Die-Roten-Doppeldecker-300x229.jpg 300w, https:\/\/www.janning-picker.de\/wp-content\/uploads\/2025\/05\/Flakbunker-Feldbunker-Feldstrasse-Dachgarten-Sonnenuntergang-Die-Roten-Doppeldecker-1024x783.jpg 1024w, https:\/\/www.janning-picker.de\/wp-content\/uploads\/2025\/05\/Flakbunker-Feldbunker-Feldstrasse-Dachgarten-Sonnenuntergang-Die-Roten-Doppeldecker.jpg 1200w\" sizes=\"(max-width: 768px) 100vw, 768px\" \/>\t\t\t\t\t\t\t\t<\/a>\n\t\t\t\t\t\t\t\t\t\t\t\t\t\t\t<\/div>\n\t\t\t\t<\/div>\n\t\t\t\t<\/div>\n\t\t<div class=\"elementor-element elementor-element-a7e14c1 e-con-full e-flex e-con e-child\" data-id=\"a7e14c1\" data-element_type=\"container\">\n\t\t\t\t<div class=\"elementor-element elementor-element-d6d4360 elementor-widget elementor-widget-text-editor\" data-id=\"d6d4360\" data-element_type=\"widget\" data-widget_type=\"text-editor.default\">\n\t\t\t\t<div class=\"elementor-widget-container\">\n\t\t\t\t\t\t\t\t\t<p>La ruta contin\u00faa pasando por monumentos conmemorativos de la Primera y la Segunda Guerras Mundiales, que hoy incorporamos a nuestra educaci\u00f3n como elemento disuasorio. Terminamos nuestro recorrido en una instalaci\u00f3n de defensa y protecci\u00f3n del siglo XX: el b\u00fanker FLAK casi completo m\u00e1s grande de Europa de la Segunda Guerra Mundial. Estaba destinado a proporcionar protecci\u00f3n a 18.000 personas, al tiempo que proporcionaba defensa antia\u00e9rea. Un edificio que representa como ning\u00fan otro la disuasi\u00f3n y la defensa en la Segunda Guerra Mundial.   <\/p>\t\t\t\t\t\t\t\t<\/div>\n\t\t\t\t<\/div>\n\t\t\t\t<\/div>\n\t\t\t\t\t<\/div>\n\t\t\t\t<\/div>\n\t\t<div class=\"elementor-element elementor-element-fa1674f e-flex e-con-boxed e-con e-parent\" data-id=\"fa1674f\" data-element_type=\"container\">\n\t\t\t\t\t<div class=\"e-con-inner\">\n\t\t<div class=\"elementor-element elementor-element-924348b e-con-full e-flex e-con e-child\" data-id=\"924348b\" data-element_type=\"container\">\n\t\t\t\t<div class=\"elementor-element elementor-element-af8260f elementor-widget elementor-widget-heading\" data-id=\"af8260f\" data-element_type=\"widget\" data-widget_type=\"heading.default\">\n\t\t\t\t<div class=\"elementor-widget-container\">\n\t\t\t\t\t<h2 class=\"elementor-heading-title elementor-size-default\">Breve informaci\u00f3n<\/h2>\t\t\t\t<\/div>\n\t\t\t\t<\/div>\n\t\t\t\t<div class=\"elementor-element elementor-element-2a15729 elementor-widget elementor-widget-text-editor\" data-id=\"2a15729\" data-element_type=\"widget\" data-widget_type=\"text-editor.default\">\n\t\t\t\t<div class=\"elementor-widget-container\">\n\t\t\t\t\t\t\t\t\t<div class=\"infobox\"><p><strong>Puntos destacados:<\/strong><br>Castillo hist\u00f3rico de Hammaburgo<br>Muro de Alter<br>Bunker de Hamburgo<\/p><p><strong>Distancia, duraci\u00f3n aproximada:<\/strong><br>aprox. 4 km, aprox. 4 horas<\/p><p><strong>Punto de partida:<\/strong><br><a href=\"https:\/\/maps.app.goo.gl\/2tUe7nQTWWzD9TtK7\" target=\"_blank\" rel=\"noopener\">Hammaburg-Platz<\/a>, bajo los \u00e1rboles de la Domstra\u00dfe, 20095 Hamburgo<\/p><p><strong>Punto final:<\/strong><br><a href=\"https:\/\/maps.app.goo.gl\/KSSZXao2NHevdJ8f8\" target=\"_blank\" rel=\"noopener\">Hamburg Bunker<\/a>, Feldstra\u00dfe 66, 20359<\/p><p><strong>C\u00f3mo desplazarse:<\/strong><br>a pie<\/p><p><strong>Nota:<\/strong><br>Por supuesto, este recorrido tambi\u00e9n puede personalizarse (acortarse o ampliarse) seg\u00fan tus deseos. No dudes en <a href=\"https:\/\/janning-picker.de\/kontakt\/\" target=\"_blank\" rel=\"noopener\">ponerte en contacto<\/a> conmigo. Por ejemplo, podr\u00edamos a\u00f1adir una visita al b\u00fanker (aprox. una hora)<br>Distancia: aprox. 4 km<br>Libre de barreras f\u00edsicas (Atenci\u00f3n: para llegar al jard\u00edn de la azotea del b\u00fanker, hay que subir unos escalones. Un ascensor lleva al nivel 0 (antiguo tejado).   <\/p><\/div>\t\t\t\t\t\t\t\t<\/div>\n\t\t\t\t<\/div>\n\t\t\t\t<\/div>\n\t\t\t\t\t<\/div>\n\t\t\t\t<\/div>\n\t\t<div class=\"elementor-element elementor-element-3557539 e-flex e-con-boxed e-con e-parent\" data-id=\"3557539\" data-element_type=\"container\">\n\t\t\t\t\t<div class=\"e-con-inner\">\n\t\t\t\t<div class=\"elementor-element elementor-element-24aff12 elementor-widget elementor-widget-spacer\" data-id=\"24aff12\" data-element_type=\"widget\" data-widget_type=\"spacer.default\">\n\t\t\t\t<div class=\"elementor-widget-container\">\n\t\t\t\t\t\t\t<div class=\"elementor-spacer\">\n\t\t\t<div class=\"elementor-spacer-inner\"><\/div>\n\t\t<\/div>\n\t\t\t\t\t\t<\/div>\n\t\t\t\t<\/div>\n\t\t\t\t\t<\/div>\n\t\t\t\t<\/div>\n\t\t\t\t<\/div>\n\t\t","protected":false},"excerpt":{"rendered":"<p>Disuasi\u00f3n y defensa en Hamburgo Comenzamos en la Hammaburg-Platz, la antigua Hammaburg del siglo VIII, y descubrimos c\u00f3mo eran las [&hellip;]<\/p>\n","protected":false},"author":3,"featured_media":3808,"parent":0,"menu_order":0,"comment_status":"closed","ping_status":"closed","template":"","meta":{"site-sidebar-layout":"no-sidebar","site-content-layout":"","ast-site-content-layout":"full-width-container","site-content-style":"default","site-sidebar-style":"default","ast-global-header-display":"","ast-banner-title-visibility":"","ast-main-header-display":"","ast-hfb-above-header-display":"","ast-hfb-below-header-display":"","ast-hfb-mobile-header-display":"","site-post-title":"disabled","ast-breadcrumbs-content":"","ast-featured-img":"disabled","footer-sml-layout":"","theme-transparent-header-meta":"","adv-header-id-meta":"","stick-header-meta":"","header-above-stick-meta":"","header-main-stick-meta":"","header-below-stick-meta":"","astra-migrate-meta-layouts":"default","ast-page-background-enabled":"default","ast-page-background-meta":{"desktop":{"background-color":"var(--ast-global-color-5)","background-image":"","background-repeat":"repeat","background-position":"center center","background-size":"auto","background-attachment":"scroll","background-type":"","background-media":"","overlay-type":"","overlay-color":"","overlay-opacity":"","overlay-gradient":""},"tablet":{"background-color":"","background-image":"","background-repeat":"repeat","background-position":"center center","background-size":"auto","background-attachment":"scroll","background-type":"","background-media":"","overlay-type":"","overlay-color":"","overlay-opacity":"","overlay-gradient":""},"mobile":{"background-color":"","background-image":"","background-repeat":"repeat","background-position":"center center","background-size":"auto","background-attachment":"scroll","background-type":"","background-media":"","overlay-type":"","overlay-color":"","overlay-opacity":"","overlay-gradient":""}},"ast-content-background-meta":{"desktop":{"background-color":"var(--ast-global-color-4)","background-image":"","background-repeat":"repeat","background-position":"center center","background-size":"auto","background-attachment":"scroll","background-type":"","background-media":"","overlay-type":"","overlay-color":"","overlay-opacity":"","overlay-gradient":""},"tablet":{"background-color":"var(--ast-global-color-4)","background-image":"","background-repeat":"repeat","background-position":"center center","background-size":"auto","background-attachment":"scroll","background-type":"","background-media":"","overlay-type":"","overlay-color":"","overlay-opacity":"","overlay-gradient":""},"mobile":{"background-color":"var(--ast-global-color-4)","background-image":"","background-repeat":"repeat","background-position":"center center","background-size":"auto","background-attachment":"scroll","background-type":"","background-media":"","overlay-type":"","overlay-color":"","overlay-opacity":"","overlay-gradient":""}},"footnotes":""},"class_list":["post-3865","page","type-page","status-publish","has-post-thumbnail","hentry"],"yoast_head":"<!-- This site is optimized with the Yoast SEO plugin v27.5 - https:\/\/yoast.com\/product\/yoast-seo-wordpress\/ -->\n<title>Disuasi\u00f3n y defensa en Hamburgo - Sarah Janning-Picker<\/title>\n<meta name=\"robots\" content=\"index, follow, max-snippet:-1, max-image-preview:large, max-video-preview:-1\" \/>\n<link rel=\"canonical\" href=\"https:\/\/www.janning-picker.de\/es\/disuasion-y-defensa-en-hamburgo\/\" \/>\n<meta property=\"og:locale\" content=\"es_ES\" \/>\n<meta property=\"og:type\" content=\"article\" \/>\n<meta property=\"og:title\" content=\"Disuasi\u00f3n y defensa en Hamburgo - Sarah Janning-Picker\" \/>\n<meta property=\"og:description\" content=\"Disuasi\u00f3n y defensa en Hamburgo Comenzamos en la Hammaburg-Platz, la antigua Hammaburg del siglo VIII, y descubrimos c\u00f3mo eran las [&hellip;]\" \/>\n<meta property=\"og:url\" content=\"https:\/\/www.janning-picker.de\/es\/disuasion-y-defensa-en-hamburgo\/\" \/>\n<meta property=\"og:site_name\" content=\"Sarah Janning-Picker\" \/>\n<meta property=\"article:modified_time\" content=\"2025-05-27T08:00:08+00:00\" \/>\n<meta property=\"og:image\" content=\"https:\/\/www.janning-picker.de\/wp-content\/uploads\/2025\/05\/Flakbunker-Umbau.jpg\" \/>\n\t<meta property=\"og:image:width\" content=\"2560\" \/>\n\t<meta property=\"og:image:height\" content=\"1710\" \/>\n\t<meta property=\"og:image:type\" content=\"image\/jpeg\" \/>\n<meta name=\"twitter:card\" content=\"summary_large_image\" \/>\n<meta name=\"twitter:label1\" content=\"Tiempo de lectura\" \/>\n\t<meta name=\"twitter:data1\" content=\"2 minutos\" \/>\n<script type=\"application\/ld+json\" class=\"yoast-schema-graph\">{\"@context\":\"https:\\\/\\\/schema.org\",\"@graph\":[{\"@type\":\"WebPage\",\"@id\":\"https:\\\/\\\/www.janning-picker.de\\\/es\\\/disuasion-y-defensa-en-hamburgo\\\/\",\"url\":\"https:\\\/\\\/www.janning-picker.de\\\/es\\\/disuasion-y-defensa-en-hamburgo\\\/\",\"name\":\"Disuasi\u00f3n y defensa en Hamburgo - Sarah Janning-Picker\",\"isPartOf\":{\"@id\":\"https:\\\/\\\/www.janning-picker.de\\\/es\\\/#website\"},\"primaryImageOfPage\":{\"@id\":\"https:\\\/\\\/www.janning-picker.de\\\/es\\\/disuasion-y-defensa-en-hamburgo\\\/#primaryimage\"},\"image\":{\"@id\":\"https:\\\/\\\/www.janning-picker.de\\\/es\\\/disuasion-y-defensa-en-hamburgo\\\/#primaryimage\"},\"thumbnailUrl\":\"https:\\\/\\\/www.janning-picker.de\\\/wp-content\\\/uploads\\\/2025\\\/05\\\/Flakbunker-Umbau.jpg\",\"datePublished\":\"2025-05-21T08:44:10+00:00\",\"dateModified\":\"2025-05-27T08:00:08+00:00\",\"breadcrumb\":{\"@id\":\"https:\\\/\\\/www.janning-picker.de\\\/es\\\/disuasion-y-defensa-en-hamburgo\\\/#breadcrumb\"},\"inLanguage\":\"es\",\"potentialAction\":[{\"@type\":\"ReadAction\",\"target\":[\"https:\\\/\\\/www.janning-picker.de\\\/es\\\/disuasion-y-defensa-en-hamburgo\\\/\"]}]},{\"@type\":\"ImageObject\",\"inLanguage\":\"es\",\"@id\":\"https:\\\/\\\/www.janning-picker.de\\\/es\\\/disuasion-y-defensa-en-hamburgo\\\/#primaryimage\",\"url\":\"https:\\\/\\\/www.janning-picker.de\\\/wp-content\\\/uploads\\\/2025\\\/05\\\/Flakbunker-Umbau.jpg\",\"contentUrl\":\"https:\\\/\\\/www.janning-picker.de\\\/wp-content\\\/uploads\\\/2025\\\/05\\\/Flakbunker-Umbau.jpg\",\"width\":2560,\"height\":1710,\"caption\":\"Flakbunker-Umbau\"},{\"@type\":\"BreadcrumbList\",\"@id\":\"https:\\\/\\\/www.janning-picker.de\\\/es\\\/disuasion-y-defensa-en-hamburgo\\\/#breadcrumb\",\"itemListElement\":[{\"@type\":\"ListItem\",\"position\":1,\"name\":\"Startseite\",\"item\":\"https:\\\/\\\/www.janning-picker.de\\\/es\\\/\"},{\"@type\":\"ListItem\",\"position\":2,\"name\":\"Disuasi\u00f3n y defensa en Hamburgo\"}]},{\"@type\":\"WebSite\",\"@id\":\"https:\\\/\\\/www.janning-picker.de\\\/es\\\/#website\",\"url\":\"https:\\\/\\\/www.janning-picker.de\\\/es\\\/\",\"name\":\"Sarah Janning-Picker\",\"description\":\"Mit der Welt im Gespr\u00e4ch\",\"publisher\":{\"@id\":\"https:\\\/\\\/www.janning-picker.de\\\/es\\\/#organization\"},\"potentialAction\":[{\"@type\":\"SearchAction\",\"target\":{\"@type\":\"EntryPoint\",\"urlTemplate\":\"https:\\\/\\\/www.janning-picker.de\\\/es\\\/?s={search_term_string}\"},\"query-input\":{\"@type\":\"PropertyValueSpecification\",\"valueRequired\":true,\"valueName\":\"search_term_string\"}}],\"inLanguage\":\"es\"},{\"@type\":\"Organization\",\"@id\":\"https:\\\/\\\/www.janning-picker.de\\\/es\\\/#organization\",\"name\":\"Sarah Janning-Picker\",\"url\":\"https:\\\/\\\/www.janning-picker.de\\\/es\\\/\",\"logo\":{\"@type\":\"ImageObject\",\"inLanguage\":\"es\",\"@id\":\"https:\\\/\\\/www.janning-picker.de\\\/es\\\/#\\\/schema\\\/logo\\\/image\\\/\",\"url\":\"https:\\\/\\\/www.janning-picker.de\\\/wp-content\\\/uploads\\\/2025\\\/05\\\/logo.jpg\",\"contentUrl\":\"https:\\\/\\\/www.janning-picker.de\\\/wp-content\\\/uploads\\\/2025\\\/05\\\/logo.jpg\",\"width\":454,\"height\":69,\"caption\":\"Sarah Janning-Picker\"},\"image\":{\"@id\":\"https:\\\/\\\/www.janning-picker.de\\\/es\\\/#\\\/schema\\\/logo\\\/image\\\/\"}}]}<\/script>\n<!-- \/ Yoast SEO plugin. -->","yoast_head_json":{"title":"Disuasi\u00f3n y defensa en Hamburgo - Sarah Janning-Picker","robots":{"index":"index","follow":"follow","max-snippet":"max-snippet:-1","max-image-preview":"max-image-preview:large","max-video-preview":"max-video-preview:-1"},"canonical":"https:\/\/www.janning-picker.de\/es\/disuasion-y-defensa-en-hamburgo\/","og_locale":"es_ES","og_type":"article","og_title":"Disuasi\u00f3n y defensa en Hamburgo - Sarah Janning-Picker","og_description":"Disuasi\u00f3n y defensa en Hamburgo Comenzamos en la Hammaburg-Platz, la antigua Hammaburg del siglo VIII, y descubrimos c\u00f3mo eran las [&hellip;]","og_url":"https:\/\/www.janning-picker.de\/es\/disuasion-y-defensa-en-hamburgo\/","og_site_name":"Sarah Janning-Picker","article_modified_time":"2025-05-27T08:00:08+00:00","og_image":[{"width":2560,"height":1710,"url":"https:\/\/www.janning-picker.de\/wp-content\/uploads\/2025\/05\/Flakbunker-Umbau.jpg","type":"image\/jpeg"}],"twitter_card":"summary_large_image","twitter_misc":{"Tiempo de lectura":"2 minutos"},"schema":{"@context":"https:\/\/schema.org","@graph":[{"@type":"WebPage","@id":"https:\/\/www.janning-picker.de\/es\/disuasion-y-defensa-en-hamburgo\/","url":"https:\/\/www.janning-picker.de\/es\/disuasion-y-defensa-en-hamburgo\/","name":"Disuasi\u00f3n y defensa en Hamburgo - Sarah Janning-Picker","isPartOf":{"@id":"https:\/\/www.janning-picker.de\/es\/#website"},"primaryImageOfPage":{"@id":"https:\/\/www.janning-picker.de\/es\/disuasion-y-defensa-en-hamburgo\/#primaryimage"},"image":{"@id":"https:\/\/www.janning-picker.de\/es\/disuasion-y-defensa-en-hamburgo\/#primaryimage"},"thumbnailUrl":"https:\/\/www.janning-picker.de\/wp-content\/uploads\/2025\/05\/Flakbunker-Umbau.jpg","datePublished":"2025-05-21T08:44:10+00:00","dateModified":"2025-05-27T08:00:08+00:00","breadcrumb":{"@id":"https:\/\/www.janning-picker.de\/es\/disuasion-y-defensa-en-hamburgo\/#breadcrumb"},"inLanguage":"es","potentialAction":[{"@type":"ReadAction","target":["https:\/\/www.janning-picker.de\/es\/disuasion-y-defensa-en-hamburgo\/"]}]},{"@type":"ImageObject","inLanguage":"es","@id":"https:\/\/www.janning-picker.de\/es\/disuasion-y-defensa-en-hamburgo\/#primaryimage","url":"https:\/\/www.janning-picker.de\/wp-content\/uploads\/2025\/05\/Flakbunker-Umbau.jpg","contentUrl":"https:\/\/www.janning-picker.de\/wp-content\/uploads\/2025\/05\/Flakbunker-Umbau.jpg","width":2560,"height":1710,"caption":"Flakbunker-Umbau"},{"@type":"BreadcrumbList","@id":"https:\/\/www.janning-picker.de\/es\/disuasion-y-defensa-en-hamburgo\/#breadcrumb","itemListElement":[{"@type":"ListItem","position":1,"name":"Startseite","item":"https:\/\/www.janning-picker.de\/es\/"},{"@type":"ListItem","position":2,"name":"Disuasi\u00f3n y defensa en Hamburgo"}]},{"@type":"WebSite","@id":"https:\/\/www.janning-picker.de\/es\/#website","url":"https:\/\/www.janning-picker.de\/es\/","name":"Sarah Janning-Picker","description":"Mit der Welt im Gespr\u00e4ch","publisher":{"@id":"https:\/\/www.janning-picker.de\/es\/#organization"},"potentialAction":[{"@type":"SearchAction","target":{"@type":"EntryPoint","urlTemplate":"https:\/\/www.janning-picker.de\/es\/?s={search_term_string}"},"query-input":{"@type":"PropertyValueSpecification","valueRequired":true,"valueName":"search_term_string"}}],"inLanguage":"es"},{"@type":"Organization","@id":"https:\/\/www.janning-picker.de\/es\/#organization","name":"Sarah Janning-Picker","url":"https:\/\/www.janning-picker.de\/es\/","logo":{"@type":"ImageObject","inLanguage":"es","@id":"https:\/\/www.janning-picker.de\/es\/#\/schema\/logo\/image\/","url":"https:\/\/www.janning-picker.de\/wp-content\/uploads\/2025\/05\/logo.jpg","contentUrl":"https:\/\/www.janning-picker.de\/wp-content\/uploads\/2025\/05\/logo.jpg","width":454,"height":69,"caption":"Sarah Janning-Picker"},"image":{"@id":"https:\/\/www.janning-picker.de\/es\/#\/schema\/logo\/image\/"}}]}},"_links":{"self":[{"href":"https:\/\/www.janning-picker.de\/es\/wp-json\/wp\/v2\/pages\/3865","targetHints":{"allow":["GET"]}}],"collection":[{"href":"https:\/\/www.janning-picker.de\/es\/wp-json\/wp\/v2\/pages"}],"about":[{"href":"https:\/\/www.janning-picker.de\/es\/wp-json\/wp\/v2\/types\/page"}],"author":[{"embeddable":true,"href":"https:\/\/www.janning-picker.de\/es\/wp-json\/wp\/v2\/users\/3"}],"replies":[{"embeddable":true,"href":"https:\/\/www.janning-picker.de\/es\/wp-json\/wp\/v2\/comments?post=3865"}],"version-history":[{"count":3,"href":"https:\/\/www.janning-picker.de\/es\/wp-json\/wp\/v2\/pages\/3865\/revisions"}],"predecessor-version":[{"id":4277,"href":"https:\/\/www.janning-picker.de\/es\/wp-json\/wp\/v2\/pages\/3865\/revisions\/4277"}],"wp:featuredmedia":[{"embeddable":true,"href":"https:\/\/www.janning-picker.de\/es\/wp-json\/wp\/v2\/media\/3808"}],"wp:attachment":[{"href":"https:\/\/www.janning-picker.de\/es\/wp-json\/wp\/v2\/media?parent=3865"}],"curies":[{"name":"wp","href":"https:\/\/api.w.org\/{rel}","templated":true}]}}