{"id":4055,"date":"2025-05-21T11:01:50","date_gmt":"2025-05-21T09:01:50","guid":{"rendered":"https:\/\/www.janning-picker.de\/visita-online-music-city-hamburgo-parte-1\/"},"modified":"2025-05-27T10:50:26","modified_gmt":"2025-05-27T08:50:26","slug":"visita-online-music-city-hamburgo-parte-1","status":"publish","type":"page","link":"https:\/\/www.janning-picker.de\/es\/visita-online-music-city-hamburgo-parte-1\/","title":{"rendered":"Visita ONLINE &#8211; Music City Hamburgo &#8211; Parte 1"},"content":{"rendered":"\t\t<div data-elementor-type=\"wp-page\" data-elementor-id=\"4055\" class=\"elementor elementor-4055 elementor-3797\" data-elementor-post-type=\"page\">\n\t\t\t\t<div class=\"elementor-element elementor-element-05c3bc9 e-flex e-con-boxed e-con e-parent\" data-id=\"05c3bc9\" data-element_type=\"container\">\n\t\t\t\t\t<div class=\"e-con-inner\">\n\t\t<div class=\"elementor-element elementor-element-b4a86ac e-con-full e-flex e-con e-child\" data-id=\"b4a86ac\" data-element_type=\"container\" data-settings=\"{&quot;background_background&quot;:&quot;classic&quot;}\">\n\t\t\t\t<div class=\"elementor-element elementor-element-3ae1e9a elementor-widget elementor-widget-heading\" data-id=\"3ae1e9a\" data-element_type=\"widget\" data-widget_type=\"heading.default\">\n\t\t\t\t<div class=\"elementor-widget-container\">\n\t\t\t\t\t<h1 class=\"elementor-heading-title elementor-size-default\">Visita ONLINE - Music City Hamburgo - Parte 1<\/h1>\t\t\t\t<\/div>\n\t\t\t\t<\/div>\n\t\t\t\t<\/div>\n\t\t\t\t\t<\/div>\n\t\t\t\t<\/div>\n\t\t<div class=\"elementor-element elementor-element-2a465765 e-flex e-con-boxed e-con e-parent\" data-id=\"2a465765\" data-element_type=\"container\">\n\t\t\t\t\t<div class=\"e-con-inner\">\n\t\t<div class=\"elementor-element elementor-element-46563e62 e-con-full e-flex e-con e-child\" data-id=\"46563e62\" data-element_type=\"container\">\n\t\t\t\t<div class=\"elementor-element elementor-element-54cf9c87 elementor-widget elementor-widget-heading\" data-id=\"54cf9c87\" data-element_type=\"widget\" data-widget_type=\"heading.default\">\n\t\t\t\t<div class=\"elementor-widget-container\">\n\t\t\t\t\t<h2 class=\"elementor-heading-title elementor-size-default\">M\u00fasica en lugar de Hamburgo - \u00a1Musikstadt Hamburg! <\/h2>\t\t\t\t<\/div>\n\t\t\t\t<\/div>\n\t\t\t\t<\/div>\n\t\t\t\t\t<\/div>\n\t\t\t\t<\/div>\n\t\t<div class=\"elementor-element elementor-element-200e90d8 e-flex e-con-boxed e-con e-parent\" data-id=\"200e90d8\" data-element_type=\"container\">\n\t\t\t\t\t<div class=\"e-con-inner\">\n\t\t<div class=\"elementor-element elementor-element-42ba7f7b e-con-full e-flex e-con e-child\" data-id=\"42ba7f7b\" data-element_type=\"container\">\n\t\t\t\t<div class=\"elementor-element elementor-element-6cfc6a6 elementor-widget elementor-widget-image\" data-id=\"6cfc6a6\" data-element_type=\"widget\" data-widget_type=\"image.default\">\n\t\t\t\t<div class=\"elementor-widget-container\">\n\t\t\t\t\t\t\t\t\t\t\t\t\t\t\t<img fetchpriority=\"high\" decoding=\"async\" width=\"900\" height=\"590\" src=\"https:\/\/www.janning-picker.de\/wp-content\/uploads\/2025\/05\/Laeiszhalle-Organ.jpg\" class=\"attachment-large size-large wp-image-4062\" alt=\"\" srcset=\"https:\/\/www.janning-picker.de\/wp-content\/uploads\/2025\/05\/Laeiszhalle-Organ.jpg 900w, https:\/\/www.janning-picker.de\/wp-content\/uploads\/2025\/05\/Laeiszhalle-Organ-300x197.jpg 300w, https:\/\/www.janning-picker.de\/wp-content\/uploads\/2025\/05\/Laeiszhalle-Organ-768x503.jpg 768w\" sizes=\"(max-width: 900px) 100vw, 900px\" \/>\t\t\t\t\t\t\t\t\t\t\t\t\t\t\t<\/div>\n\t\t\t\t<\/div>\n\t\t\t\t<\/div>\n\t\t<div class=\"elementor-element elementor-element-3ab4e4d5 e-con-full e-flex e-con e-child\" data-id=\"3ab4e4d5\" data-element_type=\"container\">\n\t\t\t\t<div class=\"elementor-element elementor-element-3a83283a elementor-widget elementor-widget-heading\" data-id=\"3a83283a\" data-element_type=\"widget\" data-widget_type=\"heading.default\">\n\t\t\t\t<div class=\"elementor-widget-container\">\n\t\t\t\t\t<h3 class=\"elementor-heading-title elementor-size-default\">Aqu\u00ed es donde suena la m\u00fasica: \u00a1en Hamburgo!<\/h3>\t\t\t\t<\/div>\n\t\t\t\t<\/div>\n\t\t\t\t<div class=\"elementor-element elementor-element-67e48dbd elementor-widget elementor-widget-text-editor\" data-id=\"67e48dbd\" data-element_type=\"widget\" data-widget_type=\"text-editor.default\">\n\t\t\t\t<div class=\"elementor-widget-container\">\n\t\t\t\t\t\t\t\t\t<p>\u00bfQu\u00e9 compositores famosos trabajaron en Hamburgo? \u00bfC\u00f3mo viv\u00edan y en qu\u00e9 pensaban? Seguiremos virtualmente los pasos de la ciudad de la m\u00fasica y visitaremos lugares importantes de la historia musical de Hamburgo mediante un viaje visual y muestras de audio. Relacionaremos la extensa historia musical de Hamburgo con los teatros que a\u00fan existen hoy en d\u00eda.   <\/p>\t\t\t\t\t\t\t\t<\/div>\n\t\t\t\t<\/div>\n\t\t\t\t<\/div>\n\t\t\t\t\t<\/div>\n\t\t\t\t<\/div>\n\t\t<div class=\"elementor-element elementor-element-faa8807 e-flex e-con-boxed e-con e-parent\" data-id=\"faa8807\" data-element_type=\"container\">\n\t\t\t\t\t<div class=\"e-con-inner\">\n\t\t<div class=\"elementor-element elementor-element-1fd0c71a e-con-full e-flex e-con e-child\" data-id=\"1fd0c71a\" data-element_type=\"container\">\n\t\t\t\t<div class=\"elementor-element elementor-element-31242bb2 elementor-widget elementor-widget-heading\" data-id=\"31242bb2\" data-element_type=\"widget\" data-widget_type=\"heading.default\">\n\t\t\t\t<div class=\"elementor-widget-container\">\n\t\t\t\t\t<h3 class=\"elementor-heading-title elementor-size-default\">Programa<\/h3>\t\t\t\t<\/div>\n\t\t\t\t<\/div>\n\t\t\t\t<div class=\"elementor-element elementor-element-697bf565 elementor-widget elementor-widget-text-editor\" data-id=\"697bf565\" data-element_type=\"widget\" data-widget_type=\"text-editor.default\">\n\t\t\t\t<div class=\"elementor-widget-container\">\n\t\t\t\t\t\t\t\t\t<p>La primera parte de nuestro recorrido online por la ciudad de la m\u00fasica comienza en el coraz\u00f3n de Hamburgo. Aqu\u00ed es donde comenz\u00f3 no s\u00f3lo la historia de la ciudad, sino tambi\u00e9n la historia de la m\u00fasica. Las iglesias principales de San Pedro y San Jacobo fueron uno de los escenarios musicales m\u00e1s importantes de la ciudad. A continuaci\u00f3n, exploraremos la \u201cciudad nueva\u201d de Hamburgo, con la \u00d3pera Estatal, la Laeiszhalle, la Lichtwarksaal y el barrio de los compositores, donde termina la primera parte de la visita en l\u00ednea.   <\/p>\t\t\t\t\t\t\t\t<\/div>\n\t\t\t\t<\/div>\n\t\t\t\t<\/div>\n\t\t\t\t\t<\/div>\n\t\t\t\t<\/div>\n\t\t<div class=\"elementor-element elementor-element-3b0d6e6c e-flex e-con-boxed e-con e-parent\" data-id=\"3b0d6e6c\" data-element_type=\"container\">\n\t\t\t\t\t<div class=\"e-con-inner\">\n\t\t<div class=\"elementor-element elementor-element-7e4d4489 e-con-full e-flex e-con e-child\" data-id=\"7e4d4489\" data-element_type=\"container\">\n\t\t\t\t<div class=\"elementor-element elementor-element-2998ea3e elementor-widget elementor-widget-heading\" data-id=\"2998ea3e\" data-element_type=\"widget\" data-widget_type=\"heading.default\">\n\t\t\t\t<div class=\"elementor-widget-container\">\n\t\t\t\t\t<h3 class=\"elementor-heading-title elementor-size-default\">Para<\/h3>\t\t\t\t<\/div>\n\t\t\t\t<\/div>\n\t\t\t\t<div class=\"elementor-element elementor-element-e3e6959 elementor-widget elementor-widget-text-editor\" data-id=\"e3e6959\" data-element_type=\"widget\" data-widget_type=\"text-editor.default\">\n\t\t\t\t<div class=\"elementor-widget-container\">\n\t\t\t\t\t\t\t\t\t<p>Los interesados en la historia de la m\u00fasica<br>Los que quieran explorar Hamburgo fuera de los caminos trillados<\/p>\t\t\t\t\t\t\t\t<\/div>\n\t\t\t\t<\/div>\n\t\t\t\t<\/div>\n\t\t\t\t\t<\/div>\n\t\t\t\t<\/div>\n\t\t<div class=\"elementor-element elementor-element-e97a9c4 e-flex e-con-boxed e-con e-parent\" data-id=\"e97a9c4\" data-element_type=\"container\">\n\t\t\t\t\t<div class=\"e-con-inner\">\n\t\t<div class=\"elementor-element elementor-element-51358cd e-con-full e-flex e-con e-child\" data-id=\"51358cd\" data-element_type=\"container\">\n\t\t\t\t<div class=\"elementor-element elementor-element-9ee5763 elementor-widget elementor-widget-heading\" data-id=\"9ee5763\" data-element_type=\"widget\" data-widget_type=\"heading.default\">\n\t\t\t\t<div class=\"elementor-widget-container\">\n\t\t\t\t\t<h3 class=\"elementor-heading-title elementor-size-default\">Observaciones<\/h3>\t\t\t\t<\/div>\n\t\t\t\t<\/div>\n\t\t\t\t<div class=\"elementor-element elementor-element-deb427b elementor-widget elementor-widget-text-editor\" data-id=\"deb427b\" data-element_type=\"widget\" data-widget_type=\"text-editor.default\">\n\t\t\t\t<div class=\"elementor-widget-container\">\n\t\t\t\t\t\t\t\t\t<p>Esta visita guiada en l\u00ednea se realiza mediante el software de videoconferencia Zoom. NO ES NECESARIO REGISTRARSE NI INSTALAR EL SOFTWARE. Tras el segundo rechazo de la descarga, aparecer\u00e1 la opci\u00f3n de participar a trav\u00e9s del navegador. Si tienes alg\u00fan problema, estar\u00e9 encantada de ayudarte una hora antes del comienzo del acto.<br>Me gusta organizar mis visitas guiadas en l\u00ednea de forma interactiva, igual que mis visitas guiadas \u201cnormales\u201d. Por tanto, me encantar\u00eda que participaras, preferiblemente con un ordenador\/port\u00e1til y auriculares\/altavoces, un micr\u00f3fono y una c\u00e1mara que funcionen. Siempre puedes hacer preguntas o comentarios.     <\/p>\t\t\t\t\t\t\t\t<\/div>\n\t\t\t\t<\/div>\n\t\t\t\t<\/div>\n\t\t\t\t\t<\/div>\n\t\t\t\t<\/div>\n\t\t<div class=\"elementor-element elementor-element-319083f e-flex e-con-boxed e-con e-parent\" data-id=\"319083f\" data-element_type=\"container\">\n\t\t\t\t\t<div class=\"e-con-inner\">\n\t\t<div class=\"elementor-element elementor-element-1f033f1 e-con-full e-flex e-con e-child\" data-id=\"1f033f1\" data-element_type=\"container\">\n\t\t\t\t<div class=\"elementor-element elementor-element-b303bd6 elementor-widget elementor-widget-heading\" data-id=\"b303bd6\" data-element_type=\"widget\" data-widget_type=\"heading.default\">\n\t\t\t\t<div class=\"elementor-widget-container\">\n\t\t\t\t\t<h3 class=\"elementor-heading-title elementor-size-default\">Fechas<\/h3>\t\t\t\t<\/div>\n\t\t\t\t<\/div>\n\t\t\t\t<div class=\"elementor-element elementor-element-1c90f4e elementor-widget elementor-widget-text-editor\" data-id=\"1c90f4e\" data-element_type=\"widget\" data-widget_type=\"text-editor.default\">\n\t\t\t\t<div class=\"elementor-widget-container\">\n\t\t\t\t\t\t\t\t\t<p>Esta excursi\u00f3n puede reservarse individualmente para una persona o para un grupo\/familia, y me esforzar\u00e9 por cumplir tu fecha preferida.<\/p>\t\t\t\t\t\t\t\t<\/div>\n\t\t\t\t<\/div>\n\t\t\t\t<\/div>\n\t\t\t\t\t<\/div>\n\t\t\t\t<\/div>\n\t\t<div class=\"elementor-element elementor-element-19ccf7c e-flex e-con-boxed e-con e-parent\" data-id=\"19ccf7c\" data-element_type=\"container\">\n\t\t\t\t\t<div class=\"e-con-inner\">\n\t\t\t\t<div class=\"elementor-element elementor-element-56094549 elementor-widget elementor-widget-spacer\" data-id=\"56094549\" data-element_type=\"widget\" data-widget_type=\"spacer.default\">\n\t\t\t\t<div class=\"elementor-widget-container\">\n\t\t\t\t\t\t\t<div class=\"elementor-spacer\">\n\t\t\t<div class=\"elementor-spacer-inner\"><\/div>\n\t\t<\/div>\n\t\t\t\t\t\t<\/div>\n\t\t\t\t<\/div>\n\t\t\t\t\t<\/div>\n\t\t\t\t<\/div>\n\t\t\t\t<\/div>\n\t\t","protected":false},"excerpt":{"rendered":"<p>Visita ONLINE &#8211; Music City Hamburgo &#8211; Parte 1 M\u00fasica en lugar de Hamburgo &#8211; \u00a1Musikstadt Hamburg! Aqu\u00ed es donde [&hellip;]<\/p>\n","protected":false},"author":3,"featured_media":4062,"parent":0,"menu_order":0,"comment_status":"closed","ping_status":"closed","template":"","meta":{"site-sidebar-layout":"no-sidebar","site-content-layout":"","ast-site-content-layout":"full-width-container","site-content-style":"default","site-sidebar-style":"default","ast-global-header-display":"","ast-banner-title-visibility":"","ast-main-header-display":"","ast-hfb-above-header-display":"","ast-hfb-below-header-display":"","ast-hfb-mobile-header-display":"","site-post-title":"disabled","ast-breadcrumbs-content":"","ast-featured-img":"disabled","footer-sml-layout":"","theme-transparent-header-meta":"","adv-header-id-meta":"","stick-header-meta":"","header-above-stick-meta":"","header-main-stick-meta":"","header-below-stick-meta":"","astra-migrate-meta-layouts":"default","ast-page-background-enabled":"default","ast-page-background-meta":{"desktop":{"background-color":"var(--ast-global-color-5)","background-image":"","background-repeat":"repeat","background-position":"center center","background-size":"auto","background-attachment":"scroll","background-type":"","background-media":"","overlay-type":"","overlay-color":"","overlay-opacity":"","overlay-gradient":""},"tablet":{"background-color":"","background-image":"","background-repeat":"repeat","background-position":"center center","background-size":"auto","background-attachment":"scroll","background-type":"","background-media":"","overlay-type":"","overlay-color":"","overlay-opacity":"","overlay-gradient":""},"mobile":{"background-color":"","background-image":"","background-repeat":"repeat","background-position":"center center","background-size":"auto","background-attachment":"scroll","background-type":"","background-media":"","overlay-type":"","overlay-color":"","overlay-opacity":"","overlay-gradient":""}},"ast-content-background-meta":{"desktop":{"background-color":"var(--ast-global-color-4)","background-image":"","background-repeat":"repeat","background-position":"center center","background-size":"auto","background-attachment":"scroll","background-type":"","background-media":"","overlay-type":"","overlay-color":"","overlay-opacity":"","overlay-gradient":""},"tablet":{"background-color":"var(--ast-global-color-4)","background-image":"","background-repeat":"repeat","background-position":"center center","background-size":"auto","background-attachment":"scroll","background-type":"","background-media":"","overlay-type":"","overlay-color":"","overlay-opacity":"","overlay-gradient":""},"mobile":{"background-color":"var(--ast-global-color-4)","background-image":"","background-repeat":"repeat","background-position":"center center","background-size":"auto","background-attachment":"scroll","background-type":"","background-media":"","overlay-type":"","overlay-color":"","overlay-opacity":"","overlay-gradient":""}},"footnotes":""},"class_list":["post-4055","page","type-page","status-publish","has-post-thumbnail","hentry"],"yoast_head":"<!-- This site is optimized with the Yoast SEO plugin v27.5 - https:\/\/yoast.com\/product\/yoast-seo-wordpress\/ -->\n<title>Visita ONLINE - Music City Hamburgo - Parte 1 - Sarah Janning-Picker<\/title>\n<meta name=\"robots\" content=\"index, follow, max-snippet:-1, max-image-preview:large, max-video-preview:-1\" \/>\n<link rel=\"canonical\" href=\"https:\/\/www.janning-picker.de\/es\/visita-online-music-city-hamburgo-parte-1\/\" \/>\n<meta property=\"og:locale\" content=\"es_ES\" \/>\n<meta property=\"og:type\" content=\"article\" \/>\n<meta property=\"og:title\" content=\"Visita ONLINE - Music City Hamburgo - Parte 1 - Sarah Janning-Picker\" \/>\n<meta property=\"og:description\" content=\"Visita ONLINE &#8211; Music City Hamburgo &#8211; Parte 1 M\u00fasica en lugar de Hamburgo &#8211; \u00a1Musikstadt Hamburg! Aqu\u00ed es donde [&hellip;]\" \/>\n<meta property=\"og:url\" content=\"https:\/\/www.janning-picker.de\/es\/visita-online-music-city-hamburgo-parte-1\/\" \/>\n<meta property=\"og:site_name\" content=\"Sarah Janning-Picker\" \/>\n<meta property=\"article:modified_time\" content=\"2025-05-27T08:50:26+00:00\" \/>\n<meta property=\"og:image\" content=\"https:\/\/www.janning-picker.de\/wp-content\/uploads\/2025\/05\/Laeiszhalle-Organ.jpg\" \/>\n\t<meta property=\"og:image:width\" content=\"900\" \/>\n\t<meta property=\"og:image:height\" content=\"590\" \/>\n\t<meta property=\"og:image:type\" content=\"image\/jpeg\" \/>\n<meta name=\"twitter:card\" content=\"summary_large_image\" \/>\n<meta name=\"twitter:label1\" content=\"Tiempo de lectura\" \/>\n\t<meta name=\"twitter:data1\" content=\"2 minutos\" \/>\n<script type=\"application\/ld+json\" class=\"yoast-schema-graph\">{\"@context\":\"https:\\\/\\\/schema.org\",\"@graph\":[{\"@type\":\"WebPage\",\"@id\":\"https:\\\/\\\/www.janning-picker.de\\\/es\\\/visita-online-music-city-hamburgo-parte-1\\\/\",\"url\":\"https:\\\/\\\/www.janning-picker.de\\\/es\\\/visita-online-music-city-hamburgo-parte-1\\\/\",\"name\":\"Visita ONLINE - Music City Hamburgo - Parte 1 - Sarah Janning-Picker\",\"isPartOf\":{\"@id\":\"https:\\\/\\\/www.janning-picker.de\\\/es\\\/#website\"},\"primaryImageOfPage\":{\"@id\":\"https:\\\/\\\/www.janning-picker.de\\\/es\\\/visita-online-music-city-hamburgo-parte-1\\\/#primaryimage\"},\"image\":{\"@id\":\"https:\\\/\\\/www.janning-picker.de\\\/es\\\/visita-online-music-city-hamburgo-parte-1\\\/#primaryimage\"},\"thumbnailUrl\":\"https:\\\/\\\/www.janning-picker.de\\\/wp-content\\\/uploads\\\/2025\\\/05\\\/Laeiszhalle-Organ.jpg\",\"datePublished\":\"2025-05-21T09:01:50+00:00\",\"dateModified\":\"2025-05-27T08:50:26+00:00\",\"breadcrumb\":{\"@id\":\"https:\\\/\\\/www.janning-picker.de\\\/es\\\/visita-online-music-city-hamburgo-parte-1\\\/#breadcrumb\"},\"inLanguage\":\"es\",\"potentialAction\":[{\"@type\":\"ReadAction\",\"target\":[\"https:\\\/\\\/www.janning-picker.de\\\/es\\\/visita-online-music-city-hamburgo-parte-1\\\/\"]}]},{\"@type\":\"ImageObject\",\"inLanguage\":\"es\",\"@id\":\"https:\\\/\\\/www.janning-picker.de\\\/es\\\/visita-online-music-city-hamburgo-parte-1\\\/#primaryimage\",\"url\":\"https:\\\/\\\/www.janning-picker.de\\\/wp-content\\\/uploads\\\/2025\\\/05\\\/Laeiszhalle-Organ.jpg\",\"contentUrl\":\"https:\\\/\\\/www.janning-picker.de\\\/wp-content\\\/uploads\\\/2025\\\/05\\\/Laeiszhalle-Organ.jpg\",\"width\":900,\"height\":590},{\"@type\":\"BreadcrumbList\",\"@id\":\"https:\\\/\\\/www.janning-picker.de\\\/es\\\/visita-online-music-city-hamburgo-parte-1\\\/#breadcrumb\",\"itemListElement\":[{\"@type\":\"ListItem\",\"position\":1,\"name\":\"Startseite\",\"item\":\"https:\\\/\\\/www.janning-picker.de\\\/es\\\/\"},{\"@type\":\"ListItem\",\"position\":2,\"name\":\"Visita ONLINE &#8211; Music City Hamburgo &#8211; Parte 1\"}]},{\"@type\":\"WebSite\",\"@id\":\"https:\\\/\\\/www.janning-picker.de\\\/es\\\/#website\",\"url\":\"https:\\\/\\\/www.janning-picker.de\\\/es\\\/\",\"name\":\"Sarah Janning-Picker\",\"description\":\"Mit der Welt im Gespr\u00e4ch\",\"publisher\":{\"@id\":\"https:\\\/\\\/www.janning-picker.de\\\/es\\\/#organization\"},\"potentialAction\":[{\"@type\":\"SearchAction\",\"target\":{\"@type\":\"EntryPoint\",\"urlTemplate\":\"https:\\\/\\\/www.janning-picker.de\\\/es\\\/?s={search_term_string}\"},\"query-input\":{\"@type\":\"PropertyValueSpecification\",\"valueRequired\":true,\"valueName\":\"search_term_string\"}}],\"inLanguage\":\"es\"},{\"@type\":\"Organization\",\"@id\":\"https:\\\/\\\/www.janning-picker.de\\\/es\\\/#organization\",\"name\":\"Sarah Janning-Picker\",\"url\":\"https:\\\/\\\/www.janning-picker.de\\\/es\\\/\",\"logo\":{\"@type\":\"ImageObject\",\"inLanguage\":\"es\",\"@id\":\"https:\\\/\\\/www.janning-picker.de\\\/es\\\/#\\\/schema\\\/logo\\\/image\\\/\",\"url\":\"https:\\\/\\\/www.janning-picker.de\\\/wp-content\\\/uploads\\\/2025\\\/05\\\/logo.jpg\",\"contentUrl\":\"https:\\\/\\\/www.janning-picker.de\\\/wp-content\\\/uploads\\\/2025\\\/05\\\/logo.jpg\",\"width\":454,\"height\":69,\"caption\":\"Sarah Janning-Picker\"},\"image\":{\"@id\":\"https:\\\/\\\/www.janning-picker.de\\\/es\\\/#\\\/schema\\\/logo\\\/image\\\/\"}}]}<\/script>\n<!-- \/ Yoast SEO plugin. -->","yoast_head_json":{"title":"Visita ONLINE - Music City Hamburgo - Parte 1 - Sarah Janning-Picker","robots":{"index":"index","follow":"follow","max-snippet":"max-snippet:-1","max-image-preview":"max-image-preview:large","max-video-preview":"max-video-preview:-1"},"canonical":"https:\/\/www.janning-picker.de\/es\/visita-online-music-city-hamburgo-parte-1\/","og_locale":"es_ES","og_type":"article","og_title":"Visita ONLINE - Music City Hamburgo - Parte 1 - Sarah Janning-Picker","og_description":"Visita ONLINE &#8211; Music City Hamburgo &#8211; Parte 1 M\u00fasica en lugar de Hamburgo &#8211; \u00a1Musikstadt Hamburg! Aqu\u00ed es donde [&hellip;]","og_url":"https:\/\/www.janning-picker.de\/es\/visita-online-music-city-hamburgo-parte-1\/","og_site_name":"Sarah Janning-Picker","article_modified_time":"2025-05-27T08:50:26+00:00","og_image":[{"width":900,"height":590,"url":"https:\/\/www.janning-picker.de\/wp-content\/uploads\/2025\/05\/Laeiszhalle-Organ.jpg","type":"image\/jpeg"}],"twitter_card":"summary_large_image","twitter_misc":{"Tiempo de lectura":"2 minutos"},"schema":{"@context":"https:\/\/schema.org","@graph":[{"@type":"WebPage","@id":"https:\/\/www.janning-picker.de\/es\/visita-online-music-city-hamburgo-parte-1\/","url":"https:\/\/www.janning-picker.de\/es\/visita-online-music-city-hamburgo-parte-1\/","name":"Visita ONLINE - Music City Hamburgo - Parte 1 - Sarah Janning-Picker","isPartOf":{"@id":"https:\/\/www.janning-picker.de\/es\/#website"},"primaryImageOfPage":{"@id":"https:\/\/www.janning-picker.de\/es\/visita-online-music-city-hamburgo-parte-1\/#primaryimage"},"image":{"@id":"https:\/\/www.janning-picker.de\/es\/visita-online-music-city-hamburgo-parte-1\/#primaryimage"},"thumbnailUrl":"https:\/\/www.janning-picker.de\/wp-content\/uploads\/2025\/05\/Laeiszhalle-Organ.jpg","datePublished":"2025-05-21T09:01:50+00:00","dateModified":"2025-05-27T08:50:26+00:00","breadcrumb":{"@id":"https:\/\/www.janning-picker.de\/es\/visita-online-music-city-hamburgo-parte-1\/#breadcrumb"},"inLanguage":"es","potentialAction":[{"@type":"ReadAction","target":["https:\/\/www.janning-picker.de\/es\/visita-online-music-city-hamburgo-parte-1\/"]}]},{"@type":"ImageObject","inLanguage":"es","@id":"https:\/\/www.janning-picker.de\/es\/visita-online-music-city-hamburgo-parte-1\/#primaryimage","url":"https:\/\/www.janning-picker.de\/wp-content\/uploads\/2025\/05\/Laeiszhalle-Organ.jpg","contentUrl":"https:\/\/www.janning-picker.de\/wp-content\/uploads\/2025\/05\/Laeiszhalle-Organ.jpg","width":900,"height":590},{"@type":"BreadcrumbList","@id":"https:\/\/www.janning-picker.de\/es\/visita-online-music-city-hamburgo-parte-1\/#breadcrumb","itemListElement":[{"@type":"ListItem","position":1,"name":"Startseite","item":"https:\/\/www.janning-picker.de\/es\/"},{"@type":"ListItem","position":2,"name":"Visita ONLINE &#8211; Music City Hamburgo &#8211; Parte 1"}]},{"@type":"WebSite","@id":"https:\/\/www.janning-picker.de\/es\/#website","url":"https:\/\/www.janning-picker.de\/es\/","name":"Sarah Janning-Picker","description":"Mit der Welt im Gespr\u00e4ch","publisher":{"@id":"https:\/\/www.janning-picker.de\/es\/#organization"},"potentialAction":[{"@type":"SearchAction","target":{"@type":"EntryPoint","urlTemplate":"https:\/\/www.janning-picker.de\/es\/?s={search_term_string}"},"query-input":{"@type":"PropertyValueSpecification","valueRequired":true,"valueName":"search_term_string"}}],"inLanguage":"es"},{"@type":"Organization","@id":"https:\/\/www.janning-picker.de\/es\/#organization","name":"Sarah Janning-Picker","url":"https:\/\/www.janning-picker.de\/es\/","logo":{"@type":"ImageObject","inLanguage":"es","@id":"https:\/\/www.janning-picker.de\/es\/#\/schema\/logo\/image\/","url":"https:\/\/www.janning-picker.de\/wp-content\/uploads\/2025\/05\/logo.jpg","contentUrl":"https:\/\/www.janning-picker.de\/wp-content\/uploads\/2025\/05\/logo.jpg","width":454,"height":69,"caption":"Sarah Janning-Picker"},"image":{"@id":"https:\/\/www.janning-picker.de\/es\/#\/schema\/logo\/image\/"}}]}},"_links":{"self":[{"href":"https:\/\/www.janning-picker.de\/es\/wp-json\/wp\/v2\/pages\/4055","targetHints":{"allow":["GET"]}}],"collection":[{"href":"https:\/\/www.janning-picker.de\/es\/wp-json\/wp\/v2\/pages"}],"about":[{"href":"https:\/\/www.janning-picker.de\/es\/wp-json\/wp\/v2\/types\/page"}],"author":[{"embeddable":true,"href":"https:\/\/www.janning-picker.de\/es\/wp-json\/wp\/v2\/users\/3"}],"replies":[{"embeddable":true,"href":"https:\/\/www.janning-picker.de\/es\/wp-json\/wp\/v2\/comments?post=4055"}],"version-history":[{"count":8,"href":"https:\/\/www.janning-picker.de\/es\/wp-json\/wp\/v2\/pages\/4055\/revisions"}],"predecessor-version":[{"id":4314,"href":"https:\/\/www.janning-picker.de\/es\/wp-json\/wp\/v2\/pages\/4055\/revisions\/4314"}],"wp:featuredmedia":[{"embeddable":true,"href":"https:\/\/www.janning-picker.de\/es\/wp-json\/wp\/v2\/media\/4062"}],"wp:attachment":[{"href":"https:\/\/www.janning-picker.de\/es\/wp-json\/wp\/v2\/media?parent=4055"}],"curies":[{"name":"wp","href":"https:\/\/api.w.org\/{rel}","templated":true}]}}