{"id":5296,"date":"2025-06-24T11:24:44","date_gmt":"2025-06-24T09:24:44","guid":{"rendered":"https:\/\/www.janning-picker.de\/barrio-judio-de-hamburgo-grindel\/"},"modified":"2025-06-26T11:52:10","modified_gmt":"2025-06-26T09:52:10","slug":"barrio-judio-de-hamburgo-grindel","status":"publish","type":"page","link":"https:\/\/www.janning-picker.de\/es\/barrio-judio-de-hamburgo-grindel\/","title":{"rendered":"Barrio jud\u00edo de Hamburgo &#8211; Grindel"},"content":{"rendered":"\t\t<div data-elementor-type=\"wp-page\" data-elementor-id=\"5296\" class=\"elementor elementor-5296 elementor-4962\" data-elementor-post-type=\"page\">\n\t\t\t\t<div class=\"elementor-element elementor-element-5b268972 e-flex e-con-boxed e-con e-parent\" data-id=\"5b268972\" data-element_type=\"container\">\n\t\t\t\t\t<div class=\"e-con-inner\">\n\t\t<div class=\"elementor-element elementor-element-78106fbe e-con-full e-flex e-con e-child\" data-id=\"78106fbe\" data-element_type=\"container\" data-settings=\"{&quot;background_background&quot;:&quot;classic&quot;}\">\n\t\t\t\t<div class=\"elementor-element elementor-element-f52ed88 elementor-widget elementor-widget-heading\" data-id=\"f52ed88\" data-element_type=\"widget\" data-widget_type=\"heading.default\">\n\t\t\t\t<div class=\"elementor-widget-container\">\n\t\t\t\t\t<h1 class=\"elementor-heading-title elementor-size-default\">Barrio jud\u00edo de Hamburgo - Grindel<\/h1>\t\t\t\t<\/div>\n\t\t\t\t<\/div>\n\t\t\t\t<\/div>\n\t\t\t\t\t<\/div>\n\t\t\t\t<\/div>\n\t\t<div class=\"elementor-element elementor-element-67153e33 e-flex e-con-boxed e-con e-parent\" data-id=\"67153e33\" data-element_type=\"container\">\n\t\t\t\t\t<div class=\"e-con-inner\">\n\t\t<div class=\"elementor-element elementor-element-76760a88 e-con-full e-flex e-con e-child\" data-id=\"76760a88\" data-element_type=\"container\">\n\t\t\t\t<div class=\"elementor-element elementor-element-59df0c34 elementor-widget elementor-widget-image\" data-id=\"59df0c34\" data-element_type=\"widget\" data-widget_type=\"image.default\">\n\t\t\t\t<div class=\"elementor-widget-container\">\n\t\t\t\t\t\t\t\t\t\t\t\t\t\t\t\t<a href=\"https:\/\/www.janning-picker.de\/wp-content\/uploads\/2025\/06\/Curio-Haus-1.jpg\" data-elementor-open-lightbox=\"yes\" data-elementor-lightbox-title=\"OLYMPUS DIGITAL CAMERA\" data-elementor-lightbox-description=\"Curio Haus\" data-e-action-hash=\"#elementor-action%3Aaction%3Dlightbox%26settings%3DeyJpZCI6NTExMywidXJsIjoiaHR0cHM6XC9cL3d3dy5qYW5uaW5nLXBpY2tlci5kZVwvd3AtY29udGVudFwvdXBsb2Fkc1wvMjAyNVwvMDZcL0N1cmlvLUhhdXMtMS5qcGcifQ%3D%3D\">\n\t\t\t\t\t\t\t<img fetchpriority=\"high\" decoding=\"async\" width=\"768\" height=\"513\" src=\"https:\/\/www.janning-picker.de\/wp-content\/uploads\/2025\/06\/Curio-Haus-1-768x513.jpg\" class=\"attachment-medium_large size-medium_large wp-image-5113\" alt=\"Curio Haus\" srcset=\"https:\/\/www.janning-picker.de\/wp-content\/uploads\/2025\/06\/Curio-Haus-1-768x513.jpg 768w, https:\/\/www.janning-picker.de\/wp-content\/uploads\/2025\/06\/Curio-Haus-1-300x201.jpg 300w, https:\/\/www.janning-picker.de\/wp-content\/uploads\/2025\/06\/Curio-Haus-1-1024x684.jpg 1024w, https:\/\/www.janning-picker.de\/wp-content\/uploads\/2025\/06\/Curio-Haus-1.jpg 1200w\" sizes=\"(max-width: 768px) 100vw, 768px\" \/>\t\t\t\t\t\t\t\t<\/a>\n\t\t\t\t\t\t\t\t\t\t\t\t\t\t\t<\/div>\n\t\t\t\t<\/div>\n\t\t\t\t<\/div>\n\t\t<div class=\"elementor-element elementor-element-3f560a29 e-con-full e-flex e-con e-child\" data-id=\"3f560a29\" data-element_type=\"container\">\n\t\t\t\t<div class=\"elementor-element elementor-element-25750ff elementor-widget elementor-widget-heading\" data-id=\"25750ff\" data-element_type=\"widget\" data-widget_type=\"heading.default\">\n\t\t\t\t<div class=\"elementor-widget-container\">\n\t\t\t\t\t<h3 class=\"elementor-heading-title elementor-size-default\">Visita guiada por la historia jud\u00eda de Hamburgo, Grindelviertel y P\u00f6seldorf<\/h3>\t\t\t\t<\/div>\n\t\t\t\t<\/div>\n\t\t\t\t<div class=\"elementor-element elementor-element-13903568 elementor-widget elementor-widget-text-editor\" data-id=\"13903568\" data-element_type=\"widget\" data-widget_type=\"text-editor.default\">\n\t\t\t\t<div class=\"elementor-widget-container\">\n\t\t\t\t\t\t\t\t\t<p>En esta visita guiada por el barrio Rotherbaum de Hamburgo, recordaremos la vida jud\u00eda en Hamburgo en el pasado y visitaremos muchos lugares donde vivieron y trabajaron importantes personalidades jud\u00edas. Comenzando en la <a href=\"https:\/\/de.wikipedia.org\/wiki\/Curiohaus\" target=\"_blank\" rel=\"noopener\">Curio House<\/a>, donde se celebraron los juicios a los oficiales de las SS tras la Segunda Guerra Mundial, atravesaremos el campus de la Universidad de Hamburgo hasta llegar al barrio de Grindel, donde a\u00fan hoy existe vida jud\u00eda. Pasando por el teatro Kammerspiele y por muchos callejones <a href=\"http:\/\/www.stolpersteine-hamburg.de\/\" target=\"_blank\" rel=\"noopener\">sin salida<\/a>, exploramos el barrio de P\u00f6seldorf con el Budge-Palais, actual <a href=\"https:\/\/www.hfmt-hamburg.de\/startseite\/\" target=\"_blank\" rel=\"noopener\">Hochschule f\u00fcr Musik und Theater<\/a>, en la segunda mitad de la visita a la ciudad de Hamburgo. Justo al lado se encuentra la Villa Beit, a la que tambi\u00e9n merece la pena echar un vistazo.   <\/p>\t\t\t\t\t\t\t\t<\/div>\n\t\t\t\t<\/div>\n\t\t\t\t<\/div>\n\t\t\t\t\t<\/div>\n\t\t\t\t<\/div>\n\t\t<div class=\"elementor-element elementor-element-3db1f7c5 e-flex e-con-boxed e-con e-parent\" data-id=\"3db1f7c5\" data-element_type=\"container\">\n\t\t\t\t\t<div class=\"e-con-inner\">\n\t\t<div class=\"elementor-element elementor-element-5479954c e-con-full e-flex e-con e-child\" data-id=\"5479954c\" data-element_type=\"container\">\n\t\t\t\t<div class=\"elementor-element elementor-element-2c906d2e elementor-widget elementor-widget-text-editor\" data-id=\"2c906d2e\" data-element_type=\"widget\" data-widget_type=\"text-editor.default\">\n\t\t\t\t<div class=\"elementor-widget-container\">\n\t\t\t\t\t\t\t\t\t<p>Paseamos un rato a lo largo del Alster y dejamos que nuestra mirada se pierda en el hermoso Alster exterior. Como <a href=\"https:\/\/janning-picker.de\/ueber-mich\/\" target=\"_blank\" rel=\"noopener\">gu\u00eda tur\u00edstico cualificado en Hamburgo<\/a>, no s\u00f3lo le mostrar\u00e9 los lugares m\u00e1s obvios, sino que tambi\u00e9n le llevar\u00e9 a rincones y grietas que s\u00f3lo resultan evidentes a segunda o tercera vista. \u00bfO se ha fijado alguna vez en el mural del campus universitario? \u00bfSabe d\u00f3nde y para qui\u00e9n se coloc\u00f3 el primer Stolperstein de Hamburgo? Acomp\u00e1\u00f1eme, \u00a1estoy deseando conocerle! Por supuesto, cada visita puede variar y personalizarse. P\u00f3ngase en contacto <a href=\"https:\/\/www.janning-picker.de\/es\/contacta-con-nosotros\/\" target=\"_blank\" rel=\"noopener\">conmigo <\/a>.     <\/p>\t\t\t\t\t\t\t\t<\/div>\n\t\t\t\t<\/div>\n\t\t\t\t<\/div>\n\t\t<div class=\"elementor-element elementor-element-7956acfc e-con-full e-flex e-con e-child\" data-id=\"7956acfc\" data-element_type=\"container\">\n\t\t\t\t<div class=\"elementor-element elementor-element-5a3ab051 elementor-widget elementor-widget-image\" data-id=\"5a3ab051\" data-element_type=\"widget\" data-widget_type=\"image.default\">\n\t\t\t\t<div class=\"elementor-widget-container\">\n\t\t\t\t\t\t\t\t\t\t\t\t\t\t\t\t<a href=\"https:\/\/www.janning-picker.de\/wp-content\/uploads\/2025\/06\/Stolperstein-Korbach.jpg\" data-elementor-open-lightbox=\"yes\" data-elementor-lightbox-title=\"OLYMPUS DIGITAL CAMERA\" data-elementor-lightbox-description=\"Stolperstein-Korbach\" data-e-action-hash=\"#elementor-action%3Aaction%3Dlightbox%26settings%3DeyJpZCI6NTEyMCwidXJsIjoiaHR0cHM6XC9cL3d3dy5qYW5uaW5nLXBpY2tlci5kZVwvd3AtY29udGVudFwvdXBsb2Fkc1wvMjAyNVwvMDZcL1N0b2xwZXJzdGVpbi1Lb3JiYWNoLmpwZyJ9\">\n\t\t\t\t\t\t\t<img decoding=\"async\" width=\"768\" height=\"513\" src=\"https:\/\/www.janning-picker.de\/wp-content\/uploads\/2025\/06\/Stolperstein-Korbach-768x513.jpg\" class=\"attachment-medium_large size-medium_large wp-image-5120\" alt=\"Stolperstein-Korbach\" srcset=\"https:\/\/www.janning-picker.de\/wp-content\/uploads\/2025\/06\/Stolperstein-Korbach-768x513.jpg 768w, https:\/\/www.janning-picker.de\/wp-content\/uploads\/2025\/06\/Stolperstein-Korbach-300x201.jpg 300w, https:\/\/www.janning-picker.de\/wp-content\/uploads\/2025\/06\/Stolperstein-Korbach-1024x684.jpg 1024w, https:\/\/www.janning-picker.de\/wp-content\/uploads\/2025\/06\/Stolperstein-Korbach.jpg 1200w\" sizes=\"(max-width: 768px) 100vw, 768px\" \/>\t\t\t\t\t\t\t\t<\/a>\n\t\t\t\t\t\t\t\t\t\t\t\t\t\t\t<\/div>\n\t\t\t\t<\/div>\n\t\t\t\t<\/div>\n\t\t\t\t\t<\/div>\n\t\t\t\t<\/div>\n\t\t<div class=\"elementor-element elementor-element-35abef9a e-flex e-con-boxed e-con e-parent\" data-id=\"35abef9a\" data-element_type=\"container\">\n\t\t\t\t\t<div class=\"e-con-inner\">\n\t\t<div class=\"elementor-element elementor-element-3be9a3ab e-con-full e-flex e-con e-child\" data-id=\"3be9a3ab\" data-element_type=\"container\">\n\t\t\t\t<div class=\"elementor-element elementor-element-73155b57 elementor-widget elementor-widget-heading\" data-id=\"73155b57\" data-element_type=\"widget\" data-widget_type=\"heading.default\">\n\t\t\t\t<div class=\"elementor-widget-container\">\n\t\t\t\t\t<h2 class=\"elementor-heading-title elementor-size-default\">Breve informaci\u00f3n<\/h2>\t\t\t\t<\/div>\n\t\t\t\t<\/div>\n\t\t\t\t<\/div>\n\t\t\t\t\t<\/div>\n\t\t\t\t<\/div>\n\t\t<div class=\"elementor-element elementor-element-29bb925e e-flex e-con-boxed e-con e-parent\" data-id=\"29bb925e\" data-element_type=\"container\">\n\t\t\t\t\t<div class=\"e-con-inner\">\n\t\t<div class=\"elementor-element elementor-element-5be621b7 e-con-full e-flex e-con e-child\" data-id=\"5be621b7\" data-element_type=\"container\">\n\t\t\t\t<div class=\"elementor-element elementor-element-6916155f elementor-widget elementor-widget-image\" data-id=\"6916155f\" data-element_type=\"widget\" data-widget_type=\"image.default\">\n\t\t\t\t<div class=\"elementor-widget-container\">\n\t\t\t\t\t\t\t\t\t\t\t\t\t\t\t\t<a href=\"https:\/\/www.janning-picker.de\/wp-content\/uploads\/2025\/06\/Villa-Poeseldorf.jpg\" data-elementor-open-lightbox=\"yes\" data-elementor-lightbox-title=\"Villa-Poeseldorf\" data-elementor-lightbox-description=\"Villa-Poeseldorf\" data-e-action-hash=\"#elementor-action%3Aaction%3Dlightbox%26settings%3DeyJpZCI6NDk4NSwidXJsIjoiaHR0cHM6XC9cL3d3dy5qYW5uaW5nLXBpY2tlci5kZVwvd3AtY29udGVudFwvdXBsb2Fkc1wvMjAyNVwvMDZcL1ZpbGxhLVBvZXNlbGRvcmYuanBnIn0%3D\">\n\t\t\t\t\t\t\t<img decoding=\"async\" width=\"768\" height=\"513\" src=\"https:\/\/www.janning-picker.de\/wp-content\/uploads\/2025\/06\/Villa-Poeseldorf.jpg\" class=\"attachment-medium_large size-medium_large wp-image-4985\" alt=\"Villa-Poeseldorf\" srcset=\"https:\/\/www.janning-picker.de\/wp-content\/uploads\/2025\/06\/Villa-Poeseldorf.jpg 768w, https:\/\/www.janning-picker.de\/wp-content\/uploads\/2025\/06\/Villa-Poeseldorf-300x200.jpg 300w\" sizes=\"(max-width: 768px) 100vw, 768px\" \/>\t\t\t\t\t\t\t\t<\/a>\n\t\t\t\t\t\t\t\t\t\t\t\t\t\t\t<\/div>\n\t\t\t\t<\/div>\n\t\t\t\t<\/div>\n\t\t<div class=\"elementor-element elementor-element-54bbc826 e-con-full e-flex e-con e-child\" data-id=\"54bbc826\" data-element_type=\"container\">\n\t\t\t\t<div class=\"elementor-element elementor-element-3cdcbadf elementor-widget elementor-widget-text-editor\" data-id=\"3cdcbadf\" data-element_type=\"widget\" data-widget_type=\"text-editor.default\">\n\t\t\t\t<div class=\"elementor-widget-container\">\n\t\t\t\t\t\t\t\t\t<p><strong>Lugares de inter\u00e9s:<\/strong><br>Curio-Haus, Joseph-Carlebach-Platz, Kammerspiele Hamburg, Budge-Palais<\/p><p><strong>Distancia, duraci\u00f3n aproximada:<\/strong><br>aprox. 2,5 km, aprox. 2 horas<\/p><p><strong>Punto de partida:<\/strong><br>Curio-Haus, Rothenbaumchaussee 13, 20148 Hamburgo<\/p><p><strong>Punto final:<\/strong><br>Budgepalais, Harvestehuder Weg 12, 20148 Hamburgo<\/p><p><strong>C\u00f3mo desplazarse:<\/strong><br>a pie<\/p><p><strong>Nota:<\/strong><br>Por supuesto, esta excursi\u00f3n tambi\u00e9n puede adaptarse a sus deseos (acortarse o alargarse). Tambi\u00e9n podr\u00eda incluirse un almuerzo o una pausa para el caf\u00e9. Estar\u00e9 encantado de ayudarle.  <\/p>\t\t\t\t\t\t\t\t<\/div>\n\t\t\t\t<\/div>\n\t\t\t\t<\/div>\n\t\t\t\t\t<\/div>\n\t\t\t\t<\/div>\n\t\t<div class=\"elementor-element elementor-element-fc2d63 e-flex e-con-boxed e-con e-parent\" data-id=\"fc2d63\" data-element_type=\"container\">\n\t\t\t\t\t<div class=\"e-con-inner\">\n\t\t\t\t<div class=\"elementor-element elementor-element-86fba9 elementor-widget elementor-widget-spacer\" data-id=\"86fba9\" data-element_type=\"widget\" data-widget_type=\"spacer.default\">\n\t\t\t\t<div class=\"elementor-widget-container\">\n\t\t\t\t\t\t\t<div class=\"elementor-spacer\">\n\t\t\t<div class=\"elementor-spacer-inner\"><\/div>\n\t\t<\/div>\n\t\t\t\t\t\t<\/div>\n\t\t\t\t<\/div>\n\t\t\t\t\t<\/div>\n\t\t\t\t<\/div>\n\t\t\t\t<\/div>\n\t\t","protected":false},"excerpt":{"rendered":"<p>Barrio jud\u00edo de Hamburgo &#8211; Grindel Visita guiada por la historia jud\u00eda de Hamburgo, Grindelviertel y P\u00f6seldorf En esta visita [&hellip;]<\/p>\n","protected":false},"author":3,"featured_media":4985,"parent":0,"menu_order":0,"comment_status":"closed","ping_status":"closed","template":"","meta":{"site-sidebar-layout":"no-sidebar","site-content-layout":"","ast-site-content-layout":"full-width-container","site-content-style":"default","site-sidebar-style":"default","ast-global-header-display":"","ast-banner-title-visibility":"","ast-main-header-display":"","ast-hfb-above-header-display":"","ast-hfb-below-header-display":"","ast-hfb-mobile-header-display":"","site-post-title":"disabled","ast-breadcrumbs-content":"","ast-featured-img":"disabled","footer-sml-layout":"","theme-transparent-header-meta":"","adv-header-id-meta":"","stick-header-meta":"","header-above-stick-meta":"","header-main-stick-meta":"","header-below-stick-meta":"","astra-migrate-meta-layouts":"default","ast-page-background-enabled":"default","ast-page-background-meta":{"desktop":{"background-color":"var(--ast-global-color-5)","background-image":"","background-repeat":"repeat","background-position":"center center","background-size":"auto","background-attachment":"scroll","background-type":"","background-media":"","overlay-type":"","overlay-color":"","overlay-opacity":"","overlay-gradient":""},"tablet":{"background-color":"","background-image":"","background-repeat":"repeat","background-position":"center center","background-size":"auto","background-attachment":"scroll","background-type":"","background-media":"","overlay-type":"","overlay-color":"","overlay-opacity":"","overlay-gradient":""},"mobile":{"background-color":"","background-image":"","background-repeat":"repeat","background-position":"center center","background-size":"auto","background-attachment":"scroll","background-type":"","background-media":"","overlay-type":"","overlay-color":"","overlay-opacity":"","overlay-gradient":""}},"ast-content-background-meta":{"desktop":{"background-color":"var(--ast-global-color-4)","background-image":"","background-repeat":"repeat","background-position":"center center","background-size":"auto","background-attachment":"scroll","background-type":"","background-media":"","overlay-type":"","overlay-color":"","overlay-opacity":"","overlay-gradient":""},"tablet":{"background-color":"var(--ast-global-color-4)","background-image":"","background-repeat":"repeat","background-position":"center center","background-size":"auto","background-attachment":"scroll","background-type":"","background-media":"","overlay-type":"","overlay-color":"","overlay-opacity":"","overlay-gradient":""},"mobile":{"background-color":"var(--ast-global-color-4)","background-image":"","background-repeat":"repeat","background-position":"center center","background-size":"auto","background-attachment":"scroll","background-type":"","background-media":"","overlay-type":"","overlay-color":"","overlay-opacity":"","overlay-gradient":""}},"footnotes":""},"class_list":["post-5296","page","type-page","status-publish","has-post-thumbnail","hentry"],"yoast_head":"<!-- This site is optimized with the Yoast SEO plugin v27.5 - https:\/\/yoast.com\/product\/yoast-seo-wordpress\/ -->\n<title>Barrio jud\u00edo de Hamburgo - Grindel - Sarah Janning-Picker<\/title>\n<meta name=\"robots\" content=\"index, follow, max-snippet:-1, max-image-preview:large, max-video-preview:-1\" \/>\n<link rel=\"canonical\" href=\"https:\/\/www.janning-picker.de\/es\/barrio-judio-de-hamburgo-grindel\/\" \/>\n<meta property=\"og:locale\" content=\"es_ES\" \/>\n<meta property=\"og:type\" content=\"article\" \/>\n<meta property=\"og:title\" content=\"Barrio jud\u00edo de Hamburgo - Grindel - Sarah Janning-Picker\" \/>\n<meta property=\"og:description\" content=\"Barrio jud\u00edo de Hamburgo &#8211; Grindel Visita guiada por la historia jud\u00eda de Hamburgo, Grindelviertel y P\u00f6seldorf En esta visita [&hellip;]\" \/>\n<meta property=\"og:url\" content=\"https:\/\/www.janning-picker.de\/es\/barrio-judio-de-hamburgo-grindel\/\" \/>\n<meta property=\"og:site_name\" content=\"Sarah Janning-Picker\" \/>\n<meta property=\"article:modified_time\" content=\"2025-06-26T09:52:10+00:00\" \/>\n<meta property=\"og:image\" content=\"https:\/\/www.janning-picker.de\/wp-content\/uploads\/2025\/06\/Villa-Poeseldorf.jpg\" \/>\n\t<meta property=\"og:image:width\" content=\"768\" \/>\n\t<meta property=\"og:image:height\" content=\"513\" \/>\n\t<meta property=\"og:image:type\" content=\"image\/jpeg\" \/>\n<meta name=\"twitter:card\" content=\"summary_large_image\" \/>\n<meta name=\"twitter:label1\" content=\"Tiempo de lectura\" \/>\n\t<meta name=\"twitter:data1\" content=\"2 minutos\" \/>\n<script type=\"application\/ld+json\" class=\"yoast-schema-graph\">{\"@context\":\"https:\\\/\\\/schema.org\",\"@graph\":[{\"@type\":\"WebPage\",\"@id\":\"https:\\\/\\\/www.janning-picker.de\\\/es\\\/barrio-judio-de-hamburgo-grindel\\\/\",\"url\":\"https:\\\/\\\/www.janning-picker.de\\\/es\\\/barrio-judio-de-hamburgo-grindel\\\/\",\"name\":\"Barrio jud\u00edo de Hamburgo - Grindel - Sarah Janning-Picker\",\"isPartOf\":{\"@id\":\"https:\\\/\\\/www.janning-picker.de\\\/es\\\/#website\"},\"primaryImageOfPage\":{\"@id\":\"https:\\\/\\\/www.janning-picker.de\\\/es\\\/barrio-judio-de-hamburgo-grindel\\\/#primaryimage\"},\"image\":{\"@id\":\"https:\\\/\\\/www.janning-picker.de\\\/es\\\/barrio-judio-de-hamburgo-grindel\\\/#primaryimage\"},\"thumbnailUrl\":\"https:\\\/\\\/www.janning-picker.de\\\/wp-content\\\/uploads\\\/2025\\\/06\\\/Villa-Poeseldorf.jpg\",\"datePublished\":\"2025-06-24T09:24:44+00:00\",\"dateModified\":\"2025-06-26T09:52:10+00:00\",\"breadcrumb\":{\"@id\":\"https:\\\/\\\/www.janning-picker.de\\\/es\\\/barrio-judio-de-hamburgo-grindel\\\/#breadcrumb\"},\"inLanguage\":\"es\",\"potentialAction\":[{\"@type\":\"ReadAction\",\"target\":[\"https:\\\/\\\/www.janning-picker.de\\\/es\\\/barrio-judio-de-hamburgo-grindel\\\/\"]}]},{\"@type\":\"ImageObject\",\"inLanguage\":\"es\",\"@id\":\"https:\\\/\\\/www.janning-picker.de\\\/es\\\/barrio-judio-de-hamburgo-grindel\\\/#primaryimage\",\"url\":\"https:\\\/\\\/www.janning-picker.de\\\/wp-content\\\/uploads\\\/2025\\\/06\\\/Villa-Poeseldorf.jpg\",\"contentUrl\":\"https:\\\/\\\/www.janning-picker.de\\\/wp-content\\\/uploads\\\/2025\\\/06\\\/Villa-Poeseldorf.jpg\",\"width\":768,\"height\":513,\"caption\":\"Villa-Poeseldorf\"},{\"@type\":\"BreadcrumbList\",\"@id\":\"https:\\\/\\\/www.janning-picker.de\\\/es\\\/barrio-judio-de-hamburgo-grindel\\\/#breadcrumb\",\"itemListElement\":[{\"@type\":\"ListItem\",\"position\":1,\"name\":\"Startseite\",\"item\":\"https:\\\/\\\/www.janning-picker.de\\\/es\\\/\"},{\"@type\":\"ListItem\",\"position\":2,\"name\":\"Barrio jud\u00edo de Hamburgo &#8211; Grindel\"}]},{\"@type\":\"WebSite\",\"@id\":\"https:\\\/\\\/www.janning-picker.de\\\/es\\\/#website\",\"url\":\"https:\\\/\\\/www.janning-picker.de\\\/es\\\/\",\"name\":\"Sarah Janning-Picker\",\"description\":\"Mit der Welt im Gespr\u00e4ch\",\"publisher\":{\"@id\":\"https:\\\/\\\/www.janning-picker.de\\\/es\\\/#organization\"},\"potentialAction\":[{\"@type\":\"SearchAction\",\"target\":{\"@type\":\"EntryPoint\",\"urlTemplate\":\"https:\\\/\\\/www.janning-picker.de\\\/es\\\/?s={search_term_string}\"},\"query-input\":{\"@type\":\"PropertyValueSpecification\",\"valueRequired\":true,\"valueName\":\"search_term_string\"}}],\"inLanguage\":\"es\"},{\"@type\":\"Organization\",\"@id\":\"https:\\\/\\\/www.janning-picker.de\\\/es\\\/#organization\",\"name\":\"Sarah Janning-Picker\",\"url\":\"https:\\\/\\\/www.janning-picker.de\\\/es\\\/\",\"logo\":{\"@type\":\"ImageObject\",\"inLanguage\":\"es\",\"@id\":\"https:\\\/\\\/www.janning-picker.de\\\/es\\\/#\\\/schema\\\/logo\\\/image\\\/\",\"url\":\"https:\\\/\\\/www.janning-picker.de\\\/wp-content\\\/uploads\\\/2025\\\/05\\\/logo.jpg\",\"contentUrl\":\"https:\\\/\\\/www.janning-picker.de\\\/wp-content\\\/uploads\\\/2025\\\/05\\\/logo.jpg\",\"width\":454,\"height\":69,\"caption\":\"Sarah Janning-Picker\"},\"image\":{\"@id\":\"https:\\\/\\\/www.janning-picker.de\\\/es\\\/#\\\/schema\\\/logo\\\/image\\\/\"}}]}<\/script>\n<!-- \/ Yoast SEO plugin. -->","yoast_head_json":{"title":"Barrio jud\u00edo de Hamburgo - Grindel - Sarah Janning-Picker","robots":{"index":"index","follow":"follow","max-snippet":"max-snippet:-1","max-image-preview":"max-image-preview:large","max-video-preview":"max-video-preview:-1"},"canonical":"https:\/\/www.janning-picker.de\/es\/barrio-judio-de-hamburgo-grindel\/","og_locale":"es_ES","og_type":"article","og_title":"Barrio jud\u00edo de Hamburgo - Grindel - Sarah Janning-Picker","og_description":"Barrio jud\u00edo de Hamburgo &#8211; Grindel Visita guiada por la historia jud\u00eda de Hamburgo, Grindelviertel y P\u00f6seldorf En esta visita [&hellip;]","og_url":"https:\/\/www.janning-picker.de\/es\/barrio-judio-de-hamburgo-grindel\/","og_site_name":"Sarah Janning-Picker","article_modified_time":"2025-06-26T09:52:10+00:00","og_image":[{"width":768,"height":513,"url":"https:\/\/www.janning-picker.de\/wp-content\/uploads\/2025\/06\/Villa-Poeseldorf.jpg","type":"image\/jpeg"}],"twitter_card":"summary_large_image","twitter_misc":{"Tiempo de lectura":"2 minutos"},"schema":{"@context":"https:\/\/schema.org","@graph":[{"@type":"WebPage","@id":"https:\/\/www.janning-picker.de\/es\/barrio-judio-de-hamburgo-grindel\/","url":"https:\/\/www.janning-picker.de\/es\/barrio-judio-de-hamburgo-grindel\/","name":"Barrio jud\u00edo de Hamburgo - Grindel - Sarah Janning-Picker","isPartOf":{"@id":"https:\/\/www.janning-picker.de\/es\/#website"},"primaryImageOfPage":{"@id":"https:\/\/www.janning-picker.de\/es\/barrio-judio-de-hamburgo-grindel\/#primaryimage"},"image":{"@id":"https:\/\/www.janning-picker.de\/es\/barrio-judio-de-hamburgo-grindel\/#primaryimage"},"thumbnailUrl":"https:\/\/www.janning-picker.de\/wp-content\/uploads\/2025\/06\/Villa-Poeseldorf.jpg","datePublished":"2025-06-24T09:24:44+00:00","dateModified":"2025-06-26T09:52:10+00:00","breadcrumb":{"@id":"https:\/\/www.janning-picker.de\/es\/barrio-judio-de-hamburgo-grindel\/#breadcrumb"},"inLanguage":"es","potentialAction":[{"@type":"ReadAction","target":["https:\/\/www.janning-picker.de\/es\/barrio-judio-de-hamburgo-grindel\/"]}]},{"@type":"ImageObject","inLanguage":"es","@id":"https:\/\/www.janning-picker.de\/es\/barrio-judio-de-hamburgo-grindel\/#primaryimage","url":"https:\/\/www.janning-picker.de\/wp-content\/uploads\/2025\/06\/Villa-Poeseldorf.jpg","contentUrl":"https:\/\/www.janning-picker.de\/wp-content\/uploads\/2025\/06\/Villa-Poeseldorf.jpg","width":768,"height":513,"caption":"Villa-Poeseldorf"},{"@type":"BreadcrumbList","@id":"https:\/\/www.janning-picker.de\/es\/barrio-judio-de-hamburgo-grindel\/#breadcrumb","itemListElement":[{"@type":"ListItem","position":1,"name":"Startseite","item":"https:\/\/www.janning-picker.de\/es\/"},{"@type":"ListItem","position":2,"name":"Barrio jud\u00edo de Hamburgo &#8211; Grindel"}]},{"@type":"WebSite","@id":"https:\/\/www.janning-picker.de\/es\/#website","url":"https:\/\/www.janning-picker.de\/es\/","name":"Sarah Janning-Picker","description":"Mit der Welt im Gespr\u00e4ch","publisher":{"@id":"https:\/\/www.janning-picker.de\/es\/#organization"},"potentialAction":[{"@type":"SearchAction","target":{"@type":"EntryPoint","urlTemplate":"https:\/\/www.janning-picker.de\/es\/?s={search_term_string}"},"query-input":{"@type":"PropertyValueSpecification","valueRequired":true,"valueName":"search_term_string"}}],"inLanguage":"es"},{"@type":"Organization","@id":"https:\/\/www.janning-picker.de\/es\/#organization","name":"Sarah Janning-Picker","url":"https:\/\/www.janning-picker.de\/es\/","logo":{"@type":"ImageObject","inLanguage":"es","@id":"https:\/\/www.janning-picker.de\/es\/#\/schema\/logo\/image\/","url":"https:\/\/www.janning-picker.de\/wp-content\/uploads\/2025\/05\/logo.jpg","contentUrl":"https:\/\/www.janning-picker.de\/wp-content\/uploads\/2025\/05\/logo.jpg","width":454,"height":69,"caption":"Sarah Janning-Picker"},"image":{"@id":"https:\/\/www.janning-picker.de\/es\/#\/schema\/logo\/image\/"}}]}},"_links":{"self":[{"href":"https:\/\/www.janning-picker.de\/es\/wp-json\/wp\/v2\/pages\/5296","targetHints":{"allow":["GET"]}}],"collection":[{"href":"https:\/\/www.janning-picker.de\/es\/wp-json\/wp\/v2\/pages"}],"about":[{"href":"https:\/\/www.janning-picker.de\/es\/wp-json\/wp\/v2\/types\/page"}],"author":[{"embeddable":true,"href":"https:\/\/www.janning-picker.de\/es\/wp-json\/wp\/v2\/users\/3"}],"replies":[{"embeddable":true,"href":"https:\/\/www.janning-picker.de\/es\/wp-json\/wp\/v2\/comments?post=5296"}],"version-history":[{"count":1,"href":"https:\/\/www.janning-picker.de\/es\/wp-json\/wp\/v2\/pages\/5296\/revisions"}],"predecessor-version":[{"id":5297,"href":"https:\/\/www.janning-picker.de\/es\/wp-json\/wp\/v2\/pages\/5296\/revisions\/5297"}],"wp:featuredmedia":[{"embeddable":true,"href":"https:\/\/www.janning-picker.de\/es\/wp-json\/wp\/v2\/media\/4985"}],"wp:attachment":[{"href":"https:\/\/www.janning-picker.de\/es\/wp-json\/wp\/v2\/media?parent=5296"}],"curies":[{"name":"wp","href":"https:\/\/api.w.org\/{rel}","templated":true}]}}