{"id":5312,"date":"2025-06-24T10:46:34","date_gmt":"2025-06-24T08:46:34","guid":{"rendered":"https:\/\/www.janning-picker.de\/escaleras-en-hamburgo\/"},"modified":"2025-06-26T12:06:47","modified_gmt":"2025-06-26T10:06:47","slug":"escaleras-en-hamburgo","status":"publish","type":"page","link":"https:\/\/www.janning-picker.de\/es\/escaleras-en-hamburgo\/","title":{"rendered":"Escaleras en Hamburgo"},"content":{"rendered":"\t\t<div data-elementor-type=\"wp-page\" data-elementor-id=\"5312\" class=\"elementor elementor-5312 elementor-4946\" data-elementor-post-type=\"page\">\n\t\t\t\t<div class=\"elementor-element elementor-element-6c99cef4 e-flex e-con-boxed e-con e-parent\" data-id=\"6c99cef4\" data-element_type=\"container\">\n\t\t\t\t\t<div class=\"e-con-inner\">\n\t\t<div class=\"elementor-element elementor-element-d0eeb57 e-con-full e-flex e-con e-child\" data-id=\"d0eeb57\" data-element_type=\"container\" data-settings=\"{&quot;background_background&quot;:&quot;classic&quot;}\">\n\t\t\t\t<div class=\"elementor-element elementor-element-6f3f4755 elementor-widget elementor-widget-heading\" data-id=\"6f3f4755\" data-element_type=\"widget\" data-widget_type=\"heading.default\">\n\t\t\t\t<div class=\"elementor-widget-container\">\n\t\t\t\t\t<h1 class=\"elementor-heading-title elementor-size-default\">Escaleras en Hamburgo<\/h1>\t\t\t\t<\/div>\n\t\t\t\t<\/div>\n\t\t\t\t<\/div>\n\t\t\t\t\t<\/div>\n\t\t\t\t<\/div>\n\t\t<div class=\"elementor-element elementor-element-6c43f219 e-flex e-con-boxed e-con e-parent\" data-id=\"6c43f219\" data-element_type=\"container\">\n\t\t\t\t\t<div class=\"e-con-inner\">\n\t\t<div class=\"elementor-element elementor-element-5e8ab42c e-con-full e-flex e-con e-child\" data-id=\"5e8ab42c\" data-element_type=\"container\">\n\t\t\t\t<div class=\"elementor-element elementor-element-1c7defd9 elementor-widget elementor-widget-image\" data-id=\"1c7defd9\" data-element_type=\"widget\" data-widget_type=\"image.default\">\n\t\t\t\t<div class=\"elementor-widget-container\">\n\t\t\t\t\t\t\t\t\t\t\t\t\t\t\t\t<a href=\"https:\/\/www.janning-picker.de\/wp-content\/uploads\/2025\/06\/Treppenhaus.jpg\" data-elementor-open-lightbox=\"yes\" data-elementor-lightbox-title=\"Treppenhaus\" data-elementor-lightbox-description=\"Treppenhaus Kontorhaus\" data-e-action-hash=\"#elementor-action%3Aaction%3Dlightbox%26settings%3DeyJpZCI6NTA5MywidXJsIjoiaHR0cHM6XC9cL3d3dy5qYW5uaW5nLXBpY2tlci5kZVwvd3AtY29udGVudFwvdXBsb2Fkc1wvMjAyNVwvMDZcL1RyZXBwZW5oYXVzLmpwZyJ9\">\n\t\t\t\t\t\t\t<img fetchpriority=\"high\" decoding=\"async\" width=\"768\" height=\"513\" src=\"https:\/\/www.janning-picker.de\/wp-content\/uploads\/2025\/06\/Treppenhaus-768x513.jpg\" class=\"attachment-medium_large size-medium_large wp-image-5093\" alt=\"Treppenhaus Kontorhaus\" srcset=\"https:\/\/www.janning-picker.de\/wp-content\/uploads\/2025\/06\/Treppenhaus-768x513.jpg 768w, https:\/\/www.janning-picker.de\/wp-content\/uploads\/2025\/06\/Treppenhaus-300x201.jpg 300w, https:\/\/www.janning-picker.de\/wp-content\/uploads\/2025\/06\/Treppenhaus-1024x684.jpg 1024w, https:\/\/www.janning-picker.de\/wp-content\/uploads\/2025\/06\/Treppenhaus.jpg 1200w\" sizes=\"(max-width: 768px) 100vw, 768px\" \/>\t\t\t\t\t\t\t\t<\/a>\n\t\t\t\t\t\t\t\t\t\t\t\t\t\t\t<\/div>\n\t\t\t\t<\/div>\n\t\t\t\t<\/div>\n\t\t<div class=\"elementor-element elementor-element-6568075c e-con-full e-flex e-con e-child\" data-id=\"6568075c\" data-element_type=\"container\">\n\t\t\t\t<div class=\"elementor-element elementor-element-70cb9eb8 elementor-widget elementor-widget-heading\" data-id=\"70cb9eb8\" data-element_type=\"widget\" data-widget_type=\"heading.default\">\n\t\t\t\t<div class=\"elementor-widget-container\">\n\t\t\t\t\t<h3 class=\"elementor-heading-title elementor-size-default\">Escaleras en el centro de Hamburgo<\/h3>\t\t\t\t<\/div>\n\t\t\t\t<\/div>\n\t\t\t\t<div class=\"elementor-element elementor-element-9fbfb9f elementor-widget elementor-widget-text-editor\" data-id=\"9fbfb9f\" data-element_type=\"widget\" data-widget_type=\"text-editor.default\">\n\t\t\t\t<div class=\"elementor-widget-container\">\n\t\t\t\t\t\t\t\t\t<p>Est\u00e1n por todas partes y, sin embargo, suelen pasar desapercibidas: las hermosas escaleras del centro hist\u00f3rico de Hamburgo. Acomp\u00e1\u00f1eme en este recorrido por las escaleras y descubra el arte ornamental que se esconde tras las discretas puertas de los antiguos bloques de oficinas. <\/p><p>Comenzamos nuestro recorrido en la Casa NIVEA de Jungfernstieg, donde nos sumergimos por primera vez en el mundo del \u00faltimo cambio de siglo (1900) y echamos un vistazo a la transformaci\u00f3n del centro de Hamburgo. El Gran Incendio de 1842, la epidemia de c\u00f3lera de 1892 y la anexi\u00f3n de Hamburgo al Reich alem\u00e1n han dejado su huella. En un peque\u00f1o solar del centro de Hamburgo se encuentran varios edificios de oficinas, cuyas impresionantes escaleras y cajas de escalera \u00a1simplemente tienes que ver!  <\/p>\t\t\t\t\t\t\t\t<\/div>\n\t\t\t\t<\/div>\n\t\t\t\t<\/div>\n\t\t\t\t\t<\/div>\n\t\t\t\t<\/div>\n\t\t<div class=\"elementor-element elementor-element-24d2640a e-flex e-con-boxed e-con e-parent\" data-id=\"24d2640a\" data-element_type=\"container\">\n\t\t\t\t\t<div class=\"e-con-inner\">\n\t\t<div class=\"elementor-element elementor-element-43e28c6 e-con-full e-flex e-con e-child\" data-id=\"43e28c6\" data-element_type=\"container\">\n\t\t\t\t<div class=\"elementor-element elementor-element-771cf6fb elementor-widget elementor-widget-text-editor\" data-id=\"771cf6fb\" data-element_type=\"widget\" data-widget_type=\"text-editor.default\">\n\t\t\t\t<div class=\"elementor-widget-container\">\n\t\t\t\t\t\t\t\t\t<p>Como <a href=\"https:\/\/janning-picker.de\/ueber-mich\/\" target=\"_blank\" rel=\"noopener\">gu\u00eda tur\u00edstica cualificada en Hamburgo<\/a>, le explicar\u00e9 el trasfondo de los distintos estilos arquitect\u00f3nicos, le se\u00f1alar\u00e9 detalles desconocidos y le llevar\u00e9 a huecos de escalera en los que quiz\u00e1 nunca habr\u00eda entrado por su cuenta. Descubrir\u00e1 un vigilante nocturno de madera, hojas de roble ornamentales, azulejos floridos, orientalismo, dos empresas centenarias de Hamburgo y una escalera de aspecto muy sencillo.  <br><br>\u00bfCrees que las escaleras de Hamburgo son aburridas? Venga conmigo, \u00a1le convencer\u00e9 de lo contrario! Por supuesto, cada visita puede variar y personalizarse. <a href=\"https:\/\/www.janning-picker.de\/es\/contacta-con-nosotros\/\" target=\"_blank\" rel=\"noopener\">P\u00f3ngase en contacto <\/a>conmigo.  <\/p>\t\t\t\t\t\t\t\t<\/div>\n\t\t\t\t<\/div>\n\t\t\t\t<\/div>\n\t\t<div class=\"elementor-element elementor-element-78933641 e-con-full e-flex e-con e-child\" data-id=\"78933641\" data-element_type=\"container\">\n\t\t\t\t<div class=\"elementor-element elementor-element-5c38f975 elementor-widget elementor-widget-image\" data-id=\"5c38f975\" data-element_type=\"widget\" data-widget_type=\"image.default\">\n\t\t\t\t<div class=\"elementor-widget-container\">\n\t\t\t\t\t\t\t\t\t\t\t\t\t\t\t\t<a href=\"https:\/\/www.janning-picker.de\/wp-content\/uploads\/2025\/06\/Hildebrand-Haus.jpg\" data-elementor-open-lightbox=\"yes\" data-elementor-lightbox-title=\"Hildebrand-Haus\" data-elementor-lightbox-description=\"Hildebrand-Haus\" data-e-action-hash=\"#elementor-action%3Aaction%3Dlightbox%26settings%3DeyJpZCI6NTA5NywidXJsIjoiaHR0cHM6XC9cL3d3dy5qYW5uaW5nLXBpY2tlci5kZVwvd3AtY29udGVudFwvdXBsb2Fkc1wvMjAyNVwvMDZcL0hpbGRlYnJhbmQtSGF1cy5qcGcifQ%3D%3D\">\n\t\t\t\t\t\t\t<img decoding=\"async\" width=\"768\" height=\"513\" src=\"https:\/\/www.janning-picker.de\/wp-content\/uploads\/2025\/06\/Hildebrand-Haus-768x513.jpg\" class=\"attachment-medium_large size-medium_large wp-image-5097\" alt=\"Hildebrand-Haus\" srcset=\"https:\/\/www.janning-picker.de\/wp-content\/uploads\/2025\/06\/Hildebrand-Haus-768x513.jpg 768w, https:\/\/www.janning-picker.de\/wp-content\/uploads\/2025\/06\/Hildebrand-Haus-300x201.jpg 300w, https:\/\/www.janning-picker.de\/wp-content\/uploads\/2025\/06\/Hildebrand-Haus-1024x684.jpg 1024w, https:\/\/www.janning-picker.de\/wp-content\/uploads\/2025\/06\/Hildebrand-Haus.jpg 1200w\" sizes=\"(max-width: 768px) 100vw, 768px\" \/>\t\t\t\t\t\t\t\t<\/a>\n\t\t\t\t\t\t\t\t\t\t\t\t\t\t\t<\/div>\n\t\t\t\t<\/div>\n\t\t\t\t<\/div>\n\t\t\t\t\t<\/div>\n\t\t\t\t<\/div>\n\t\t<div class=\"elementor-element elementor-element-dfea441 e-flex e-con-boxed e-con e-parent\" data-id=\"dfea441\" data-element_type=\"container\">\n\t\t\t\t\t<div class=\"e-con-inner\">\n\t\t<div class=\"elementor-element elementor-element-355d12fa e-con-full e-flex e-con e-child\" data-id=\"355d12fa\" data-element_type=\"container\">\n\t\t\t\t<div class=\"elementor-element elementor-element-1a65b1eb elementor-widget elementor-widget-heading\" data-id=\"1a65b1eb\" data-element_type=\"widget\" data-widget_type=\"heading.default\">\n\t\t\t\t<div class=\"elementor-widget-container\">\n\t\t\t\t\t<h2 class=\"elementor-heading-title elementor-size-default\">Breve informaci\u00f3n<\/h2>\t\t\t\t<\/div>\n\t\t\t\t<\/div>\n\t\t\t\t<\/div>\n\t\t\t\t\t<\/div>\n\t\t\t\t<\/div>\n\t\t<div class=\"elementor-element elementor-element-67942a0c e-flex e-con-boxed e-con e-parent\" data-id=\"67942a0c\" data-element_type=\"container\">\n\t\t\t\t\t<div class=\"e-con-inner\">\n\t\t<div class=\"elementor-element elementor-element-36ee3377 e-con-full e-flex e-con e-child\" data-id=\"36ee3377\" data-element_type=\"container\">\n\t\t\t\t<div class=\"elementor-element elementor-element-7544c699 elementor-widget elementor-widget-image\" data-id=\"7544c699\" data-element_type=\"widget\" data-widget_type=\"image.default\">\n\t\t\t\t<div class=\"elementor-widget-container\">\n\t\t\t\t\t\t\t\t\t\t\t\t\t\t\t\t<a href=\"https:\/\/www.janning-picker.de\/wp-content\/uploads\/2025\/06\/Treppenhaus-Ornament.jpg\" data-elementor-open-lightbox=\"yes\" data-elementor-lightbox-title=\"Treppenhaus-Ornament\" data-elementor-lightbox-description=\"Treppenhaus-Ornament\" data-e-action-hash=\"#elementor-action%3Aaction%3Dlightbox%26settings%3DeyJpZCI6NTEwMSwidXJsIjoiaHR0cHM6XC9cL3d3dy5qYW5uaW5nLXBpY2tlci5kZVwvd3AtY29udGVudFwvdXBsb2Fkc1wvMjAyNVwvMDZcL1RyZXBwZW5oYXVzLU9ybmFtZW50LmpwZyJ9\">\n\t\t\t\t\t\t\t<img decoding=\"async\" width=\"768\" height=\"513\" src=\"https:\/\/www.janning-picker.de\/wp-content\/uploads\/2025\/06\/Treppenhaus-Ornament-768x513.jpg\" class=\"attachment-medium_large size-medium_large wp-image-5101\" alt=\"Treppenhaus-Ornament\" srcset=\"https:\/\/www.janning-picker.de\/wp-content\/uploads\/2025\/06\/Treppenhaus-Ornament-768x513.jpg 768w, https:\/\/www.janning-picker.de\/wp-content\/uploads\/2025\/06\/Treppenhaus-Ornament-300x201.jpg 300w, https:\/\/www.janning-picker.de\/wp-content\/uploads\/2025\/06\/Treppenhaus-Ornament-1024x684.jpg 1024w, https:\/\/www.janning-picker.de\/wp-content\/uploads\/2025\/06\/Treppenhaus-Ornament.jpg 1200w\" sizes=\"(max-width: 768px) 100vw, 768px\" \/>\t\t\t\t\t\t\t\t<\/a>\n\t\t\t\t\t\t\t\t\t\t\t\t\t\t\t<\/div>\n\t\t\t\t<\/div>\n\t\t\t\t<\/div>\n\t\t<div class=\"elementor-element elementor-element-53fd8bed e-con-full e-flex e-con e-child\" data-id=\"53fd8bed\" data-element_type=\"container\">\n\t\t\t\t<div class=\"elementor-element elementor-element-46797a8e elementor-widget elementor-widget-text-editor\" data-id=\"46797a8e\" data-element_type=\"widget\" data-widget_type=\"text-editor.default\">\n\t\t\t\t<div class=\"elementor-widget-container\">\n\t\t\t\t\t\t\t\t\t<p><strong>Lugares de inter\u00e9s<\/strong>:<br>Wrangelhaus, K\u00f6rnerhaus, Australhaus, Streit&#8217;s Hof, H\u00fcbner-Haus,<br>Hildebrand-Haus, Gutruf-Haus, Versmannhaus, Laeiszhof<\/p><p><strong>Distancia, duraci\u00f3n aproximada:<\/strong><br>aprox. 2 km, aprox. 2 horas<\/p><p><strong>Punto de partida:<\/strong><br>NIVEA-Haus, Jungfernstieg 51, 20354 Hamburgo<\/p><p><strong>Punto final:<\/strong><br>Laeiszhof, Trostbr\u00fccke 1, 20457<\/p><p><strong>C\u00f3mo desplazarse:<\/strong><br>a pie<\/p><p><strong>Nota:<\/strong><br>Por supuesto, este tour tambi\u00e9n puede personalizarse (acortarse o ampliarse) seg\u00fan sus deseos. Estoy a su disposici\u00f3n para ello. <\/p>\t\t\t\t\t\t\t\t<\/div>\n\t\t\t\t<\/div>\n\t\t\t\t<\/div>\n\t\t\t\t\t<\/div>\n\t\t\t\t<\/div>\n\t\t<div class=\"elementor-element elementor-element-118a53fa e-flex e-con-boxed e-con e-parent\" data-id=\"118a53fa\" data-element_type=\"container\">\n\t\t\t\t\t<div class=\"e-con-inner\">\n\t\t\t\t<div class=\"elementor-element elementor-element-6103eb81 elementor-widget elementor-widget-spacer\" data-id=\"6103eb81\" data-element_type=\"widget\" data-widget_type=\"spacer.default\">\n\t\t\t\t<div class=\"elementor-widget-container\">\n\t\t\t\t\t\t\t<div class=\"elementor-spacer\">\n\t\t\t<div class=\"elementor-spacer-inner\"><\/div>\n\t\t<\/div>\n\t\t\t\t\t\t<\/div>\n\t\t\t\t<\/div>\n\t\t\t\t\t<\/div>\n\t\t\t\t<\/div>\n\t\t\t\t<\/div>\n\t\t","protected":false},"excerpt":{"rendered":"<p>Escaleras en Hamburgo Escaleras en el centro de Hamburgo Est\u00e1n por todas partes y, sin embargo, suelen pasar desapercibidas: las [&hellip;]<\/p>\n","protected":false},"author":3,"featured_media":4945,"parent":0,"menu_order":0,"comment_status":"closed","ping_status":"closed","template":"","meta":{"site-sidebar-layout":"no-sidebar","site-content-layout":"","ast-site-content-layout":"full-width-container","site-content-style":"default","site-sidebar-style":"default","ast-global-header-display":"","ast-banner-title-visibility":"","ast-main-header-display":"","ast-hfb-above-header-display":"","ast-hfb-below-header-display":"","ast-hfb-mobile-header-display":"","site-post-title":"disabled","ast-breadcrumbs-content":"","ast-featured-img":"disabled","footer-sml-layout":"","theme-transparent-header-meta":"","adv-header-id-meta":"","stick-header-meta":"","header-above-stick-meta":"","header-main-stick-meta":"","header-below-stick-meta":"","astra-migrate-meta-layouts":"default","ast-page-background-enabled":"default","ast-page-background-meta":{"desktop":{"background-color":"var(--ast-global-color-5)","background-image":"","background-repeat":"repeat","background-position":"center center","background-size":"auto","background-attachment":"scroll","background-type":"","background-media":"","overlay-type":"","overlay-color":"","overlay-opacity":"","overlay-gradient":""},"tablet":{"background-color":"","background-image":"","background-repeat":"repeat","background-position":"center center","background-size":"auto","background-attachment":"scroll","background-type":"","background-media":"","overlay-type":"","overlay-color":"","overlay-opacity":"","overlay-gradient":""},"mobile":{"background-color":"","background-image":"","background-repeat":"repeat","background-position":"center center","background-size":"auto","background-attachment":"scroll","background-type":"","background-media":"","overlay-type":"","overlay-color":"","overlay-opacity":"","overlay-gradient":""}},"ast-content-background-meta":{"desktop":{"background-color":"var(--ast-global-color-4)","background-image":"","background-repeat":"repeat","background-position":"center center","background-size":"auto","background-attachment":"scroll","background-type":"","background-media":"","overlay-type":"","overlay-color":"","overlay-opacity":"","overlay-gradient":""},"tablet":{"background-color":"var(--ast-global-color-4)","background-image":"","background-repeat":"repeat","background-position":"center center","background-size":"auto","background-attachment":"scroll","background-type":"","background-media":"","overlay-type":"","overlay-color":"","overlay-opacity":"","overlay-gradient":""},"mobile":{"background-color":"var(--ast-global-color-4)","background-image":"","background-repeat":"repeat","background-position":"center center","background-size":"auto","background-attachment":"scroll","background-type":"","background-media":"","overlay-type":"","overlay-color":"","overlay-opacity":"","overlay-gradient":""}},"footnotes":""},"class_list":["post-5312","page","type-page","status-publish","has-post-thumbnail","hentry"],"yoast_head":"<!-- This site is optimized with the Yoast SEO plugin v27.5 - https:\/\/yoast.com\/product\/yoast-seo-wordpress\/ -->\n<title>Escaleras en Hamburgo - Sarah Janning-Picker<\/title>\n<meta name=\"robots\" content=\"index, follow, max-snippet:-1, max-image-preview:large, max-video-preview:-1\" \/>\n<link rel=\"canonical\" href=\"https:\/\/www.janning-picker.de\/es\/escaleras-en-hamburgo\/\" \/>\n<meta property=\"og:locale\" content=\"es_ES\" \/>\n<meta property=\"og:type\" content=\"article\" \/>\n<meta property=\"og:title\" content=\"Escaleras en Hamburgo - Sarah Janning-Picker\" \/>\n<meta property=\"og:description\" content=\"Escaleras en Hamburgo Escaleras en el centro de Hamburgo Est\u00e1n por todas partes y, sin embargo, suelen pasar desapercibidas: las [&hellip;]\" \/>\n<meta property=\"og:url\" content=\"https:\/\/www.janning-picker.de\/es\/escaleras-en-hamburgo\/\" \/>\n<meta property=\"og:site_name\" content=\"Sarah Janning-Picker\" \/>\n<meta property=\"article:modified_time\" content=\"2025-06-26T10:06:47+00:00\" \/>\n<meta property=\"og:image\" content=\"https:\/\/www.janning-picker.de\/wp-content\/uploads\/2025\/06\/Treppenhaus-Sprinkenhof.jpg\" \/>\n\t<meta property=\"og:image:width\" content=\"768\" \/>\n\t<meta property=\"og:image:height\" content=\"513\" \/>\n\t<meta property=\"og:image:type\" content=\"image\/jpeg\" \/>\n<meta name=\"twitter:card\" content=\"summary_large_image\" \/>\n<meta name=\"twitter:label1\" content=\"Tiempo de lectura\" \/>\n\t<meta name=\"twitter:data1\" content=\"1 minuto\" \/>\n<script type=\"application\/ld+json\" class=\"yoast-schema-graph\">{\"@context\":\"https:\\\/\\\/schema.org\",\"@graph\":[{\"@type\":\"WebPage\",\"@id\":\"https:\\\/\\\/www.janning-picker.de\\\/es\\\/escaleras-en-hamburgo\\\/\",\"url\":\"https:\\\/\\\/www.janning-picker.de\\\/es\\\/escaleras-en-hamburgo\\\/\",\"name\":\"Escaleras en Hamburgo - Sarah Janning-Picker\",\"isPartOf\":{\"@id\":\"https:\\\/\\\/www.janning-picker.de\\\/es\\\/#website\"},\"primaryImageOfPage\":{\"@id\":\"https:\\\/\\\/www.janning-picker.de\\\/es\\\/escaleras-en-hamburgo\\\/#primaryimage\"},\"image\":{\"@id\":\"https:\\\/\\\/www.janning-picker.de\\\/es\\\/escaleras-en-hamburgo\\\/#primaryimage\"},\"thumbnailUrl\":\"https:\\\/\\\/www.janning-picker.de\\\/wp-content\\\/uploads\\\/2025\\\/06\\\/Treppenhaus-Sprinkenhof.jpg\",\"datePublished\":\"2025-06-24T08:46:34+00:00\",\"dateModified\":\"2025-06-26T10:06:47+00:00\",\"breadcrumb\":{\"@id\":\"https:\\\/\\\/www.janning-picker.de\\\/es\\\/escaleras-en-hamburgo\\\/#breadcrumb\"},\"inLanguage\":\"es\",\"potentialAction\":[{\"@type\":\"ReadAction\",\"target\":[\"https:\\\/\\\/www.janning-picker.de\\\/es\\\/escaleras-en-hamburgo\\\/\"]}]},{\"@type\":\"ImageObject\",\"inLanguage\":\"es\",\"@id\":\"https:\\\/\\\/www.janning-picker.de\\\/es\\\/escaleras-en-hamburgo\\\/#primaryimage\",\"url\":\"https:\\\/\\\/www.janning-picker.de\\\/wp-content\\\/uploads\\\/2025\\\/06\\\/Treppenhaus-Sprinkenhof.jpg\",\"contentUrl\":\"https:\\\/\\\/www.janning-picker.de\\\/wp-content\\\/uploads\\\/2025\\\/06\\\/Treppenhaus-Sprinkenhof.jpg\",\"width\":768,\"height\":513,\"caption\":\"Treppenhaus-Sprinkenhof\"},{\"@type\":\"BreadcrumbList\",\"@id\":\"https:\\\/\\\/www.janning-picker.de\\\/es\\\/escaleras-en-hamburgo\\\/#breadcrumb\",\"itemListElement\":[{\"@type\":\"ListItem\",\"position\":1,\"name\":\"Startseite\",\"item\":\"https:\\\/\\\/www.janning-picker.de\\\/es\\\/\"},{\"@type\":\"ListItem\",\"position\":2,\"name\":\"Escaleras en Hamburgo\"}]},{\"@type\":\"WebSite\",\"@id\":\"https:\\\/\\\/www.janning-picker.de\\\/es\\\/#website\",\"url\":\"https:\\\/\\\/www.janning-picker.de\\\/es\\\/\",\"name\":\"Sarah Janning-Picker\",\"description\":\"Mit der Welt im Gespr\u00e4ch\",\"publisher\":{\"@id\":\"https:\\\/\\\/www.janning-picker.de\\\/es\\\/#organization\"},\"potentialAction\":[{\"@type\":\"SearchAction\",\"target\":{\"@type\":\"EntryPoint\",\"urlTemplate\":\"https:\\\/\\\/www.janning-picker.de\\\/es\\\/?s={search_term_string}\"},\"query-input\":{\"@type\":\"PropertyValueSpecification\",\"valueRequired\":true,\"valueName\":\"search_term_string\"}}],\"inLanguage\":\"es\"},{\"@type\":\"Organization\",\"@id\":\"https:\\\/\\\/www.janning-picker.de\\\/es\\\/#organization\",\"name\":\"Sarah Janning-Picker\",\"url\":\"https:\\\/\\\/www.janning-picker.de\\\/es\\\/\",\"logo\":{\"@type\":\"ImageObject\",\"inLanguage\":\"es\",\"@id\":\"https:\\\/\\\/www.janning-picker.de\\\/es\\\/#\\\/schema\\\/logo\\\/image\\\/\",\"url\":\"https:\\\/\\\/www.janning-picker.de\\\/wp-content\\\/uploads\\\/2025\\\/05\\\/logo.jpg\",\"contentUrl\":\"https:\\\/\\\/www.janning-picker.de\\\/wp-content\\\/uploads\\\/2025\\\/05\\\/logo.jpg\",\"width\":454,\"height\":69,\"caption\":\"Sarah Janning-Picker\"},\"image\":{\"@id\":\"https:\\\/\\\/www.janning-picker.de\\\/es\\\/#\\\/schema\\\/logo\\\/image\\\/\"}}]}<\/script>\n<!-- \/ Yoast SEO plugin. -->","yoast_head_json":{"title":"Escaleras en Hamburgo - Sarah Janning-Picker","robots":{"index":"index","follow":"follow","max-snippet":"max-snippet:-1","max-image-preview":"max-image-preview:large","max-video-preview":"max-video-preview:-1"},"canonical":"https:\/\/www.janning-picker.de\/es\/escaleras-en-hamburgo\/","og_locale":"es_ES","og_type":"article","og_title":"Escaleras en Hamburgo - Sarah Janning-Picker","og_description":"Escaleras en Hamburgo Escaleras en el centro de Hamburgo Est\u00e1n por todas partes y, sin embargo, suelen pasar desapercibidas: las [&hellip;]","og_url":"https:\/\/www.janning-picker.de\/es\/escaleras-en-hamburgo\/","og_site_name":"Sarah Janning-Picker","article_modified_time":"2025-06-26T10:06:47+00:00","og_image":[{"width":768,"height":513,"url":"https:\/\/www.janning-picker.de\/wp-content\/uploads\/2025\/06\/Treppenhaus-Sprinkenhof.jpg","type":"image\/jpeg"}],"twitter_card":"summary_large_image","twitter_misc":{"Tiempo de lectura":"1 minuto"},"schema":{"@context":"https:\/\/schema.org","@graph":[{"@type":"WebPage","@id":"https:\/\/www.janning-picker.de\/es\/escaleras-en-hamburgo\/","url":"https:\/\/www.janning-picker.de\/es\/escaleras-en-hamburgo\/","name":"Escaleras en Hamburgo - Sarah Janning-Picker","isPartOf":{"@id":"https:\/\/www.janning-picker.de\/es\/#website"},"primaryImageOfPage":{"@id":"https:\/\/www.janning-picker.de\/es\/escaleras-en-hamburgo\/#primaryimage"},"image":{"@id":"https:\/\/www.janning-picker.de\/es\/escaleras-en-hamburgo\/#primaryimage"},"thumbnailUrl":"https:\/\/www.janning-picker.de\/wp-content\/uploads\/2025\/06\/Treppenhaus-Sprinkenhof.jpg","datePublished":"2025-06-24T08:46:34+00:00","dateModified":"2025-06-26T10:06:47+00:00","breadcrumb":{"@id":"https:\/\/www.janning-picker.de\/es\/escaleras-en-hamburgo\/#breadcrumb"},"inLanguage":"es","potentialAction":[{"@type":"ReadAction","target":["https:\/\/www.janning-picker.de\/es\/escaleras-en-hamburgo\/"]}]},{"@type":"ImageObject","inLanguage":"es","@id":"https:\/\/www.janning-picker.de\/es\/escaleras-en-hamburgo\/#primaryimage","url":"https:\/\/www.janning-picker.de\/wp-content\/uploads\/2025\/06\/Treppenhaus-Sprinkenhof.jpg","contentUrl":"https:\/\/www.janning-picker.de\/wp-content\/uploads\/2025\/06\/Treppenhaus-Sprinkenhof.jpg","width":768,"height":513,"caption":"Treppenhaus-Sprinkenhof"},{"@type":"BreadcrumbList","@id":"https:\/\/www.janning-picker.de\/es\/escaleras-en-hamburgo\/#breadcrumb","itemListElement":[{"@type":"ListItem","position":1,"name":"Startseite","item":"https:\/\/www.janning-picker.de\/es\/"},{"@type":"ListItem","position":2,"name":"Escaleras en Hamburgo"}]},{"@type":"WebSite","@id":"https:\/\/www.janning-picker.de\/es\/#website","url":"https:\/\/www.janning-picker.de\/es\/","name":"Sarah Janning-Picker","description":"Mit der Welt im Gespr\u00e4ch","publisher":{"@id":"https:\/\/www.janning-picker.de\/es\/#organization"},"potentialAction":[{"@type":"SearchAction","target":{"@type":"EntryPoint","urlTemplate":"https:\/\/www.janning-picker.de\/es\/?s={search_term_string}"},"query-input":{"@type":"PropertyValueSpecification","valueRequired":true,"valueName":"search_term_string"}}],"inLanguage":"es"},{"@type":"Organization","@id":"https:\/\/www.janning-picker.de\/es\/#organization","name":"Sarah Janning-Picker","url":"https:\/\/www.janning-picker.de\/es\/","logo":{"@type":"ImageObject","inLanguage":"es","@id":"https:\/\/www.janning-picker.de\/es\/#\/schema\/logo\/image\/","url":"https:\/\/www.janning-picker.de\/wp-content\/uploads\/2025\/05\/logo.jpg","contentUrl":"https:\/\/www.janning-picker.de\/wp-content\/uploads\/2025\/05\/logo.jpg","width":454,"height":69,"caption":"Sarah Janning-Picker"},"image":{"@id":"https:\/\/www.janning-picker.de\/es\/#\/schema\/logo\/image\/"}}]}},"_links":{"self":[{"href":"https:\/\/www.janning-picker.de\/es\/wp-json\/wp\/v2\/pages\/5312","targetHints":{"allow":["GET"]}}],"collection":[{"href":"https:\/\/www.janning-picker.de\/es\/wp-json\/wp\/v2\/pages"}],"about":[{"href":"https:\/\/www.janning-picker.de\/es\/wp-json\/wp\/v2\/types\/page"}],"author":[{"embeddable":true,"href":"https:\/\/www.janning-picker.de\/es\/wp-json\/wp\/v2\/users\/3"}],"replies":[{"embeddable":true,"href":"https:\/\/www.janning-picker.de\/es\/wp-json\/wp\/v2\/comments?post=5312"}],"version-history":[{"count":1,"href":"https:\/\/www.janning-picker.de\/es\/wp-json\/wp\/v2\/pages\/5312\/revisions"}],"predecessor-version":[{"id":5313,"href":"https:\/\/www.janning-picker.de\/es\/wp-json\/wp\/v2\/pages\/5312\/revisions\/5313"}],"wp:featuredmedia":[{"embeddable":true,"href":"https:\/\/www.janning-picker.de\/es\/wp-json\/wp\/v2\/media\/4945"}],"wp:attachment":[{"href":"https:\/\/www.janning-picker.de\/es\/wp-json\/wp\/v2\/media?parent=5312"}],"curies":[{"name":"wp","href":"https:\/\/api.w.org\/{rel}","templated":true}]}}