{"id":5553,"date":"2025-07-03T11:08:39","date_gmt":"2025-07-03T09:08:39","guid":{"rendered":"https:\/\/www.janning-picker.de\/agb\/"},"modified":"2025-07-03T12:15:38","modified_gmt":"2025-07-03T10:15:38","slug":"condiciones-generales-de-venta","status":"publish","type":"page","link":"https:\/\/www.janning-picker.de\/es\/condiciones-generales-de-venta\/","title":{"rendered":"Condiciones generales de venta"},"content":{"rendered":"\t\t<div data-elementor-type=\"wp-page\" data-elementor-id=\"5553\" class=\"elementor elementor-5553 elementor-5537\" data-elementor-post-type=\"page\">\n\t\t\t\t<div class=\"elementor-element elementor-element-78ab66e0 e-flex e-con-boxed elementor-invisible e-con e-parent\" data-id=\"78ab66e0\" data-element_type=\"container\" data-settings=\"{&quot;animation&quot;:&quot;fadeIn&quot;}\">\n\t\t\t\t\t<div class=\"e-con-inner\">\n\t\t<div class=\"elementor-element elementor-element-47d80c1 e-con-full e-flex e-con e-child\" data-id=\"47d80c1\" data-element_type=\"container\" data-settings=\"{&quot;background_background&quot;:&quot;classic&quot;}\">\n\t\t\t\t<div class=\"elementor-element elementor-element-755b5221 elementor-widget elementor-widget-heading\" data-id=\"755b5221\" data-element_type=\"widget\" data-widget_type=\"heading.default\">\n\t\t\t\t<div class=\"elementor-widget-container\">\n\t\t\t\t\t<h1 class=\"elementor-heading-title elementor-size-default\">Condiciones generales de venta<\/h1>\t\t\t\t<\/div>\n\t\t\t\t<\/div>\n\t\t\t\t<\/div>\n\t\t\t\t\t<\/div>\n\t\t\t\t<\/div>\n\t\t<div class=\"elementor-element elementor-element-2139ee78 e-flex e-con-boxed e-con e-parent\" data-id=\"2139ee78\" data-element_type=\"container\">\n\t\t\t\t\t<div class=\"e-con-inner\">\n\t\t<div class=\"elementor-element elementor-element-362ad67a e-con-full e-flex elementor-invisible e-con e-child\" data-id=\"362ad67a\" data-element_type=\"container\" data-settings=\"{&quot;animation&quot;:&quot;fadeInRight&quot;,&quot;animation_delay&quot;:200}\">\n\t\t\t\t<div class=\"elementor-element elementor-element-cf69a9c elementor-widget elementor-widget-text-editor\" data-id=\"cf69a9c\" data-element_type=\"widget\" data-widget_type=\"text-editor.default\">\n\t\t\t\t<div class=\"elementor-widget-container\">\n\t\t\t\t\t\t\t\t\t<div class=\"entry-content\"><h3>1. disposiciones generales<\/h3><p><strong>Proveedor:<\/strong> <br>Sarah Janning-Picker<\/p><p><strong>Direcci\u00f3n:<\/strong><br>Kronskamp 2a 24558 Henstedt-Ulzburg Tel: +49 4193 752 3636 <br><br><strong>M\u00f3vil:<\/strong> +49 1520 4630 002 <br><br><strong>Fax:<\/strong> +49 4193 752 3635 E-<br><br><strong>Mail-Adresse:<\/strong> <br>Sarah@Janning-Picker.de<\/p><p><strong>N\u00famero de identificaci\u00f3n fiscal:<\/strong> <br>11\/071\/60729.<\/p><h3>2. oferta y celebraci\u00f3n del contrato<\/h3><p>Las ofertas, la informaci\u00f3n, los detalles, los precios y las declaraciones de productos (por ejemplo, en el sitio web) del proveedor est\u00e1n sujetos a cambios y no son vinculantes. S\u00f3lo ser\u00e1n jur\u00eddicamente vinculantes previa confirmaci\u00f3n por escrito. Las declaraciones de aceptaci\u00f3n y todos los pedidos requieren la confirmaci\u00f3n por escrito o t\u00e9lex por parte del Proveedor para tener eficacia jur\u00eddica. El pedido del Cliente sin oferta previa por parte de la Empresa es una oferta vinculante. El Proveedor podr\u00e1 aceptar esta oferta a su discreci\u00f3n en un plazo de dos semanas enviando una confirmaci\u00f3n del pedido al Cliente dentro de este plazo. La duraci\u00f3n, el itinerario, los detalles y las caracter\u00edsticas de los viajes o servicios en la secci\u00f3n \u00abServicios ling\u00fc\u00edsticos\u00bb y dem\u00e1s informaci\u00f3n y detalles en folletos, prospectos y en la p\u00e1gina de inicio solo son vinculantes si as\u00ed se acuerda expresamente por escrito; de lo contrario, son solo valores aproximados y no constituyen una seguridad o garant\u00eda.     <\/p><h3>3. tarifas y precios<\/h3><p>Se aplicar\u00e1n los precios indicados al celebrar el contrato. Estos se calculan, en particular, por la tarifa horaria ofrecida o acordada x el n\u00famero de horas o unidades de tiempo trabajadas. Los costes accesorios adicionales (preparaci\u00f3n, desplazamiento, salida, seguimiento, actas y documentaci\u00f3n) figuran en la oferta. Los costes adicionales para el cliente (por ejemplo, billetes de transporte p\u00fablico para visitas guiadas) no forman parte de la oferta y deben ser abonados por separado por el cliente a la empresa de transporte correspondiente. Los precios indicados a los clientes e interesados no incluyen el impuesto sobre el valor a\u00f1adido legal, salvo que se indique lo contrario en la oferta.    <\/p><h3>4. cambios y cancelaciones (anulaci\u00f3n) y gastos de cancelaci\u00f3n<\/h3><p>El cliente puede cancelar gratuitamente los servicios reservados y confirmados con un plazo de preaviso de 7 d\u00edas antes de la prestaci\u00f3n del servicio. En caso de cancelaci\u00f3n hasta 24 horas antes del inicio del servicio, se cobrar\u00e1 el 50% de los costes totales ofrecidos. En caso de anulaci\u00f3n con menos antelaci\u00f3n, se cobrar\u00e1 el coste total. Para llegadas de m\u00e1s de 60 minutos, el inicio de la llegada cuenta como el inicio del servicio. Para reservas de varios d\u00edas, se cobrar\u00e1 un m\u00e1ximo de 3 d\u00edas completos.    <\/p><h3>5. tiempo de espera<\/h3><p>Las visitas para grupos comienzan puntualmente a la hora especificada. Se ruega a los clientes que lleguen con retraso que nos avisen al menos 15 minutos antes del comienzo de la visita si pueden prever que llegar\u00e1n tarde. Puede que sea posible esperar un poco. En caso contrario, no se reembolsar\u00e1 el precio de la visita. En el caso de las visitas privadas, el tiempo de servicio que se cobrar\u00e1 comienza a la hora acordada para el inicio de la visita. Tambi\u00e9n en este caso es \u00fatil que los hu\u00e9spedes que lleguen m\u00e1s tarde se pongan en contacto con nosotros brevemente por tel\u00e9fono.     <\/p><h3>6. tama\u00f1o del grupo<\/h3><p>La disponibilidad de las visitas depende del tama\u00f1o del grupo. En aras de la calidad, nos abstenemos de realizar grandes visitas p\u00fablicas. El cliente puede decidir el tama\u00f1o de las visitas privadas.  <\/p><h3>7. entrada en edificios<\/h3><p>Durante las visitas se entra en algunos edificios (iglesias, edificios p\u00fablicos y, si es posible, edificios no p\u00fablicos). El proveedor no se hace responsable de las precauciones adicionales que tomen los clientes durante su estancia en los edificios. Por lo que respecta a las salidas de emergencia, equipos de rescate, etc., deber\u00e1n respetarse las instrucciones generalmente expuestas. En caso de duda, p\u00f3ngase en contacto con el gu\u00eda encargado para cualquier pregunta.   <\/p><h3>8. tarifas de transporte o transporte p\u00fablico local (\u00d6PNV)<\/h3><p>Los gastos de transporte (organizado de forma privada o en transporte p\u00fablico) no est\u00e1n incluidos en el precio del viaje y, por lo general, tampoco en la oferta. Cualquier referencia en la oferta a los costes previstos s\u00f3lo tiene car\u00e1cter indicativo, pero no forma parte del precio del viaje. El proveedor puede hacer una recomendaci\u00f3n sobre el billete de transporte p\u00fablico m\u00e1s adecuado para el momento y la situaci\u00f3n de que se trate. Sin embargo, el proveedor no garantiza que la opci\u00f3n recomendada en un primer momento sea la m\u00e1s favorable en t\u00e9rminos monetarios. Sin embargo, debido a la organizaci\u00f3n posterior articulada del d\u00eda, una recomendaci\u00f3n de un billete de un d\u00eda, por ejemplo, puede tener m\u00e1s sentido en conjunto. Adem\u00e1s, el proveedor no es responsable de los respectivos plazos de validez de los billetes de transporte p\u00fablico, que pueden variar. El proveedor no puede hacer ofertas de transporte privado (por ejemplo, traslados en autob\u00fas para grupos), sino que s\u00f3lo puede recomendar ofertas de socios colaboradores basadas en la experiencia. El Proveedor no act\u00faa en ning\u00fan caso como intermediario de transporte. Se limita a establecer el contacto.        <\/p><h3>9. entradas<\/h3><p>Las entradas a los lugares de inter\u00e9s (entradas, ascensores, atracciones) no est\u00e1n incluidas en el precio del viaje. Las entradas deben adquirirse in situ por cuenta propia. Esto no se aplica si se ha mencionado expl\u00edcitamente en la oferta y en la confirmaci\u00f3n del pedido. No obstante, el proveedor puede facilitar una indicaci\u00f3n del importe previsto de la entrada si as\u00ed se solicita.   <\/p><h3>10. grabaciones de sonido e imagen durante las visitas guiadas<\/h3><p>Queda terminantemente prohibido grabar im\u00e1genes, sonido o pel\u00edculas del viaje, la ruta o los monitores.<\/p><h3>11. limitaci\u00f3n de responsabilidad<\/h3><p>En caso de incumplimientos del deber por negligencia leve, la responsabilidad del proveedor se limitar\u00e1 al da\u00f1o medio directo previsible t\u00edpico del tipo de contrato. Esto tambi\u00e9n se aplica a los incumplimientos por negligencia leve de los representantes legales o auxiliares ejecutivos del proveedor. El Proveedor no ser\u00e1 responsable ante las empresas por incumplimientos por negligencia leve de obligaciones contractuales insignificantes.  <\/p><h3>12 Condiciones de pago \/ vencimiento<\/h3><p>Como consumidor final, el cliente paga el viaje por adelantado mediante transferencia bancaria o directamente en efectivo cuando se presta el servicio. Los pagos del cliente deber\u00e1n efectuarse en un plazo de 30 d\u00edas a partir de la fecha de la factura, a menos que se especifique otro plazo de pago en la factura. Se considerar\u00e1n efectuados en el momento del abono irrevocable en una cuenta del Proveedor. En caso de demora en el pago, se devengar\u00e1n intereses de demora al tipo legal sin previo aviso. Todos los gastos y tasas correr\u00e1n a cargo del cliente, salvo oferta o acuerdo en contrario. El proveedor est\u00e1 autorizado a retener el servicio si el cliente est\u00e1 en mora con otras obligaciones de pago. El servicio s\u00f3lo ser\u00e1 exigible una vez que se hayan liquidado \u00edntegramente dichos atrasos. Por lo dem\u00e1s, en caso de demora en el pago o suspensi\u00f3n de pagos\/sobreendeudamiento, as\u00ed como en caso de incumplimiento de las condiciones de pago, los dem\u00e1s cr\u00e9ditos vencer\u00e1n inmediatamente. El Proveedor podr\u00e1 exigir un anticipo sobre los cr\u00e9ditos previstos a su razonable discreci\u00f3n.        <\/p><h3>13. protecci\u00f3n de datos \/ confidencialidad<\/h3><p>Por la presente se autoriza el almacenamiento de datos relacionados con el cliente por parte del empresario. Se hace referencia al \u00a7 33 BDSG. Salvo que se acuerde lo contrario por escrito, los datos comunicados a la Empresa durante la tramitaci\u00f3n del pedido no se considerar\u00e1n confidenciales. Dichos datos podr\u00e1n ser utilizados por la Empresa en cumplimiento de la normativa sobre protecci\u00f3n de datos y derechos de autor. La Empresa no ser\u00e1 responsable de la p\u00e9rdida de datos a menos que el almacenamiento u otra forma de copia de seguridad haya sido expresamente objeto del pedido por escrito.    <\/p><h3>14 Derechos de autor<\/h3><p>Me reservo el derecho de propiedad, los derechos de autor y otros derechos sobre las ofertas, las sugerencias de viajes, los viajes organizados, los textos escritos en el marco de las traducciones, etc. No podr\u00e1n reproducirse, utilizarse ni hacerse accesibles a terceros sin su consentimiento expreso por escrito. No podr\u00e1n ser reproducidos, utilizados por m\u00ed ni puestos a disposici\u00f3n de terceros sin mi consentimiento expreso por escrito. <\/p><h3>15. cl\u00e1usula de separabilidad<\/h3><p>La invalidez de una o varias partes de una condici\u00f3n comercial no afectar\u00e1 a la validez del resto de las condiciones y del contrato celebrado. En caso de invalidez, se acordar\u00e1 una disposici\u00f3n que se aproxime lo m\u00e1s posible al acuerdo previsto. <br><br>Henstedt-Ulzburg, 01 de abril de 2015 <\/p><\/div>\t\t\t\t\t\t\t\t<\/div>\n\t\t\t\t<\/div>\n\t\t\t\t<\/div>\n\t\t\t\t\t<\/div>\n\t\t\t\t<\/div>\n\t\t<div class=\"elementor-element elementor-element-5399c469 e-flex e-con-boxed e-con e-parent\" data-id=\"5399c469\" data-element_type=\"container\">\n\t\t\t\t\t<div class=\"e-con-inner\">\n\t\t\t\t<div class=\"elementor-element elementor-element-8361cab elementor-widget elementor-widget-spacer\" data-id=\"8361cab\" data-element_type=\"widget\" data-widget_type=\"spacer.default\">\n\t\t\t\t<div class=\"elementor-widget-container\">\n\t\t\t\t\t\t\t<div class=\"elementor-spacer\">\n\t\t\t<div class=\"elementor-spacer-inner\"><\/div>\n\t\t<\/div>\n\t\t\t\t\t\t<\/div>\n\t\t\t\t<\/div>\n\t\t\t\t\t<\/div>\n\t\t\t\t<\/div>\n\t\t\t\t<\/div>\n\t\t","protected":false},"excerpt":{"rendered":"<p>Condiciones generales de venta 1. disposiciones generales Proveedor: Sarah Janning-Picker Direcci\u00f3n:Kronskamp 2a 24558 Henstedt-Ulzburg Tel: +49 4193 752 3636 M\u00f3vil: [&hellip;]<\/p>\n","protected":false},"author":3,"featured_media":0,"parent":0,"menu_order":0,"comment_status":"closed","ping_status":"closed","template":"","meta":{"site-sidebar-layout":"no-sidebar","site-content-layout":"","ast-site-content-layout":"full-width-container","site-content-style":"default","site-sidebar-style":"default","ast-global-header-display":"","ast-banner-title-visibility":"","ast-main-header-display":"","ast-hfb-above-header-display":"","ast-hfb-below-header-display":"","ast-hfb-mobile-header-display":"","site-post-title":"disabled","ast-breadcrumbs-content":"","ast-featured-img":"disabled","footer-sml-layout":"","theme-transparent-header-meta":"","adv-header-id-meta":"","stick-header-meta":"","header-above-stick-meta":"","header-main-stick-meta":"","header-below-stick-meta":"","astra-migrate-meta-layouts":"default","ast-page-background-enabled":"default","ast-page-background-meta":{"desktop":{"background-color":"var(--ast-global-color-5)","background-image":"","background-repeat":"repeat","background-position":"center center","background-size":"auto","background-attachment":"scroll","background-type":"","background-media":"","overlay-type":"","overlay-color":"","overlay-opacity":"","overlay-gradient":""},"tablet":{"background-color":"","background-image":"","background-repeat":"repeat","background-position":"center center","background-size":"auto","background-attachment":"scroll","background-type":"","background-media":"","overlay-type":"","overlay-color":"","overlay-opacity":"","overlay-gradient":""},"mobile":{"background-color":"","background-image":"","background-repeat":"repeat","background-position":"center center","background-size":"auto","background-attachment":"scroll","background-type":"","background-media":"","overlay-type":"","overlay-color":"","overlay-opacity":"","overlay-gradient":""}},"ast-content-background-meta":{"desktop":{"background-color":"var(--ast-global-color-4)","background-image":"","background-repeat":"repeat","background-position":"center center","background-size":"auto","background-attachment":"scroll","background-type":"","background-media":"","overlay-type":"","overlay-color":"","overlay-opacity":"","overlay-gradient":""},"tablet":{"background-color":"var(--ast-global-color-4)","background-image":"","background-repeat":"repeat","background-position":"center center","background-size":"auto","background-attachment":"scroll","background-type":"","background-media":"","overlay-type":"","overlay-color":"","overlay-opacity":"","overlay-gradient":""},"mobile":{"background-color":"var(--ast-global-color-4)","background-image":"","background-repeat":"repeat","background-position":"center center","background-size":"auto","background-attachment":"scroll","background-type":"","background-media":"","overlay-type":"","overlay-color":"","overlay-opacity":"","overlay-gradient":""}},"footnotes":""},"class_list":["post-5553","page","type-page","status-publish","hentry"],"yoast_head":"<!-- This site is optimized with the Yoast SEO plugin v27.5 - https:\/\/yoast.com\/product\/yoast-seo-wordpress\/ -->\n<title>Condiciones generales de venta - Sarah Janning-Picker<\/title>\n<meta name=\"robots\" content=\"index, follow, max-snippet:-1, max-image-preview:large, max-video-preview:-1\" \/>\n<link rel=\"canonical\" href=\"https:\/\/www.janning-picker.de\/es\/condiciones-generales-de-venta\/\" \/>\n<meta property=\"og:locale\" content=\"es_ES\" \/>\n<meta property=\"og:type\" content=\"article\" \/>\n<meta property=\"og:title\" content=\"Condiciones generales de venta - Sarah Janning-Picker\" \/>\n<meta property=\"og:description\" content=\"Condiciones generales de venta 1. disposiciones generales Proveedor: Sarah Janning-Picker Direcci\u00f3n:Kronskamp 2a 24558 Henstedt-Ulzburg Tel: +49 4193 752 3636 M\u00f3vil: [&hellip;]\" \/>\n<meta property=\"og:url\" content=\"https:\/\/www.janning-picker.de\/es\/condiciones-generales-de-venta\/\" \/>\n<meta property=\"og:site_name\" content=\"Sarah Janning-Picker\" \/>\n<meta property=\"article:modified_time\" content=\"2025-07-03T10:15:38+00:00\" \/>\n<meta name=\"twitter:card\" content=\"summary_large_image\" \/>\n<meta name=\"twitter:label1\" content=\"Tiempo de lectura\" \/>\n\t<meta name=\"twitter:data1\" content=\"8 minutos\" \/>\n<script type=\"application\/ld+json\" class=\"yoast-schema-graph\">{\"@context\":\"https:\\\/\\\/schema.org\",\"@graph\":[{\"@type\":\"WebPage\",\"@id\":\"https:\\\/\\\/www.janning-picker.de\\\/es\\\/condiciones-generales-de-venta\\\/\",\"url\":\"https:\\\/\\\/www.janning-picker.de\\\/es\\\/condiciones-generales-de-venta\\\/\",\"name\":\"Condiciones generales de venta - Sarah Janning-Picker\",\"isPartOf\":{\"@id\":\"https:\\\/\\\/www.janning-picker.de\\\/es\\\/#website\"},\"datePublished\":\"2025-07-03T09:08:39+00:00\",\"dateModified\":\"2025-07-03T10:15:38+00:00\",\"breadcrumb\":{\"@id\":\"https:\\\/\\\/www.janning-picker.de\\\/es\\\/condiciones-generales-de-venta\\\/#breadcrumb\"},\"inLanguage\":\"es\",\"potentialAction\":[{\"@type\":\"ReadAction\",\"target\":[\"https:\\\/\\\/www.janning-picker.de\\\/es\\\/condiciones-generales-de-venta\\\/\"]}]},{\"@type\":\"BreadcrumbList\",\"@id\":\"https:\\\/\\\/www.janning-picker.de\\\/es\\\/condiciones-generales-de-venta\\\/#breadcrumb\",\"itemListElement\":[{\"@type\":\"ListItem\",\"position\":1,\"name\":\"Startseite\",\"item\":\"https:\\\/\\\/www.janning-picker.de\\\/es\\\/\"},{\"@type\":\"ListItem\",\"position\":2,\"name\":\"Condiciones generales de venta\"}]},{\"@type\":\"WebSite\",\"@id\":\"https:\\\/\\\/www.janning-picker.de\\\/es\\\/#website\",\"url\":\"https:\\\/\\\/www.janning-picker.de\\\/es\\\/\",\"name\":\"Sarah Janning-Picker\",\"description\":\"Mit der Welt im Gespr\u00e4ch\",\"publisher\":{\"@id\":\"https:\\\/\\\/www.janning-picker.de\\\/es\\\/#organization\"},\"potentialAction\":[{\"@type\":\"SearchAction\",\"target\":{\"@type\":\"EntryPoint\",\"urlTemplate\":\"https:\\\/\\\/www.janning-picker.de\\\/es\\\/?s={search_term_string}\"},\"query-input\":{\"@type\":\"PropertyValueSpecification\",\"valueRequired\":true,\"valueName\":\"search_term_string\"}}],\"inLanguage\":\"es\"},{\"@type\":\"Organization\",\"@id\":\"https:\\\/\\\/www.janning-picker.de\\\/es\\\/#organization\",\"name\":\"Sarah Janning-Picker\",\"url\":\"https:\\\/\\\/www.janning-picker.de\\\/es\\\/\",\"logo\":{\"@type\":\"ImageObject\",\"inLanguage\":\"es\",\"@id\":\"https:\\\/\\\/www.janning-picker.de\\\/es\\\/#\\\/schema\\\/logo\\\/image\\\/\",\"url\":\"https:\\\/\\\/www.janning-picker.de\\\/wp-content\\\/uploads\\\/2025\\\/05\\\/logo.jpg\",\"contentUrl\":\"https:\\\/\\\/www.janning-picker.de\\\/wp-content\\\/uploads\\\/2025\\\/05\\\/logo.jpg\",\"width\":454,\"height\":69,\"caption\":\"Sarah Janning-Picker\"},\"image\":{\"@id\":\"https:\\\/\\\/www.janning-picker.de\\\/es\\\/#\\\/schema\\\/logo\\\/image\\\/\"}}]}<\/script>\n<!-- \/ Yoast SEO plugin. -->","yoast_head_json":{"title":"Condiciones generales de venta - Sarah Janning-Picker","robots":{"index":"index","follow":"follow","max-snippet":"max-snippet:-1","max-image-preview":"max-image-preview:large","max-video-preview":"max-video-preview:-1"},"canonical":"https:\/\/www.janning-picker.de\/es\/condiciones-generales-de-venta\/","og_locale":"es_ES","og_type":"article","og_title":"Condiciones generales de venta - Sarah Janning-Picker","og_description":"Condiciones generales de venta 1. disposiciones generales Proveedor: Sarah Janning-Picker Direcci\u00f3n:Kronskamp 2a 24558 Henstedt-Ulzburg Tel: +49 4193 752 3636 M\u00f3vil: [&hellip;]","og_url":"https:\/\/www.janning-picker.de\/es\/condiciones-generales-de-venta\/","og_site_name":"Sarah Janning-Picker","article_modified_time":"2025-07-03T10:15:38+00:00","twitter_card":"summary_large_image","twitter_misc":{"Tiempo de lectura":"8 minutos"},"schema":{"@context":"https:\/\/schema.org","@graph":[{"@type":"WebPage","@id":"https:\/\/www.janning-picker.de\/es\/condiciones-generales-de-venta\/","url":"https:\/\/www.janning-picker.de\/es\/condiciones-generales-de-venta\/","name":"Condiciones generales de venta - Sarah Janning-Picker","isPartOf":{"@id":"https:\/\/www.janning-picker.de\/es\/#website"},"datePublished":"2025-07-03T09:08:39+00:00","dateModified":"2025-07-03T10:15:38+00:00","breadcrumb":{"@id":"https:\/\/www.janning-picker.de\/es\/condiciones-generales-de-venta\/#breadcrumb"},"inLanguage":"es","potentialAction":[{"@type":"ReadAction","target":["https:\/\/www.janning-picker.de\/es\/condiciones-generales-de-venta\/"]}]},{"@type":"BreadcrumbList","@id":"https:\/\/www.janning-picker.de\/es\/condiciones-generales-de-venta\/#breadcrumb","itemListElement":[{"@type":"ListItem","position":1,"name":"Startseite","item":"https:\/\/www.janning-picker.de\/es\/"},{"@type":"ListItem","position":2,"name":"Condiciones generales de venta"}]},{"@type":"WebSite","@id":"https:\/\/www.janning-picker.de\/es\/#website","url":"https:\/\/www.janning-picker.de\/es\/","name":"Sarah Janning-Picker","description":"Mit der Welt im Gespr\u00e4ch","publisher":{"@id":"https:\/\/www.janning-picker.de\/es\/#organization"},"potentialAction":[{"@type":"SearchAction","target":{"@type":"EntryPoint","urlTemplate":"https:\/\/www.janning-picker.de\/es\/?s={search_term_string}"},"query-input":{"@type":"PropertyValueSpecification","valueRequired":true,"valueName":"search_term_string"}}],"inLanguage":"es"},{"@type":"Organization","@id":"https:\/\/www.janning-picker.de\/es\/#organization","name":"Sarah Janning-Picker","url":"https:\/\/www.janning-picker.de\/es\/","logo":{"@type":"ImageObject","inLanguage":"es","@id":"https:\/\/www.janning-picker.de\/es\/#\/schema\/logo\/image\/","url":"https:\/\/www.janning-picker.de\/wp-content\/uploads\/2025\/05\/logo.jpg","contentUrl":"https:\/\/www.janning-picker.de\/wp-content\/uploads\/2025\/05\/logo.jpg","width":454,"height":69,"caption":"Sarah Janning-Picker"},"image":{"@id":"https:\/\/www.janning-picker.de\/es\/#\/schema\/logo\/image\/"}}]}},"_links":{"self":[{"href":"https:\/\/www.janning-picker.de\/es\/wp-json\/wp\/v2\/pages\/5553","targetHints":{"allow":["GET"]}}],"collection":[{"href":"https:\/\/www.janning-picker.de\/es\/wp-json\/wp\/v2\/pages"}],"about":[{"href":"https:\/\/www.janning-picker.de\/es\/wp-json\/wp\/v2\/types\/page"}],"author":[{"embeddable":true,"href":"https:\/\/www.janning-picker.de\/es\/wp-json\/wp\/v2\/users\/3"}],"replies":[{"embeddable":true,"href":"https:\/\/www.janning-picker.de\/es\/wp-json\/wp\/v2\/comments?post=5553"}],"version-history":[{"count":2,"href":"https:\/\/www.janning-picker.de\/es\/wp-json\/wp\/v2\/pages\/5553\/revisions"}],"predecessor-version":[{"id":5556,"href":"https:\/\/www.janning-picker.de\/es\/wp-json\/wp\/v2\/pages\/5553\/revisions\/5556"}],"wp:attachment":[{"href":"https:\/\/www.janning-picker.de\/es\/wp-json\/wp\/v2\/media?parent=5553"}],"curies":[{"name":"wp","href":"https:\/\/api.w.org\/{rel}","templated":true}]}}