{"id":4057,"date":"2025-05-21T11:01:50","date_gmt":"2025-05-21T09:01:50","guid":{"rendered":"https:\/\/www.janning-picker.de\/online-tour-hambourg-ville-de-musique-1ere-partie\/"},"modified":"2025-06-23T13:33:01","modified_gmt":"2025-06-23T11:33:01","slug":"online-tour-hambourg-ville-de-musique-1ere-partie","status":"publish","type":"page","link":"https:\/\/www.janning-picker.de\/fr\/online-tour-hambourg-ville-de-musique-1ere-partie\/","title":{"rendered":"ONLINE Tour &#8211; Hambourg, ville de musique &#8211; 1\u00e8re partie"},"content":{"rendered":"\t\t<div data-elementor-type=\"wp-page\" data-elementor-id=\"4057\" class=\"elementor elementor-4057 elementor-3797\" data-elementor-post-type=\"page\">\n\t\t\t\t<div class=\"elementor-element elementor-element-05c3bc9 e-flex e-con-boxed e-con e-parent\" data-id=\"05c3bc9\" data-element_type=\"container\">\n\t\t\t\t\t<div class=\"e-con-inner\">\n\t\t<div class=\"elementor-element elementor-element-b4a86ac e-con-full e-flex e-con e-child\" data-id=\"b4a86ac\" data-element_type=\"container\" data-settings=\"{&quot;background_background&quot;:&quot;classic&quot;}\">\n\t\t\t\t<div class=\"elementor-element elementor-element-3ae1e9a elementor-widget elementor-widget-heading\" data-id=\"3ae1e9a\" data-element_type=\"widget\" data-widget_type=\"heading.default\">\n\t\t\t\t<div class=\"elementor-widget-container\">\n\t\t\t\t\t<h1 class=\"elementor-heading-title elementor-size-default\">ONLINE Tour - Hambourg, ville de musique - 1\u00e8re partie<\/h1>\t\t\t\t<\/div>\n\t\t\t\t<\/div>\n\t\t\t\t<\/div>\n\t\t\t\t\t<\/div>\n\t\t\t\t<\/div>\n\t\t<div class=\"elementor-element elementor-element-2a465765 e-flex e-con-boxed e-con e-parent\" data-id=\"2a465765\" data-element_type=\"container\">\n\t\t\t\t\t<div class=\"e-con-inner\">\n\t\t<div class=\"elementor-element elementor-element-46563e62 e-con-full e-flex e-con e-child\" data-id=\"46563e62\" data-element_type=\"container\">\n\t\t\t\t<div class=\"elementor-element elementor-element-54cf9c87 elementor-widget elementor-widget-heading\" data-id=\"54cf9c87\" data-element_type=\"widget\" data-widget_type=\"heading.default\">\n\t\t\t\t<div class=\"elementor-widget-container\">\n\t\t\t\t\t<h2 class=\"elementor-heading-title elementor-size-default\">La musique plut\u00f4t que Hambourg ? - Hambourg, ville de musique ! <\/h2>\t\t\t\t<\/div>\n\t\t\t\t<\/div>\n\t\t\t\t<\/div>\n\t\t\t\t\t<\/div>\n\t\t\t\t<\/div>\n\t\t<div class=\"elementor-element elementor-element-200e90d8 e-flex e-con-boxed e-con e-parent\" data-id=\"200e90d8\" data-element_type=\"container\">\n\t\t\t\t\t<div class=\"e-con-inner\">\n\t\t<div class=\"elementor-element elementor-element-42ba7f7b e-con-full e-flex e-con e-child\" data-id=\"42ba7f7b\" data-element_type=\"container\">\n\t\t\t\t<div class=\"elementor-element elementor-element-26c91467 elementor-widget elementor-widget-image\" data-id=\"26c91467\" data-element_type=\"widget\" data-widget_type=\"image.default\">\n\t\t\t\t<div class=\"elementor-widget-container\">\n\t\t\t\t\t\t\t\t\t\t\t\t\t\t\t\t<a href=\"https:\/\/www.janning-picker.de\/wp-content\/uploads\/2025\/05\/Laeiszhalle-Orgel-scaled-e1748251886282.jpg\" data-elementor-open-lightbox=\"yes\" data-elementor-lightbox-title=\"Laeiszhalle-Orgel\" data-elementor-lightbox-description=\"Laeiszhalle-Orgel\" data-e-action-hash=\"#elementor-action%3Aaction%3Dlightbox%26settings%3DeyJpZCI6NDAzMCwidXJsIjoiaHR0cHM6XC9cL3d3dy5qYW5uaW5nLXBpY2tlci5kZVwvd3AtY29udGVudFwvdXBsb2Fkc1wvMjAyNVwvMDVcL0xhZWlzemhhbGxlLU9yZ2VsLXNjYWxlZC1lMTc0ODI1MjY4MDQxOS5qcGcifQ%3D%3D\">\n\t\t\t\t\t\t\t<img fetchpriority=\"high\" decoding=\"async\" width=\"768\" height=\"505\" src=\"https:\/\/www.janning-picker.de\/wp-content\/uploads\/2025\/05\/Laeiszhalle-Orgel-scaled-e1748252680419-768x505.jpg\" class=\"attachment-medium_large size-medium_large wp-image-4030\" alt=\"Laeiszhalle-Orgel\" srcset=\"https:\/\/www.janning-picker.de\/wp-content\/uploads\/2025\/05\/Laeiszhalle-Orgel-scaled-e1748252680419-768x505.jpg 768w, https:\/\/www.janning-picker.de\/wp-content\/uploads\/2025\/05\/Laeiszhalle-Orgel-scaled-e1748252680419-300x197.jpg 300w, https:\/\/www.janning-picker.de\/wp-content\/uploads\/2025\/05\/Laeiszhalle-Orgel-scaled-e1748252680419-1024x673.jpg 1024w, https:\/\/www.janning-picker.de\/wp-content\/uploads\/2025\/05\/Laeiszhalle-Orgel-scaled-e1748252680419.jpg 1480w\" sizes=\"(max-width: 768px) 100vw, 768px\" \/>\t\t\t\t\t\t\t\t<\/a>\n\t\t\t\t\t\t\t\t\t\t\t\t\t\t\t<\/div>\n\t\t\t\t<\/div>\n\t\t\t\t<\/div>\n\t\t<div class=\"elementor-element elementor-element-3ab4e4d5 e-con-full e-flex e-con e-child\" data-id=\"3ab4e4d5\" data-element_type=\"container\">\n\t\t\t\t<div class=\"elementor-element elementor-element-3a83283a elementor-widget elementor-widget-heading\" data-id=\"3a83283a\" data-element_type=\"widget\" data-widget_type=\"heading.default\">\n\t\t\t\t<div class=\"elementor-widget-container\">\n\t\t\t\t\t<h3 class=\"elementor-heading-title elementor-size-default\">C'est ici que la musique se joue - \u00e0 Hambourg !<\/h3>\t\t\t\t<\/div>\n\t\t\t\t<\/div>\n\t\t\t\t<div class=\"elementor-element elementor-element-67e48dbd elementor-widget elementor-widget-text-editor\" data-id=\"67e48dbd\" data-element_type=\"widget\" data-widget_type=\"text-editor.default\">\n\t\t\t\t<div class=\"elementor-widget-container\">\n\t\t\t\t\t\t\t\t\t<p>Quels compositeurs c\u00e9l\u00e8bres ont travaill\u00e9 \u00e0 Hambourg ? Comment vivaient-ils et \u00e0 quoi pensaient-ils ? Nous partirons virtuellement sur les traces de la ville de la musique et visiterons des lieux importants de l&rsquo;histoire de la musique \u00e0 Hambourg \u00e0 travers un voyage en images et des exemples sonores. Nous relierons la vaste histoire de la musique \u00e0 Hambourg aux sc\u00e8nes qui existent encore aujourd&rsquo;hui.   <\/p>\t\t\t\t\t\t\t\t<\/div>\n\t\t\t\t<\/div>\n\t\t\t\t<\/div>\n\t\t\t\t\t<\/div>\n\t\t\t\t<\/div>\n\t\t<div class=\"elementor-element elementor-element-faa8807 e-flex e-con-boxed e-con e-parent\" data-id=\"faa8807\" data-element_type=\"container\">\n\t\t\t\t\t<div class=\"e-con-inner\">\n\t\t<div class=\"elementor-element elementor-element-1fd0c71a e-con-full e-flex e-con e-child\" data-id=\"1fd0c71a\" data-element_type=\"container\">\n\t\t\t\t<div class=\"elementor-element elementor-element-31242bb2 elementor-widget elementor-widget-heading\" data-id=\"31242bb2\" data-element_type=\"widget\" data-widget_type=\"heading.default\">\n\t\t\t\t<div class=\"elementor-widget-container\">\n\t\t\t\t\t<h3 class=\"elementor-heading-title elementor-size-default\">Programme<\/h3>\t\t\t\t<\/div>\n\t\t\t\t<\/div>\n\t\t\t\t<div class=\"elementor-element elementor-element-697bf565 elementor-widget elementor-widget-text-editor\" data-id=\"697bf565\" data-element_type=\"widget\" data-widget_type=\"text-editor.default\">\n\t\t\t\t<div class=\"elementor-widget-container\">\n\t\t\t\t\t\t\t\t\t<p>La premi\u00e8re partie de notre visite en ligne de la ville de la musique commence au c\u0153ur de Hambourg. C&rsquo;est ici qu&rsquo;a commenc\u00e9 l&rsquo;histoire de la ville, mais aussi celle de la musique. Les \u00e9glises principales de St. Petri et St. Jacobi faisaient (ou ont fait) partie des lieux musicaux les plus importants de la ville. Nous allons maintenant explorer la \u00ab Neustadt \u00bb de Hambourg avec l&rsquo;Op\u00e9ra national, la Laeiszhalle, la Lichtwarksaal et le Komponistenquartier, o\u00f9 se termine la premi\u00e8re partie de la visite en ligne.   <\/p>\t\t\t\t\t\t\t\t<\/div>\n\t\t\t\t<\/div>\n\t\t\t\t<\/div>\n\t\t\t\t\t<\/div>\n\t\t\t\t<\/div>\n\t\t<div class=\"elementor-element elementor-element-3b0d6e6c e-flex e-con-boxed e-con e-parent\" data-id=\"3b0d6e6c\" data-element_type=\"container\">\n\t\t\t\t\t<div class=\"e-con-inner\">\n\t\t<div class=\"elementor-element elementor-element-7e4d4489 e-con-full e-flex e-con e-child\" data-id=\"7e4d4489\" data-element_type=\"container\">\n\t\t\t\t<div class=\"elementor-element elementor-element-2998ea3e elementor-widget elementor-widget-heading\" data-id=\"2998ea3e\" data-element_type=\"widget\" data-widget_type=\"heading.default\">\n\t\t\t\t<div class=\"elementor-widget-container\">\n\t\t\t\t\t<h3 class=\"elementor-heading-title elementor-size-default\">Pour<\/h3>\t\t\t\t<\/div>\n\t\t\t\t<\/div>\n\t\t\t\t<div class=\"elementor-element elementor-element-e3e6959 elementor-widget elementor-widget-text-editor\" data-id=\"e3e6959\" data-element_type=\"widget\" data-widget_type=\"text-editor.default\">\n\t\t\t\t<div class=\"elementor-widget-container\">\n\t\t\t\t\t\t\t\t\t<p>Ceux qui s&rsquo;int\u00e9ressent \u00e0 l&rsquo;histoire de la musique<br>Ceux qui souhaitent explorer Hambourg hors des sentiers battus<\/p>\t\t\t\t\t\t\t\t<\/div>\n\t\t\t\t<\/div>\n\t\t\t\t<\/div>\n\t\t\t\t\t<\/div>\n\t\t\t\t<\/div>\n\t\t<div class=\"elementor-element elementor-element-e97a9c4 e-flex e-con-boxed e-con e-parent\" data-id=\"e97a9c4\" data-element_type=\"container\">\n\t\t\t\t\t<div class=\"e-con-inner\">\n\t\t<div class=\"elementor-element elementor-element-51358cd e-con-full e-flex e-con e-child\" data-id=\"51358cd\" data-element_type=\"container\">\n\t\t\t\t<div class=\"elementor-element elementor-element-9ee5763 elementor-widget elementor-widget-heading\" data-id=\"9ee5763\" data-element_type=\"widget\" data-widget_type=\"heading.default\">\n\t\t\t\t<div class=\"elementor-widget-container\">\n\t\t\t\t\t<h3 class=\"elementor-heading-title elementor-size-default\">Remarques<\/h3>\t\t\t\t<\/div>\n\t\t\t\t<\/div>\n\t\t\t\t<div class=\"elementor-element elementor-element-deb427b elementor-widget elementor-widget-text-editor\" data-id=\"deb427b\" data-element_type=\"widget\" data-widget_type=\"text-editor.default\">\n\t\t\t\t<div class=\"elementor-widget-container\">\n\t\t\t\t\t\t\t\t\t<p>Cette visite en ligne s&rsquo;effectue via le logiciel de vid\u00e9oconf\u00e9rence Zoom. L&rsquo;ENREGISTREMENT ET L&rsquo;INSTALLATION DU LOGICIEL NE SONT PAS N\u00c9CESSAIRES. Apr\u00e8s le deuxi\u00e8me refus de t\u00e9l\u00e9chargement, la possibilit\u00e9 de participer via le navigateur appara\u00eet. En cas de probl\u00e8me, je suis \u00e0 votre disposition une heure avant le d\u00e9but de l&rsquo;\u00e9v\u00e9nement.<br>J&rsquo;aime rendre mes visites en ligne interactives, tout comme mes visites \u00ab\u00a0normales\u00a0\u00bb. C&rsquo;est pourquoi j&rsquo;aimerais que vous y participiez de pr\u00e9f\u00e9rence avec un ordinateur\/portable et des \u00e9couteurs\/haut-parleurs en \u00e9tat de marche, un microphone et une cam\u00e9ra. Il vous sera toujours possible de poser des questions ou de faire des commentaires.     <\/p>\t\t\t\t\t\t\t\t<\/div>\n\t\t\t\t<\/div>\n\t\t\t\t<\/div>\n\t\t\t\t\t<\/div>\n\t\t\t\t<\/div>\n\t\t<div class=\"elementor-element elementor-element-319083f e-flex e-con-boxed e-con e-parent\" data-id=\"319083f\" data-element_type=\"container\">\n\t\t\t\t\t<div class=\"e-con-inner\">\n\t\t<div class=\"elementor-element elementor-element-1f033f1 e-con-full e-flex e-con e-child\" data-id=\"1f033f1\" data-element_type=\"container\">\n\t\t\t\t<div class=\"elementor-element elementor-element-b303bd6 elementor-widget elementor-widget-heading\" data-id=\"b303bd6\" data-element_type=\"widget\" data-widget_type=\"heading.default\">\n\t\t\t\t<div class=\"elementor-widget-container\">\n\t\t\t\t\t<h3 class=\"elementor-heading-title elementor-size-default\">Dates<\/h3>\t\t\t\t<\/div>\n\t\t\t\t<\/div>\n\t\t\t\t<div class=\"elementor-element elementor-element-1c90f4e elementor-widget elementor-widget-text-editor\" data-id=\"1c90f4e\" data-element_type=\"widget\" data-widget_type=\"text-editor.default\">\n\t\t\t\t<div class=\"elementor-widget-container\">\n\t\t\t\t\t\t\t\t\t<p>Cette visite peut \u00eatre r\u00e9serv\u00e9e individuellement pour une personne ou un groupe\/une famille et je m&rsquo;efforcerai de respecter la date que vous souhaitez.<\/p>\t\t\t\t\t\t\t\t<\/div>\n\t\t\t\t<\/div>\n\t\t\t\t<\/div>\n\t\t\t\t\t<\/div>\n\t\t\t\t<\/div>\n\t\t<div class=\"elementor-element elementor-element-19ccf7c e-flex e-con-boxed e-con e-parent\" data-id=\"19ccf7c\" data-element_type=\"container\">\n\t\t\t\t\t<div class=\"e-con-inner\">\n\t\t\t\t<div class=\"elementor-element elementor-element-56094549 elementor-widget elementor-widget-spacer\" data-id=\"56094549\" data-element_type=\"widget\" data-widget_type=\"spacer.default\">\n\t\t\t\t<div class=\"elementor-widget-container\">\n\t\t\t\t\t\t\t<div class=\"elementor-spacer\">\n\t\t\t<div class=\"elementor-spacer-inner\"><\/div>\n\t\t<\/div>\n\t\t\t\t\t\t<\/div>\n\t\t\t\t<\/div>\n\t\t\t\t\t<\/div>\n\t\t\t\t<\/div>\n\t\t\t\t<\/div>\n\t\t","protected":false},"excerpt":{"rendered":"<p>ONLINE Tour &#8211; Hambourg, ville de musique &#8211; 1\u00e8re partie La musique plut\u00f4t que Hambourg ? &#8211; Hambourg, ville de [&hellip;]<\/p>\n","protected":false},"author":3,"featured_media":4059,"parent":0,"menu_order":0,"comment_status":"closed","ping_status":"closed","template":"","meta":{"site-sidebar-layout":"no-sidebar","site-content-layout":"","ast-site-content-layout":"full-width-container","site-content-style":"default","site-sidebar-style":"default","ast-global-header-display":"","ast-banner-title-visibility":"","ast-main-header-display":"","ast-hfb-above-header-display":"","ast-hfb-below-header-display":"","ast-hfb-mobile-header-display":"","site-post-title":"disabled","ast-breadcrumbs-content":"","ast-featured-img":"disabled","footer-sml-layout":"","theme-transparent-header-meta":"","adv-header-id-meta":"","stick-header-meta":"","header-above-stick-meta":"","header-main-stick-meta":"","header-below-stick-meta":"","astra-migrate-meta-layouts":"default","ast-page-background-enabled":"default","ast-page-background-meta":{"desktop":{"background-color":"var(--ast-global-color-5)","background-image":"","background-repeat":"repeat","background-position":"center center","background-size":"auto","background-attachment":"scroll","background-type":"","background-media":"","overlay-type":"","overlay-color":"","overlay-opacity":"","overlay-gradient":""},"tablet":{"background-color":"","background-image":"","background-repeat":"repeat","background-position":"center center","background-size":"auto","background-attachment":"scroll","background-type":"","background-media":"","overlay-type":"","overlay-color":"","overlay-opacity":"","overlay-gradient":""},"mobile":{"background-color":"","background-image":"","background-repeat":"repeat","background-position":"center center","background-size":"auto","background-attachment":"scroll","background-type":"","background-media":"","overlay-type":"","overlay-color":"","overlay-opacity":"","overlay-gradient":""}},"ast-content-background-meta":{"desktop":{"background-color":"var(--ast-global-color-4)","background-image":"","background-repeat":"repeat","background-position":"center center","background-size":"auto","background-attachment":"scroll","background-type":"","background-media":"","overlay-type":"","overlay-color":"","overlay-opacity":"","overlay-gradient":""},"tablet":{"background-color":"var(--ast-global-color-4)","background-image":"","background-repeat":"repeat","background-position":"center center","background-size":"auto","background-attachment":"scroll","background-type":"","background-media":"","overlay-type":"","overlay-color":"","overlay-opacity":"","overlay-gradient":""},"mobile":{"background-color":"var(--ast-global-color-4)","background-image":"","background-repeat":"repeat","background-position":"center center","background-size":"auto","background-attachment":"scroll","background-type":"","background-media":"","overlay-type":"","overlay-color":"","overlay-opacity":"","overlay-gradient":""}},"footnotes":""},"class_list":["post-4057","page","type-page","status-publish","has-post-thumbnail","hentry"],"yoast_head":"<!-- This site is optimized with the Yoast SEO plugin v27.5 - https:\/\/yoast.com\/product\/yoast-seo-wordpress\/ -->\n<title>ONLINE Tour - Hambourg, ville de musique - 1\u00e8re partie - Sarah Janning-Picker<\/title>\n<meta name=\"robots\" content=\"index, follow, max-snippet:-1, max-image-preview:large, max-video-preview:-1\" \/>\n<link rel=\"canonical\" href=\"https:\/\/www.janning-picker.de\/fr\/online-tour-hambourg-ville-de-musique-1ere-partie\/\" \/>\n<meta property=\"og:locale\" content=\"fr_FR\" \/>\n<meta property=\"og:type\" content=\"article\" \/>\n<meta property=\"og:title\" content=\"ONLINE Tour - Hambourg, ville de musique - 1\u00e8re partie - Sarah Janning-Picker\" \/>\n<meta property=\"og:description\" content=\"ONLINE Tour &#8211; Hambourg, ville de musique &#8211; 1\u00e8re partie La musique plut\u00f4t que Hambourg ? &#8211; Hambourg, ville de [&hellip;]\" \/>\n<meta property=\"og:url\" content=\"https:\/\/www.janning-picker.de\/fr\/online-tour-hambourg-ville-de-musique-1ere-partie\/\" \/>\n<meta property=\"og:site_name\" content=\"Sarah Janning-Picker\" \/>\n<meta property=\"article:modified_time\" content=\"2025-06-23T11:33:01+00:00\" \/>\n<meta property=\"og:image\" content=\"https:\/\/www.janning-picker.de\/wp-content\/uploads\/2025\/05\/Laeiszhalle-Organ.jpg\" \/>\n\t<meta property=\"og:image:width\" content=\"900\" \/>\n\t<meta property=\"og:image:height\" content=\"590\" \/>\n\t<meta property=\"og:image:type\" content=\"image\/jpeg\" \/>\n<meta name=\"twitter:card\" content=\"summary_large_image\" \/>\n<meta name=\"twitter:label1\" content=\"Dur\u00e9e de lecture estim\u00e9e\" \/>\n\t<meta name=\"twitter:data1\" content=\"2 minutes\" \/>\n<script type=\"application\/ld+json\" class=\"yoast-schema-graph\">{\"@context\":\"https:\\\/\\\/schema.org\",\"@graph\":[{\"@type\":\"WebPage\",\"@id\":\"https:\\\/\\\/www.janning-picker.de\\\/fr\\\/online-tour-hambourg-ville-de-musique-1ere-partie\\\/\",\"url\":\"https:\\\/\\\/www.janning-picker.de\\\/fr\\\/online-tour-hambourg-ville-de-musique-1ere-partie\\\/\",\"name\":\"ONLINE Tour - Hambourg, ville de musique - 1\u00e8re partie - Sarah Janning-Picker\",\"isPartOf\":{\"@id\":\"https:\\\/\\\/www.janning-picker.de\\\/fr\\\/#website\"},\"primaryImageOfPage\":{\"@id\":\"https:\\\/\\\/www.janning-picker.de\\\/fr\\\/online-tour-hambourg-ville-de-musique-1ere-partie\\\/#primaryimage\"},\"image\":{\"@id\":\"https:\\\/\\\/www.janning-picker.de\\\/fr\\\/online-tour-hambourg-ville-de-musique-1ere-partie\\\/#primaryimage\"},\"thumbnailUrl\":\"https:\\\/\\\/www.janning-picker.de\\\/wp-content\\\/uploads\\\/2025\\\/05\\\/Laeiszhalle-Organ.jpg\",\"datePublished\":\"2025-05-21T09:01:50+00:00\",\"dateModified\":\"2025-06-23T11:33:01+00:00\",\"breadcrumb\":{\"@id\":\"https:\\\/\\\/www.janning-picker.de\\\/fr\\\/online-tour-hambourg-ville-de-musique-1ere-partie\\\/#breadcrumb\"},\"inLanguage\":\"fr-FR\",\"potentialAction\":[{\"@type\":\"ReadAction\",\"target\":[\"https:\\\/\\\/www.janning-picker.de\\\/fr\\\/online-tour-hambourg-ville-de-musique-1ere-partie\\\/\"]}]},{\"@type\":\"ImageObject\",\"inLanguage\":\"fr-FR\",\"@id\":\"https:\\\/\\\/www.janning-picker.de\\\/fr\\\/online-tour-hambourg-ville-de-musique-1ere-partie\\\/#primaryimage\",\"url\":\"https:\\\/\\\/www.janning-picker.de\\\/wp-content\\\/uploads\\\/2025\\\/05\\\/Laeiszhalle-Organ.jpg\",\"contentUrl\":\"https:\\\/\\\/www.janning-picker.de\\\/wp-content\\\/uploads\\\/2025\\\/05\\\/Laeiszhalle-Organ.jpg\",\"width\":900,\"height\":590},{\"@type\":\"BreadcrumbList\",\"@id\":\"https:\\\/\\\/www.janning-picker.de\\\/fr\\\/online-tour-hambourg-ville-de-musique-1ere-partie\\\/#breadcrumb\",\"itemListElement\":[{\"@type\":\"ListItem\",\"position\":1,\"name\":\"Startseite\",\"item\":\"https:\\\/\\\/www.janning-picker.de\\\/fr\\\/\"},{\"@type\":\"ListItem\",\"position\":2,\"name\":\"ONLINE Tour &#8211; Hambourg, ville de musique &#8211; 1\u00e8re partie\"}]},{\"@type\":\"WebSite\",\"@id\":\"https:\\\/\\\/www.janning-picker.de\\\/fr\\\/#website\",\"url\":\"https:\\\/\\\/www.janning-picker.de\\\/fr\\\/\",\"name\":\"Sarah Janning-Picker\",\"description\":\"Mit der Welt im Gespr\u00e4ch\",\"publisher\":{\"@id\":\"https:\\\/\\\/www.janning-picker.de\\\/fr\\\/#organization\"},\"potentialAction\":[{\"@type\":\"SearchAction\",\"target\":{\"@type\":\"EntryPoint\",\"urlTemplate\":\"https:\\\/\\\/www.janning-picker.de\\\/fr\\\/?s={search_term_string}\"},\"query-input\":{\"@type\":\"PropertyValueSpecification\",\"valueRequired\":true,\"valueName\":\"search_term_string\"}}],\"inLanguage\":\"fr-FR\"},{\"@type\":\"Organization\",\"@id\":\"https:\\\/\\\/www.janning-picker.de\\\/fr\\\/#organization\",\"name\":\"Sarah Janning-Picker\",\"url\":\"https:\\\/\\\/www.janning-picker.de\\\/fr\\\/\",\"logo\":{\"@type\":\"ImageObject\",\"inLanguage\":\"fr-FR\",\"@id\":\"https:\\\/\\\/www.janning-picker.de\\\/fr\\\/#\\\/schema\\\/logo\\\/image\\\/\",\"url\":\"https:\\\/\\\/www.janning-picker.de\\\/wp-content\\\/uploads\\\/2025\\\/05\\\/logo.jpg\",\"contentUrl\":\"https:\\\/\\\/www.janning-picker.de\\\/wp-content\\\/uploads\\\/2025\\\/05\\\/logo.jpg\",\"width\":454,\"height\":69,\"caption\":\"Sarah Janning-Picker\"},\"image\":{\"@id\":\"https:\\\/\\\/www.janning-picker.de\\\/fr\\\/#\\\/schema\\\/logo\\\/image\\\/\"}}]}<\/script>\n<!-- \/ Yoast SEO plugin. -->","yoast_head_json":{"title":"ONLINE Tour - Hambourg, ville de musique - 1\u00e8re partie - Sarah Janning-Picker","robots":{"index":"index","follow":"follow","max-snippet":"max-snippet:-1","max-image-preview":"max-image-preview:large","max-video-preview":"max-video-preview:-1"},"canonical":"https:\/\/www.janning-picker.de\/fr\/online-tour-hambourg-ville-de-musique-1ere-partie\/","og_locale":"fr_FR","og_type":"article","og_title":"ONLINE Tour - Hambourg, ville de musique - 1\u00e8re partie - Sarah Janning-Picker","og_description":"ONLINE Tour &#8211; Hambourg, ville de musique &#8211; 1\u00e8re partie La musique plut\u00f4t que Hambourg ? &#8211; Hambourg, ville de [&hellip;]","og_url":"https:\/\/www.janning-picker.de\/fr\/online-tour-hambourg-ville-de-musique-1ere-partie\/","og_site_name":"Sarah Janning-Picker","article_modified_time":"2025-06-23T11:33:01+00:00","og_image":[{"width":900,"height":590,"url":"https:\/\/www.janning-picker.de\/wp-content\/uploads\/2025\/05\/Laeiszhalle-Organ.jpg","type":"image\/jpeg"}],"twitter_card":"summary_large_image","twitter_misc":{"Dur\u00e9e de lecture estim\u00e9e":"2 minutes"},"schema":{"@context":"https:\/\/schema.org","@graph":[{"@type":"WebPage","@id":"https:\/\/www.janning-picker.de\/fr\/online-tour-hambourg-ville-de-musique-1ere-partie\/","url":"https:\/\/www.janning-picker.de\/fr\/online-tour-hambourg-ville-de-musique-1ere-partie\/","name":"ONLINE Tour - Hambourg, ville de musique - 1\u00e8re partie - Sarah Janning-Picker","isPartOf":{"@id":"https:\/\/www.janning-picker.de\/fr\/#website"},"primaryImageOfPage":{"@id":"https:\/\/www.janning-picker.de\/fr\/online-tour-hambourg-ville-de-musique-1ere-partie\/#primaryimage"},"image":{"@id":"https:\/\/www.janning-picker.de\/fr\/online-tour-hambourg-ville-de-musique-1ere-partie\/#primaryimage"},"thumbnailUrl":"https:\/\/www.janning-picker.de\/wp-content\/uploads\/2025\/05\/Laeiszhalle-Organ.jpg","datePublished":"2025-05-21T09:01:50+00:00","dateModified":"2025-06-23T11:33:01+00:00","breadcrumb":{"@id":"https:\/\/www.janning-picker.de\/fr\/online-tour-hambourg-ville-de-musique-1ere-partie\/#breadcrumb"},"inLanguage":"fr-FR","potentialAction":[{"@type":"ReadAction","target":["https:\/\/www.janning-picker.de\/fr\/online-tour-hambourg-ville-de-musique-1ere-partie\/"]}]},{"@type":"ImageObject","inLanguage":"fr-FR","@id":"https:\/\/www.janning-picker.de\/fr\/online-tour-hambourg-ville-de-musique-1ere-partie\/#primaryimage","url":"https:\/\/www.janning-picker.de\/wp-content\/uploads\/2025\/05\/Laeiszhalle-Organ.jpg","contentUrl":"https:\/\/www.janning-picker.de\/wp-content\/uploads\/2025\/05\/Laeiszhalle-Organ.jpg","width":900,"height":590},{"@type":"BreadcrumbList","@id":"https:\/\/www.janning-picker.de\/fr\/online-tour-hambourg-ville-de-musique-1ere-partie\/#breadcrumb","itemListElement":[{"@type":"ListItem","position":1,"name":"Startseite","item":"https:\/\/www.janning-picker.de\/fr\/"},{"@type":"ListItem","position":2,"name":"ONLINE Tour &#8211; Hambourg, ville de musique &#8211; 1\u00e8re partie"}]},{"@type":"WebSite","@id":"https:\/\/www.janning-picker.de\/fr\/#website","url":"https:\/\/www.janning-picker.de\/fr\/","name":"Sarah Janning-Picker","description":"Mit der Welt im Gespr\u00e4ch","publisher":{"@id":"https:\/\/www.janning-picker.de\/fr\/#organization"},"potentialAction":[{"@type":"SearchAction","target":{"@type":"EntryPoint","urlTemplate":"https:\/\/www.janning-picker.de\/fr\/?s={search_term_string}"},"query-input":{"@type":"PropertyValueSpecification","valueRequired":true,"valueName":"search_term_string"}}],"inLanguage":"fr-FR"},{"@type":"Organization","@id":"https:\/\/www.janning-picker.de\/fr\/#organization","name":"Sarah Janning-Picker","url":"https:\/\/www.janning-picker.de\/fr\/","logo":{"@type":"ImageObject","inLanguage":"fr-FR","@id":"https:\/\/www.janning-picker.de\/fr\/#\/schema\/logo\/image\/","url":"https:\/\/www.janning-picker.de\/wp-content\/uploads\/2025\/05\/logo.jpg","contentUrl":"https:\/\/www.janning-picker.de\/wp-content\/uploads\/2025\/05\/logo.jpg","width":454,"height":69,"caption":"Sarah Janning-Picker"},"image":{"@id":"https:\/\/www.janning-picker.de\/fr\/#\/schema\/logo\/image\/"}}]}},"_links":{"self":[{"href":"https:\/\/www.janning-picker.de\/fr\/wp-json\/wp\/v2\/pages\/4057","targetHints":{"allow":["GET"]}}],"collection":[{"href":"https:\/\/www.janning-picker.de\/fr\/wp-json\/wp\/v2\/pages"}],"about":[{"href":"https:\/\/www.janning-picker.de\/fr\/wp-json\/wp\/v2\/types\/page"}],"author":[{"embeddable":true,"href":"https:\/\/www.janning-picker.de\/fr\/wp-json\/wp\/v2\/users\/3"}],"replies":[{"embeddable":true,"href":"https:\/\/www.janning-picker.de\/fr\/wp-json\/wp\/v2\/comments?post=4057"}],"version-history":[{"count":1,"href":"https:\/\/www.janning-picker.de\/fr\/wp-json\/wp\/v2\/pages\/4057\/revisions"}],"predecessor-version":[{"id":4058,"href":"https:\/\/www.janning-picker.de\/fr\/wp-json\/wp\/v2\/pages\/4057\/revisions\/4058"}],"wp:featuredmedia":[{"embeddable":true,"href":"https:\/\/www.janning-picker.de\/fr\/wp-json\/wp\/v2\/media\/4059"}],"wp:attachment":[{"href":"https:\/\/www.janning-picker.de\/fr\/wp-json\/wp\/v2\/media?parent=4057"}],"curies":[{"name":"wp","href":"https:\/\/api.w.org\/{rel}","templated":true}]}}