{"id":5294,"date":"2025-06-24T11:24:44","date_gmt":"2025-06-24T09:24:44","guid":{"rendered":"https:\/\/www.janning-picker.de\/quartier-juif-de-hambourg-grindel\/"},"modified":"2025-06-26T11:47:58","modified_gmt":"2025-06-26T09:47:58","slug":"quartier-juif-de-hambourg-grindel","status":"publish","type":"page","link":"https:\/\/www.janning-picker.de\/fr\/quartier-juif-de-hambourg-grindel\/","title":{"rendered":"Quartier juif de Hambourg &#8211; Grindel"},"content":{"rendered":"\t\t<div data-elementor-type=\"wp-page\" data-elementor-id=\"5294\" class=\"elementor elementor-5294 elementor-4962\" data-elementor-post-type=\"page\">\n\t\t\t\t<div class=\"elementor-element elementor-element-5b268972 e-flex e-con-boxed e-con e-parent\" data-id=\"5b268972\" data-element_type=\"container\">\n\t\t\t\t\t<div class=\"e-con-inner\">\n\t\t<div class=\"elementor-element elementor-element-78106fbe e-con-full e-flex e-con e-child\" data-id=\"78106fbe\" data-element_type=\"container\" data-settings=\"{&quot;background_background&quot;:&quot;classic&quot;}\">\n\t\t\t\t<div class=\"elementor-element elementor-element-f52ed88 elementor-widget elementor-widget-heading\" data-id=\"f52ed88\" data-element_type=\"widget\" data-widget_type=\"heading.default\">\n\t\t\t\t<div class=\"elementor-widget-container\">\n\t\t\t\t\t<h1 class=\"elementor-heading-title elementor-size-default\">Quartier juif de Hambourg - Grindel<\/h1>\t\t\t\t<\/div>\n\t\t\t\t<\/div>\n\t\t\t\t<\/div>\n\t\t\t\t\t<\/div>\n\t\t\t\t<\/div>\n\t\t<div class=\"elementor-element elementor-element-67153e33 e-flex e-con-boxed e-con e-parent\" data-id=\"67153e33\" data-element_type=\"container\">\n\t\t\t\t\t<div class=\"e-con-inner\">\n\t\t<div class=\"elementor-element elementor-element-76760a88 e-con-full e-flex e-con e-child\" data-id=\"76760a88\" data-element_type=\"container\">\n\t\t\t\t<div class=\"elementor-element elementor-element-59df0c34 elementor-widget elementor-widget-image\" data-id=\"59df0c34\" data-element_type=\"widget\" data-widget_type=\"image.default\">\n\t\t\t\t<div class=\"elementor-widget-container\">\n\t\t\t\t\t\t\t\t\t\t\t\t\t\t\t\t<a href=\"https:\/\/www.janning-picker.de\/wp-content\/uploads\/2025\/06\/Curio-Haus-1.jpg\" data-elementor-open-lightbox=\"yes\" data-elementor-lightbox-title=\"OLYMPUS DIGITAL CAMERA\" data-elementor-lightbox-description=\"Curio Haus\" data-e-action-hash=\"#elementor-action%3Aaction%3Dlightbox%26settings%3DeyJpZCI6NTExMiwidXJsIjoiaHR0cHM6XC9cL3d3dy5qYW5uaW5nLXBpY2tlci5kZVwvd3AtY29udGVudFwvdXBsb2Fkc1wvMjAyNVwvMDZcL0N1cmlvLUhhdXMtMS5qcGcifQ%3D%3D\">\n\t\t\t\t\t\t\t<img fetchpriority=\"high\" decoding=\"async\" width=\"768\" height=\"513\" src=\"https:\/\/www.janning-picker.de\/wp-content\/uploads\/2025\/06\/Curio-Haus-1-768x513.jpg\" class=\"attachment-medium_large size-medium_large wp-image-5112\" alt=\"Curio Haus\" srcset=\"https:\/\/www.janning-picker.de\/wp-content\/uploads\/2025\/06\/Curio-Haus-1-768x513.jpg 768w, https:\/\/www.janning-picker.de\/wp-content\/uploads\/2025\/06\/Curio-Haus-1-300x201.jpg 300w, https:\/\/www.janning-picker.de\/wp-content\/uploads\/2025\/06\/Curio-Haus-1-1024x684.jpg 1024w, https:\/\/www.janning-picker.de\/wp-content\/uploads\/2025\/06\/Curio-Haus-1.jpg 1200w\" sizes=\"(max-width: 768px) 100vw, 768px\" \/>\t\t\t\t\t\t\t\t<\/a>\n\t\t\t\t\t\t\t\t\t\t\t\t\t\t\t<\/div>\n\t\t\t\t<\/div>\n\t\t\t\t<\/div>\n\t\t<div class=\"elementor-element elementor-element-3f560a29 e-con-full e-flex e-con e-child\" data-id=\"3f560a29\" data-element_type=\"container\">\n\t\t\t\t<div class=\"elementor-element elementor-element-25750ff elementor-widget elementor-widget-heading\" data-id=\"25750ff\" data-element_type=\"widget\" data-widget_type=\"heading.default\">\n\t\t\t\t<div class=\"elementor-widget-container\">\n\t\t\t\t\t<h3 class=\"elementor-heading-title elementor-size-default\">Visite guid\u00e9e de l'histoire juive de Hambourg, Grindelviertel et P\u00f6seldorf<\/h3>\t\t\t\t<\/div>\n\t\t\t\t<\/div>\n\t\t\t\t<div class=\"elementor-element elementor-element-13903568 elementor-widget elementor-widget-text-editor\" data-id=\"13903568\" data-element_type=\"widget\" data-widget_type=\"text-editor.default\">\n\t\t\t\t<div class=\"elementor-widget-container\">\n\t\t\t\t\t\t\t\t\t<p>Lors de cette visite guid\u00e9e du quartier de Rotherbaum \u00e0 Hambourg, nous nous souviendrons de la vie juive pass\u00e9e \u00e0 Hambourg et visiterons de nombreux endroits o\u00f9 des personnalit\u00e9s juives importantes ont v\u00e9cu et travaill\u00e9. En commen\u00e7ant par la <a href=\"https:\/\/de.wikipedia.org\/wiki\/Curiohaus\" target=\"_blank\" rel=\"noopener\">Curio-Haus<\/a>, o\u00f9 se sont d\u00e9roul\u00e9s les proc\u00e8s des officiers SS apr\u00e8s la Seconde Guerre mondiale, nous nous prom\u00e8nerons sur le campus de l&rsquo;universit\u00e9 de Hambourg jusqu&rsquo;au quartier de Grindelviertel, o\u00f9 la vie juive existe encore aujourd&rsquo;hui. En passant devant les Kammerspielen et de nombreuses <a href=\"http:\/\/www.stolpersteine-hamburg.de\/\" target=\"_blank\" rel=\"noopener\">pierres d&rsquo;achoppement<\/a>, nous d\u00e9couvrons dans la deuxi\u00e8me moiti\u00e9 de la visite guid\u00e9e de Hambourg le quartier de P\u00f6seldorf avec le Budge-Palais, l&rsquo;actuelle <a href=\"https:\/\/www.hfmt-hamburg.de\/startseite\/\" target=\"_blank\" rel=\"noopener\">Haute \u00e9cole de musique et de th\u00e9\u00e2tre<\/a>. Juste \u00e0 c\u00f4t\u00e9 se trouve la Villa Beit, qui vaut \u00e9galement le coup d&rsquo;\u0153il.   <\/p>\t\t\t\t\t\t\t\t<\/div>\n\t\t\t\t<\/div>\n\t\t\t\t<\/div>\n\t\t\t\t\t<\/div>\n\t\t\t\t<\/div>\n\t\t<div class=\"elementor-element elementor-element-3db1f7c5 e-flex e-con-boxed e-con e-parent\" data-id=\"3db1f7c5\" data-element_type=\"container\">\n\t\t\t\t\t<div class=\"e-con-inner\">\n\t\t<div class=\"elementor-element elementor-element-5479954c e-con-full e-flex e-con e-child\" data-id=\"5479954c\" data-element_type=\"container\">\n\t\t\t\t<div class=\"elementor-element elementor-element-2c906d2e elementor-widget elementor-widget-text-editor\" data-id=\"2c906d2e\" data-element_type=\"widget\" data-widget_type=\"text-editor.default\">\n\t\t\t\t<div class=\"elementor-widget-container\">\n\t\t\t\t\t\t\t\t\t<p>Nous fl\u00e2nons un peu le long de l&rsquo;Alster et laissons notre regard errer sur le magnifique lac Au\u00dfenalster. En tant que <a href=\"https:\/\/janning-picker.de\/ueber-mich\/\" target=\"_blank\" rel=\"noopener\">guide qualifi\u00e9e \u00e0 Hambourg<\/a>, je ne vous montre pas seulement les curiosit\u00e9s \u00e9videntes, mais je vous emm\u00e8ne aussi dans des coins et des recoins qui ne sont visibles qu&rsquo;au deuxi\u00e8me ou troisi\u00e8me coup d&rsquo;\u0153il. Ou avez-vous d\u00e9j\u00e0 regard\u00e9 de plus pr\u00e8s la fresque murale sur le campus universitaire ? Savez-vous o\u00f9 a \u00e9t\u00e9 pos\u00e9e la premi\u00e8re pierre d&rsquo;achoppement de Hambourg &#8211; et pour qui ? Venez avec moi, je me r\u00e9jouis de vous rencontrer ! Chaque tour est bien entendu variable et peut \u00eatre adapt\u00e9 individuellement. Il suffit de me <a href=\"https:\/\/www.janning-picker.de\/fr\/contact\/\" target=\"_blank\" rel=\"noopener\">contacter <\/a>.     <\/p>\t\t\t\t\t\t\t\t<\/div>\n\t\t\t\t<\/div>\n\t\t\t\t<\/div>\n\t\t<div class=\"elementor-element elementor-element-7956acfc e-con-full e-flex e-con e-child\" data-id=\"7956acfc\" data-element_type=\"container\">\n\t\t\t\t<div class=\"elementor-element elementor-element-5a3ab051 elementor-widget elementor-widget-image\" data-id=\"5a3ab051\" data-element_type=\"widget\" data-widget_type=\"image.default\">\n\t\t\t\t<div class=\"elementor-widget-container\">\n\t\t\t\t\t\t\t\t\t\t\t\t\t\t\t\t<a href=\"https:\/\/www.janning-picker.de\/wp-content\/uploads\/2025\/06\/Stolperstein-Korbach.jpg\" data-elementor-open-lightbox=\"yes\" data-elementor-lightbox-title=\"OLYMPUS DIGITAL CAMERA\" data-elementor-lightbox-description=\"Stolperstein-Korbach\" data-e-action-hash=\"#elementor-action%3Aaction%3Dlightbox%26settings%3DeyJpZCI6NTExOSwidXJsIjoiaHR0cHM6XC9cL3d3dy5qYW5uaW5nLXBpY2tlci5kZVwvd3AtY29udGVudFwvdXBsb2Fkc1wvMjAyNVwvMDZcL1N0b2xwZXJzdGVpbi1Lb3JiYWNoLmpwZyJ9\">\n\t\t\t\t\t\t\t<img decoding=\"async\" width=\"768\" height=\"513\" src=\"https:\/\/www.janning-picker.de\/wp-content\/uploads\/2025\/06\/Stolperstein-Korbach-768x513.jpg\" class=\"attachment-medium_large size-medium_large wp-image-5119\" alt=\"Stolperstein-Korbach\" srcset=\"https:\/\/www.janning-picker.de\/wp-content\/uploads\/2025\/06\/Stolperstein-Korbach-768x513.jpg 768w, https:\/\/www.janning-picker.de\/wp-content\/uploads\/2025\/06\/Stolperstein-Korbach-300x201.jpg 300w, https:\/\/www.janning-picker.de\/wp-content\/uploads\/2025\/06\/Stolperstein-Korbach-1024x684.jpg 1024w, https:\/\/www.janning-picker.de\/wp-content\/uploads\/2025\/06\/Stolperstein-Korbach.jpg 1200w\" sizes=\"(max-width: 768px) 100vw, 768px\" \/>\t\t\t\t\t\t\t\t<\/a>\n\t\t\t\t\t\t\t\t\t\t\t\t\t\t\t<\/div>\n\t\t\t\t<\/div>\n\t\t\t\t<\/div>\n\t\t\t\t\t<\/div>\n\t\t\t\t<\/div>\n\t\t<div class=\"elementor-element elementor-element-35abef9a e-flex e-con-boxed e-con e-parent\" data-id=\"35abef9a\" data-element_type=\"container\">\n\t\t\t\t\t<div class=\"e-con-inner\">\n\t\t<div class=\"elementor-element elementor-element-3be9a3ab e-con-full e-flex e-con e-child\" data-id=\"3be9a3ab\" data-element_type=\"container\">\n\t\t\t\t<div class=\"elementor-element elementor-element-73155b57 elementor-widget elementor-widget-heading\" data-id=\"73155b57\" data-element_type=\"widget\" data-widget_type=\"heading.default\">\n\t\t\t\t<div class=\"elementor-widget-container\">\n\t\t\t\t\t<h2 class=\"elementor-heading-title elementor-size-default\">Br\u00e8ves informations<\/h2>\t\t\t\t<\/div>\n\t\t\t\t<\/div>\n\t\t\t\t<\/div>\n\t\t\t\t\t<\/div>\n\t\t\t\t<\/div>\n\t\t<div class=\"elementor-element elementor-element-29bb925e e-flex e-con-boxed e-con e-parent\" data-id=\"29bb925e\" data-element_type=\"container\">\n\t\t\t\t\t<div class=\"e-con-inner\">\n\t\t<div class=\"elementor-element elementor-element-5be621b7 e-con-full e-flex e-con e-child\" data-id=\"5be621b7\" data-element_type=\"container\">\n\t\t\t\t<div class=\"elementor-element elementor-element-6916155f elementor-widget elementor-widget-image\" data-id=\"6916155f\" data-element_type=\"widget\" data-widget_type=\"image.default\">\n\t\t\t\t<div class=\"elementor-widget-container\">\n\t\t\t\t\t\t\t\t\t\t\t\t\t\t\t\t<a href=\"https:\/\/www.janning-picker.de\/wp-content\/uploads\/2025\/06\/Villa-Poeseldorf.jpg\" data-elementor-open-lightbox=\"yes\" data-elementor-lightbox-title=\"Villa-Poeseldorf\" data-elementor-lightbox-description=\"Villa-Poeseldorf\" data-e-action-hash=\"#elementor-action%3Aaction%3Dlightbox%26settings%3DeyJpZCI6NDk4NCwidXJsIjoiaHR0cHM6XC9cL3d3dy5qYW5uaW5nLXBpY2tlci5kZVwvd3AtY29udGVudFwvdXBsb2Fkc1wvMjAyNVwvMDZcL1ZpbGxhLVBvZXNlbGRvcmYuanBnIn0%3D\">\n\t\t\t\t\t\t\t<img decoding=\"async\" width=\"768\" height=\"513\" src=\"https:\/\/www.janning-picker.de\/wp-content\/uploads\/2025\/06\/Villa-Poeseldorf.jpg\" class=\"attachment-medium_large size-medium_large wp-image-4984\" alt=\"Villa-Poeseldorf\" srcset=\"https:\/\/www.janning-picker.de\/wp-content\/uploads\/2025\/06\/Villa-Poeseldorf.jpg 768w, https:\/\/www.janning-picker.de\/wp-content\/uploads\/2025\/06\/Villa-Poeseldorf-300x200.jpg 300w\" sizes=\"(max-width: 768px) 100vw, 768px\" \/>\t\t\t\t\t\t\t\t<\/a>\n\t\t\t\t\t\t\t\t\t\t\t\t\t\t\t<\/div>\n\t\t\t\t<\/div>\n\t\t\t\t<\/div>\n\t\t<div class=\"elementor-element elementor-element-54bbc826 e-con-full e-flex e-con e-child\" data-id=\"54bbc826\" data-element_type=\"container\">\n\t\t\t\t<div class=\"elementor-element elementor-element-3cdcbadf elementor-widget elementor-widget-text-editor\" data-id=\"3cdcbadf\" data-element_type=\"widget\" data-widget_type=\"text-editor.default\">\n\t\t\t\t<div class=\"elementor-widget-container\">\n\t\t\t\t\t\t\t\t\t<p><strong>Points forts :<\/strong><br>Curio-Haus, Joseph-Carlebach-Platz, Kammerspiele Hamburg, Budge-Palais<\/p><p><strong>Distance, dur\u00e9e approximative:<\/strong><br>env. 2,5 Km, env. 2 heures<\/p><p><strong>Point de d\u00e9part :<\/strong><br>Curio-Haus, Rothenbaumchaussee 13, 20148 Hambourg<\/p><p><strong>Point final :<\/strong><br>Budgepalais, Harvestehuder Weg 12, 20148 Hambourg<\/p><p><strong>D\u00e9placement :<\/strong><br>\u00e0 pied<\/p><p><strong>Remarque :<\/strong><br>Bien entendu , cette excursion peut \u00e9galement \u00eatre adapt\u00e9e \u00e0 vos souhaits (raccourcie ou rallong\u00e9e). Un d\u00e9jeuner ou une pause-caf\u00e9 peuvent \u00e9galement \u00eatre int\u00e9gr\u00e9s. Je suis \u00e0 votre disposition pour cela.  <\/p>\t\t\t\t\t\t\t\t<\/div>\n\t\t\t\t<\/div>\n\t\t\t\t<\/div>\n\t\t\t\t\t<\/div>\n\t\t\t\t<\/div>\n\t\t<div class=\"elementor-element elementor-element-fc2d63 e-flex e-con-boxed e-con e-parent\" data-id=\"fc2d63\" data-element_type=\"container\">\n\t\t\t\t\t<div class=\"e-con-inner\">\n\t\t\t\t<div class=\"elementor-element elementor-element-86fba9 elementor-widget elementor-widget-spacer\" data-id=\"86fba9\" data-element_type=\"widget\" data-widget_type=\"spacer.default\">\n\t\t\t\t<div class=\"elementor-widget-container\">\n\t\t\t\t\t\t\t<div class=\"elementor-spacer\">\n\t\t\t<div class=\"elementor-spacer-inner\"><\/div>\n\t\t<\/div>\n\t\t\t\t\t\t<\/div>\n\t\t\t\t<\/div>\n\t\t\t\t\t<\/div>\n\t\t\t\t<\/div>\n\t\t\t\t<\/div>\n\t\t","protected":false},"excerpt":{"rendered":"<p>Quartier juif de Hambourg &#8211; Grindel Visite guid\u00e9e de l&rsquo;histoire juive de Hambourg, Grindelviertel et P\u00f6seldorf Lors de cette visite [&hellip;]<\/p>\n","protected":false},"author":3,"featured_media":4984,"parent":0,"menu_order":0,"comment_status":"closed","ping_status":"closed","template":"","meta":{"site-sidebar-layout":"no-sidebar","site-content-layout":"","ast-site-content-layout":"full-width-container","site-content-style":"default","site-sidebar-style":"default","ast-global-header-display":"","ast-banner-title-visibility":"","ast-main-header-display":"","ast-hfb-above-header-display":"","ast-hfb-below-header-display":"","ast-hfb-mobile-header-display":"","site-post-title":"disabled","ast-breadcrumbs-content":"","ast-featured-img":"disabled","footer-sml-layout":"","theme-transparent-header-meta":"","adv-header-id-meta":"","stick-header-meta":"","header-above-stick-meta":"","header-main-stick-meta":"","header-below-stick-meta":"","astra-migrate-meta-layouts":"default","ast-page-background-enabled":"default","ast-page-background-meta":{"desktop":{"background-color":"var(--ast-global-color-5)","background-image":"","background-repeat":"repeat","background-position":"center center","background-size":"auto","background-attachment":"scroll","background-type":"","background-media":"","overlay-type":"","overlay-color":"","overlay-opacity":"","overlay-gradient":""},"tablet":{"background-color":"","background-image":"","background-repeat":"repeat","background-position":"center center","background-size":"auto","background-attachment":"scroll","background-type":"","background-media":"","overlay-type":"","overlay-color":"","overlay-opacity":"","overlay-gradient":""},"mobile":{"background-color":"","background-image":"","background-repeat":"repeat","background-position":"center center","background-size":"auto","background-attachment":"scroll","background-type":"","background-media":"","overlay-type":"","overlay-color":"","overlay-opacity":"","overlay-gradient":""}},"ast-content-background-meta":{"desktop":{"background-color":"var(--ast-global-color-4)","background-image":"","background-repeat":"repeat","background-position":"center center","background-size":"auto","background-attachment":"scroll","background-type":"","background-media":"","overlay-type":"","overlay-color":"","overlay-opacity":"","overlay-gradient":""},"tablet":{"background-color":"var(--ast-global-color-4)","background-image":"","background-repeat":"repeat","background-position":"center center","background-size":"auto","background-attachment":"scroll","background-type":"","background-media":"","overlay-type":"","overlay-color":"","overlay-opacity":"","overlay-gradient":""},"mobile":{"background-color":"var(--ast-global-color-4)","background-image":"","background-repeat":"repeat","background-position":"center center","background-size":"auto","background-attachment":"scroll","background-type":"","background-media":"","overlay-type":"","overlay-color":"","overlay-opacity":"","overlay-gradient":""}},"footnotes":""},"class_list":["post-5294","page","type-page","status-publish","has-post-thumbnail","hentry"],"yoast_head":"<!-- This site is optimized with the Yoast SEO plugin v27.5 - https:\/\/yoast.com\/product\/yoast-seo-wordpress\/ -->\n<title>Quartier juif de Hambourg - Grindel - Sarah Janning-Picker<\/title>\n<meta name=\"robots\" content=\"index, follow, max-snippet:-1, max-image-preview:large, max-video-preview:-1\" \/>\n<link rel=\"canonical\" href=\"https:\/\/www.janning-picker.de\/fr\/quartier-juif-de-hambourg-grindel\/\" \/>\n<meta property=\"og:locale\" content=\"fr_FR\" \/>\n<meta property=\"og:type\" content=\"article\" \/>\n<meta property=\"og:title\" content=\"Quartier juif de Hambourg - Grindel - Sarah Janning-Picker\" \/>\n<meta property=\"og:description\" content=\"Quartier juif de Hambourg &#8211; Grindel Visite guid\u00e9e de l&rsquo;histoire juive de Hambourg, Grindelviertel et P\u00f6seldorf Lors de cette visite [&hellip;]\" \/>\n<meta property=\"og:url\" content=\"https:\/\/www.janning-picker.de\/fr\/quartier-juif-de-hambourg-grindel\/\" \/>\n<meta property=\"og:site_name\" content=\"Sarah Janning-Picker\" \/>\n<meta property=\"article:modified_time\" content=\"2025-06-26T09:47:58+00:00\" \/>\n<meta property=\"og:image\" content=\"https:\/\/www.janning-picker.de\/wp-content\/uploads\/2025\/06\/Villa-Poeseldorf.jpg\" \/>\n\t<meta property=\"og:image:width\" content=\"768\" \/>\n\t<meta property=\"og:image:height\" content=\"513\" \/>\n\t<meta property=\"og:image:type\" content=\"image\/jpeg\" \/>\n<meta name=\"twitter:card\" content=\"summary_large_image\" \/>\n<meta name=\"twitter:label1\" content=\"Dur\u00e9e de lecture estim\u00e9e\" \/>\n\t<meta name=\"twitter:data1\" content=\"2 minutes\" \/>\n<script type=\"application\/ld+json\" class=\"yoast-schema-graph\">{\"@context\":\"https:\\\/\\\/schema.org\",\"@graph\":[{\"@type\":\"WebPage\",\"@id\":\"https:\\\/\\\/www.janning-picker.de\\\/fr\\\/quartier-juif-de-hambourg-grindel\\\/\",\"url\":\"https:\\\/\\\/www.janning-picker.de\\\/fr\\\/quartier-juif-de-hambourg-grindel\\\/\",\"name\":\"Quartier juif de Hambourg - Grindel - Sarah Janning-Picker\",\"isPartOf\":{\"@id\":\"https:\\\/\\\/www.janning-picker.de\\\/fr\\\/#website\"},\"primaryImageOfPage\":{\"@id\":\"https:\\\/\\\/www.janning-picker.de\\\/fr\\\/quartier-juif-de-hambourg-grindel\\\/#primaryimage\"},\"image\":{\"@id\":\"https:\\\/\\\/www.janning-picker.de\\\/fr\\\/quartier-juif-de-hambourg-grindel\\\/#primaryimage\"},\"thumbnailUrl\":\"https:\\\/\\\/www.janning-picker.de\\\/wp-content\\\/uploads\\\/2025\\\/06\\\/Villa-Poeseldorf.jpg\",\"datePublished\":\"2025-06-24T09:24:44+00:00\",\"dateModified\":\"2025-06-26T09:47:58+00:00\",\"breadcrumb\":{\"@id\":\"https:\\\/\\\/www.janning-picker.de\\\/fr\\\/quartier-juif-de-hambourg-grindel\\\/#breadcrumb\"},\"inLanguage\":\"fr-FR\",\"potentialAction\":[{\"@type\":\"ReadAction\",\"target\":[\"https:\\\/\\\/www.janning-picker.de\\\/fr\\\/quartier-juif-de-hambourg-grindel\\\/\"]}]},{\"@type\":\"ImageObject\",\"inLanguage\":\"fr-FR\",\"@id\":\"https:\\\/\\\/www.janning-picker.de\\\/fr\\\/quartier-juif-de-hambourg-grindel\\\/#primaryimage\",\"url\":\"https:\\\/\\\/www.janning-picker.de\\\/wp-content\\\/uploads\\\/2025\\\/06\\\/Villa-Poeseldorf.jpg\",\"contentUrl\":\"https:\\\/\\\/www.janning-picker.de\\\/wp-content\\\/uploads\\\/2025\\\/06\\\/Villa-Poeseldorf.jpg\",\"width\":768,\"height\":513,\"caption\":\"Villa-Poeseldorf\"},{\"@type\":\"BreadcrumbList\",\"@id\":\"https:\\\/\\\/www.janning-picker.de\\\/fr\\\/quartier-juif-de-hambourg-grindel\\\/#breadcrumb\",\"itemListElement\":[{\"@type\":\"ListItem\",\"position\":1,\"name\":\"Startseite\",\"item\":\"https:\\\/\\\/www.janning-picker.de\\\/fr\\\/\"},{\"@type\":\"ListItem\",\"position\":2,\"name\":\"Quartier juif de Hambourg &#8211; Grindel\"}]},{\"@type\":\"WebSite\",\"@id\":\"https:\\\/\\\/www.janning-picker.de\\\/fr\\\/#website\",\"url\":\"https:\\\/\\\/www.janning-picker.de\\\/fr\\\/\",\"name\":\"Sarah Janning-Picker\",\"description\":\"Mit der Welt im Gespr\u00e4ch\",\"publisher\":{\"@id\":\"https:\\\/\\\/www.janning-picker.de\\\/fr\\\/#organization\"},\"potentialAction\":[{\"@type\":\"SearchAction\",\"target\":{\"@type\":\"EntryPoint\",\"urlTemplate\":\"https:\\\/\\\/www.janning-picker.de\\\/fr\\\/?s={search_term_string}\"},\"query-input\":{\"@type\":\"PropertyValueSpecification\",\"valueRequired\":true,\"valueName\":\"search_term_string\"}}],\"inLanguage\":\"fr-FR\"},{\"@type\":\"Organization\",\"@id\":\"https:\\\/\\\/www.janning-picker.de\\\/fr\\\/#organization\",\"name\":\"Sarah Janning-Picker\",\"url\":\"https:\\\/\\\/www.janning-picker.de\\\/fr\\\/\",\"logo\":{\"@type\":\"ImageObject\",\"inLanguage\":\"fr-FR\",\"@id\":\"https:\\\/\\\/www.janning-picker.de\\\/fr\\\/#\\\/schema\\\/logo\\\/image\\\/\",\"url\":\"https:\\\/\\\/www.janning-picker.de\\\/wp-content\\\/uploads\\\/2025\\\/05\\\/logo.jpg\",\"contentUrl\":\"https:\\\/\\\/www.janning-picker.de\\\/wp-content\\\/uploads\\\/2025\\\/05\\\/logo.jpg\",\"width\":454,\"height\":69,\"caption\":\"Sarah Janning-Picker\"},\"image\":{\"@id\":\"https:\\\/\\\/www.janning-picker.de\\\/fr\\\/#\\\/schema\\\/logo\\\/image\\\/\"}}]}<\/script>\n<!-- \/ Yoast SEO plugin. -->","yoast_head_json":{"title":"Quartier juif de Hambourg - Grindel - Sarah Janning-Picker","robots":{"index":"index","follow":"follow","max-snippet":"max-snippet:-1","max-image-preview":"max-image-preview:large","max-video-preview":"max-video-preview:-1"},"canonical":"https:\/\/www.janning-picker.de\/fr\/quartier-juif-de-hambourg-grindel\/","og_locale":"fr_FR","og_type":"article","og_title":"Quartier juif de Hambourg - Grindel - Sarah Janning-Picker","og_description":"Quartier juif de Hambourg &#8211; Grindel Visite guid\u00e9e de l&rsquo;histoire juive de Hambourg, Grindelviertel et P\u00f6seldorf Lors de cette visite [&hellip;]","og_url":"https:\/\/www.janning-picker.de\/fr\/quartier-juif-de-hambourg-grindel\/","og_site_name":"Sarah Janning-Picker","article_modified_time":"2025-06-26T09:47:58+00:00","og_image":[{"width":768,"height":513,"url":"https:\/\/www.janning-picker.de\/wp-content\/uploads\/2025\/06\/Villa-Poeseldorf.jpg","type":"image\/jpeg"}],"twitter_card":"summary_large_image","twitter_misc":{"Dur\u00e9e de lecture estim\u00e9e":"2 minutes"},"schema":{"@context":"https:\/\/schema.org","@graph":[{"@type":"WebPage","@id":"https:\/\/www.janning-picker.de\/fr\/quartier-juif-de-hambourg-grindel\/","url":"https:\/\/www.janning-picker.de\/fr\/quartier-juif-de-hambourg-grindel\/","name":"Quartier juif de Hambourg - Grindel - Sarah Janning-Picker","isPartOf":{"@id":"https:\/\/www.janning-picker.de\/fr\/#website"},"primaryImageOfPage":{"@id":"https:\/\/www.janning-picker.de\/fr\/quartier-juif-de-hambourg-grindel\/#primaryimage"},"image":{"@id":"https:\/\/www.janning-picker.de\/fr\/quartier-juif-de-hambourg-grindel\/#primaryimage"},"thumbnailUrl":"https:\/\/www.janning-picker.de\/wp-content\/uploads\/2025\/06\/Villa-Poeseldorf.jpg","datePublished":"2025-06-24T09:24:44+00:00","dateModified":"2025-06-26T09:47:58+00:00","breadcrumb":{"@id":"https:\/\/www.janning-picker.de\/fr\/quartier-juif-de-hambourg-grindel\/#breadcrumb"},"inLanguage":"fr-FR","potentialAction":[{"@type":"ReadAction","target":["https:\/\/www.janning-picker.de\/fr\/quartier-juif-de-hambourg-grindel\/"]}]},{"@type":"ImageObject","inLanguage":"fr-FR","@id":"https:\/\/www.janning-picker.de\/fr\/quartier-juif-de-hambourg-grindel\/#primaryimage","url":"https:\/\/www.janning-picker.de\/wp-content\/uploads\/2025\/06\/Villa-Poeseldorf.jpg","contentUrl":"https:\/\/www.janning-picker.de\/wp-content\/uploads\/2025\/06\/Villa-Poeseldorf.jpg","width":768,"height":513,"caption":"Villa-Poeseldorf"},{"@type":"BreadcrumbList","@id":"https:\/\/www.janning-picker.de\/fr\/quartier-juif-de-hambourg-grindel\/#breadcrumb","itemListElement":[{"@type":"ListItem","position":1,"name":"Startseite","item":"https:\/\/www.janning-picker.de\/fr\/"},{"@type":"ListItem","position":2,"name":"Quartier juif de Hambourg &#8211; Grindel"}]},{"@type":"WebSite","@id":"https:\/\/www.janning-picker.de\/fr\/#website","url":"https:\/\/www.janning-picker.de\/fr\/","name":"Sarah Janning-Picker","description":"Mit der Welt im Gespr\u00e4ch","publisher":{"@id":"https:\/\/www.janning-picker.de\/fr\/#organization"},"potentialAction":[{"@type":"SearchAction","target":{"@type":"EntryPoint","urlTemplate":"https:\/\/www.janning-picker.de\/fr\/?s={search_term_string}"},"query-input":{"@type":"PropertyValueSpecification","valueRequired":true,"valueName":"search_term_string"}}],"inLanguage":"fr-FR"},{"@type":"Organization","@id":"https:\/\/www.janning-picker.de\/fr\/#organization","name":"Sarah Janning-Picker","url":"https:\/\/www.janning-picker.de\/fr\/","logo":{"@type":"ImageObject","inLanguage":"fr-FR","@id":"https:\/\/www.janning-picker.de\/fr\/#\/schema\/logo\/image\/","url":"https:\/\/www.janning-picker.de\/wp-content\/uploads\/2025\/05\/logo.jpg","contentUrl":"https:\/\/www.janning-picker.de\/wp-content\/uploads\/2025\/05\/logo.jpg","width":454,"height":69,"caption":"Sarah Janning-Picker"},"image":{"@id":"https:\/\/www.janning-picker.de\/fr\/#\/schema\/logo\/image\/"}}]}},"_links":{"self":[{"href":"https:\/\/www.janning-picker.de\/fr\/wp-json\/wp\/v2\/pages\/5294","targetHints":{"allow":["GET"]}}],"collection":[{"href":"https:\/\/www.janning-picker.de\/fr\/wp-json\/wp\/v2\/pages"}],"about":[{"href":"https:\/\/www.janning-picker.de\/fr\/wp-json\/wp\/v2\/types\/page"}],"author":[{"embeddable":true,"href":"https:\/\/www.janning-picker.de\/fr\/wp-json\/wp\/v2\/users\/3"}],"replies":[{"embeddable":true,"href":"https:\/\/www.janning-picker.de\/fr\/wp-json\/wp\/v2\/comments?post=5294"}],"version-history":[{"count":1,"href":"https:\/\/www.janning-picker.de\/fr\/wp-json\/wp\/v2\/pages\/5294\/revisions"}],"predecessor-version":[{"id":5295,"href":"https:\/\/www.janning-picker.de\/fr\/wp-json\/wp\/v2\/pages\/5294\/revisions\/5295"}],"wp:featuredmedia":[{"embeddable":true,"href":"https:\/\/www.janning-picker.de\/fr\/wp-json\/wp\/v2\/media\/4984"}],"wp:attachment":[{"href":"https:\/\/www.janning-picker.de\/fr\/wp-json\/wp\/v2\/media?parent=5294"}],"curies":[{"name":"wp","href":"https:\/\/api.w.org\/{rel}","templated":true}]}}