{"id":5308,"date":"2025-06-24T10:46:34","date_gmt":"2025-06-24T08:46:34","guid":{"rendered":"https:\/\/www.janning-picker.de\/cages-descalier-a-hambourg\/"},"modified":"2025-06-26T12:04:42","modified_gmt":"2025-06-26T10:04:42","slug":"cages-descalier-a-hambourg","status":"publish","type":"page","link":"https:\/\/www.janning-picker.de\/fr\/cages-descalier-a-hambourg\/","title":{"rendered":"Cages d&rsquo;escalier \u00e0 Hambourg"},"content":{"rendered":"\t\t<div data-elementor-type=\"wp-page\" data-elementor-id=\"5308\" class=\"elementor elementor-5308 elementor-4946\" data-elementor-post-type=\"page\">\n\t\t\t\t<div class=\"elementor-element elementor-element-6c99cef4 e-flex e-con-boxed e-con e-parent\" data-id=\"6c99cef4\" data-element_type=\"container\">\n\t\t\t\t\t<div class=\"e-con-inner\">\n\t\t<div class=\"elementor-element elementor-element-d0eeb57 e-con-full e-flex e-con e-child\" data-id=\"d0eeb57\" data-element_type=\"container\" data-settings=\"{&quot;background_background&quot;:&quot;classic&quot;}\">\n\t\t\t\t<div class=\"elementor-element elementor-element-6f3f4755 elementor-widget elementor-widget-heading\" data-id=\"6f3f4755\" data-element_type=\"widget\" data-widget_type=\"heading.default\">\n\t\t\t\t<div class=\"elementor-widget-container\">\n\t\t\t\t\t<h1 class=\"elementor-heading-title elementor-size-default\">Cages d'escalier \u00e0 Hambourg<\/h1>\t\t\t\t<\/div>\n\t\t\t\t<\/div>\n\t\t\t\t<\/div>\n\t\t\t\t\t<\/div>\n\t\t\t\t<\/div>\n\t\t<div class=\"elementor-element elementor-element-6c43f219 e-flex e-con-boxed e-con e-parent\" data-id=\"6c43f219\" data-element_type=\"container\">\n\t\t\t\t\t<div class=\"e-con-inner\">\n\t\t<div class=\"elementor-element elementor-element-5e8ab42c e-con-full e-flex e-con e-child\" data-id=\"5e8ab42c\" data-element_type=\"container\">\n\t\t\t\t<div class=\"elementor-element elementor-element-1c7defd9 elementor-widget elementor-widget-image\" data-id=\"1c7defd9\" data-element_type=\"widget\" data-widget_type=\"image.default\">\n\t\t\t\t<div class=\"elementor-widget-container\">\n\t\t\t\t\t\t\t\t\t\t\t\t\t\t\t\t<a href=\"https:\/\/www.janning-picker.de\/wp-content\/uploads\/2025\/06\/Treppenhaus.jpg\" data-elementor-open-lightbox=\"yes\" data-elementor-lightbox-title=\"Treppenhaus\" data-elementor-lightbox-description=\"Treppenhaus Kontorhaus\" data-e-action-hash=\"#elementor-action%3Aaction%3Dlightbox%26settings%3DeyJpZCI6NTA5MiwidXJsIjoiaHR0cHM6XC9cL3d3dy5qYW5uaW5nLXBpY2tlci5kZVwvd3AtY29udGVudFwvdXBsb2Fkc1wvMjAyNVwvMDZcL1RyZXBwZW5oYXVzLmpwZyJ9\">\n\t\t\t\t\t\t\t<img fetchpriority=\"high\" decoding=\"async\" width=\"768\" height=\"513\" src=\"https:\/\/www.janning-picker.de\/wp-content\/uploads\/2025\/06\/Treppenhaus-768x513.jpg\" class=\"attachment-medium_large size-medium_large wp-image-5092\" alt=\"Treppenhaus Kontorhaus\" srcset=\"https:\/\/www.janning-picker.de\/wp-content\/uploads\/2025\/06\/Treppenhaus-768x513.jpg 768w, https:\/\/www.janning-picker.de\/wp-content\/uploads\/2025\/06\/Treppenhaus-300x201.jpg 300w, https:\/\/www.janning-picker.de\/wp-content\/uploads\/2025\/06\/Treppenhaus-1024x684.jpg 1024w, https:\/\/www.janning-picker.de\/wp-content\/uploads\/2025\/06\/Treppenhaus.jpg 1200w\" sizes=\"(max-width: 768px) 100vw, 768px\" \/>\t\t\t\t\t\t\t\t<\/a>\n\t\t\t\t\t\t\t\t\t\t\t\t\t\t\t<\/div>\n\t\t\t\t<\/div>\n\t\t\t\t<\/div>\n\t\t<div class=\"elementor-element elementor-element-6568075c e-con-full e-flex e-con e-child\" data-id=\"6568075c\" data-element_type=\"container\">\n\t\t\t\t<div class=\"elementor-element elementor-element-70cb9eb8 elementor-widget elementor-widget-heading\" data-id=\"70cb9eb8\" data-element_type=\"widget\" data-widget_type=\"heading.default\">\n\t\t\t\t<div class=\"elementor-widget-container\">\n\t\t\t\t\t<h3 class=\"elementor-heading-title elementor-size-default\">Cages d'escalier dans le centre-ville de Hambourg<\/h3>\t\t\t\t<\/div>\n\t\t\t\t<\/div>\n\t\t\t\t<div class=\"elementor-element elementor-element-9fbfb9f elementor-widget elementor-widget-text-editor\" data-id=\"9fbfb9f\" data-element_type=\"widget\" data-widget_type=\"text-editor.default\">\n\t\t\t\t<div class=\"elementor-widget-container\">\n\t\t\t\t\t\t\t\t\t<p>Elles sont partout &#8211; et pourtant, on ne les voit g\u00e9n\u00e9ralement pas : les magnifiques cages d&rsquo;escalier de la vieille ville de Hambourg. Venez avec moi faire cette visite guid\u00e9e des escaliers et d\u00e9couvrez l&rsquo;art ornemental qui se cache derri\u00e8re les portes discr\u00e8tes des vieux immeubles de bureaux ! <\/p><p>Nous commen\u00e7ons notre visite par la maison NIVEA sur le Jungfernstieg, o\u00f9 nous nous plongeons d&rsquo;abord mentalement dans l&rsquo;univers du dernier tournant du si\u00e8cle (1900) et nous nous penchons sur la transformation du centre-ville de Hambourg. Le grand incendie de 1842, l&rsquo;\u00e9pid\u00e9mie de chol\u00e9ra de 1892 et le rattachement de Hambourg \u00e0 l&rsquo;Empire allemand ont laiss\u00e9 des traces. Sur un petit terrain du centre-ville de Hambourg se trouvent divers immeubles de bureaux dont les cages d&rsquo;escalier et les halls d&rsquo;escalier impressionnants sont \u00e0 voir absolument !  <\/p>\t\t\t\t\t\t\t\t<\/div>\n\t\t\t\t<\/div>\n\t\t\t\t<\/div>\n\t\t\t\t\t<\/div>\n\t\t\t\t<\/div>\n\t\t<div class=\"elementor-element elementor-element-24d2640a e-flex e-con-boxed e-con e-parent\" data-id=\"24d2640a\" data-element_type=\"container\">\n\t\t\t\t\t<div class=\"e-con-inner\">\n\t\t<div class=\"elementor-element elementor-element-43e28c6 e-con-full e-flex e-con e-child\" data-id=\"43e28c6\" data-element_type=\"container\">\n\t\t\t\t<div class=\"elementor-element elementor-element-771cf6fb elementor-widget elementor-widget-text-editor\" data-id=\"771cf6fb\" data-element_type=\"widget\" data-widget_type=\"text-editor.default\">\n\t\t\t\t<div class=\"elementor-widget-container\">\n\t\t\t\t\t\t\t\t\t<p>En tant que <a href=\"https:\/\/janning-picker.de\/ueber-mich\/\" target=\"_blank\" rel=\"noopener\">guide qualifi\u00e9e \u00e0 Hambourg<\/a>, je vous expliquerai le contexte des diff\u00e9rents styles architecturaux, vous signalerai les d\u00e9tails inconnus et vous emm\u00e8nerai dans des cages d&rsquo;escalier dans lesquelles vous ne seriez peut-\u00eatre jamais entr\u00e9 seul. Vous d\u00e9couvrirez ainsi un veilleur de nuit en bois, des feuilles de ch\u00eane d\u00e9coratives, des carreaux fleuris, un style oriental, deux entreprises hambourgeoises vieilles de plusieurs si\u00e8cles et une cage d&rsquo;escalier d&rsquo;apparence tr\u00e8s simple.  <br><br>Vous pensez que les cages d&rsquo;escalier de Hambourg sont ennuyeuses ? Venez avec moi, je vous convaincrai du contraire ! Chaque tour est bien entendu variable et peut \u00eatre adapt\u00e9 individuellement. <a href=\"https:\/\/www.janning-picker.de\/fr\/contact\/\" target=\"_blank\" rel=\"noopener\">Contactez-moi <\/a>.  <\/p>\t\t\t\t\t\t\t\t<\/div>\n\t\t\t\t<\/div>\n\t\t\t\t<\/div>\n\t\t<div class=\"elementor-element elementor-element-78933641 e-con-full e-flex e-con e-child\" data-id=\"78933641\" data-element_type=\"container\">\n\t\t\t\t<div class=\"elementor-element elementor-element-5c38f975 elementor-widget elementor-widget-image\" data-id=\"5c38f975\" data-element_type=\"widget\" data-widget_type=\"image.default\">\n\t\t\t\t<div class=\"elementor-widget-container\">\n\t\t\t\t\t\t\t\t\t\t\t\t\t\t\t\t<a href=\"https:\/\/www.janning-picker.de\/wp-content\/uploads\/2025\/06\/Hildebrand-Haus.jpg\" data-elementor-open-lightbox=\"yes\" data-elementor-lightbox-title=\"Hildebrand-Haus\" data-elementor-lightbox-description=\"Hildebrand-Haus\" data-e-action-hash=\"#elementor-action%3Aaction%3Dlightbox%26settings%3DeyJpZCI6NTA5NiwidXJsIjoiaHR0cHM6XC9cL3d3dy5qYW5uaW5nLXBpY2tlci5kZVwvd3AtY29udGVudFwvdXBsb2Fkc1wvMjAyNVwvMDZcL0hpbGRlYnJhbmQtSGF1cy5qcGcifQ%3D%3D\">\n\t\t\t\t\t\t\t<img decoding=\"async\" width=\"768\" height=\"513\" src=\"https:\/\/www.janning-picker.de\/wp-content\/uploads\/2025\/06\/Hildebrand-Haus-768x513.jpg\" class=\"attachment-medium_large size-medium_large wp-image-5096\" alt=\"Hildebrand-Haus\" srcset=\"https:\/\/www.janning-picker.de\/wp-content\/uploads\/2025\/06\/Hildebrand-Haus-768x513.jpg 768w, https:\/\/www.janning-picker.de\/wp-content\/uploads\/2025\/06\/Hildebrand-Haus-300x201.jpg 300w, https:\/\/www.janning-picker.de\/wp-content\/uploads\/2025\/06\/Hildebrand-Haus-1024x684.jpg 1024w, https:\/\/www.janning-picker.de\/wp-content\/uploads\/2025\/06\/Hildebrand-Haus.jpg 1200w\" sizes=\"(max-width: 768px) 100vw, 768px\" \/>\t\t\t\t\t\t\t\t<\/a>\n\t\t\t\t\t\t\t\t\t\t\t\t\t\t\t<\/div>\n\t\t\t\t<\/div>\n\t\t\t\t<\/div>\n\t\t\t\t\t<\/div>\n\t\t\t\t<\/div>\n\t\t<div class=\"elementor-element elementor-element-dfea441 e-flex e-con-boxed e-con e-parent\" data-id=\"dfea441\" data-element_type=\"container\">\n\t\t\t\t\t<div class=\"e-con-inner\">\n\t\t<div class=\"elementor-element elementor-element-355d12fa e-con-full e-flex e-con e-child\" data-id=\"355d12fa\" data-element_type=\"container\">\n\t\t\t\t<div class=\"elementor-element elementor-element-1a65b1eb elementor-widget elementor-widget-heading\" data-id=\"1a65b1eb\" data-element_type=\"widget\" data-widget_type=\"heading.default\">\n\t\t\t\t<div class=\"elementor-widget-container\">\n\t\t\t\t\t<h2 class=\"elementor-heading-title elementor-size-default\">Br\u00e8ves informations<\/h2>\t\t\t\t<\/div>\n\t\t\t\t<\/div>\n\t\t\t\t<\/div>\n\t\t\t\t\t<\/div>\n\t\t\t\t<\/div>\n\t\t<div class=\"elementor-element elementor-element-67942a0c e-flex e-con-boxed e-con e-parent\" data-id=\"67942a0c\" data-element_type=\"container\">\n\t\t\t\t\t<div class=\"e-con-inner\">\n\t\t<div class=\"elementor-element elementor-element-36ee3377 e-con-full e-flex e-con e-child\" data-id=\"36ee3377\" data-element_type=\"container\">\n\t\t\t\t<div class=\"elementor-element elementor-element-7544c699 elementor-widget elementor-widget-image\" data-id=\"7544c699\" data-element_type=\"widget\" data-widget_type=\"image.default\">\n\t\t\t\t<div class=\"elementor-widget-container\">\n\t\t\t\t\t\t\t\t\t\t\t\t\t\t\t\t<a href=\"https:\/\/www.janning-picker.de\/wp-content\/uploads\/2025\/06\/Treppenhaus-Ornament.jpg\" data-elementor-open-lightbox=\"yes\" data-elementor-lightbox-title=\"Treppenhaus-Ornament\" data-elementor-lightbox-description=\"Treppenhaus-Ornament\" data-e-action-hash=\"#elementor-action%3Aaction%3Dlightbox%26settings%3DeyJpZCI6NTEwMCwidXJsIjoiaHR0cHM6XC9cL3d3dy5qYW5uaW5nLXBpY2tlci5kZVwvd3AtY29udGVudFwvdXBsb2Fkc1wvMjAyNVwvMDZcL1RyZXBwZW5oYXVzLU9ybmFtZW50LmpwZyJ9\">\n\t\t\t\t\t\t\t<img decoding=\"async\" width=\"768\" height=\"513\" src=\"https:\/\/www.janning-picker.de\/wp-content\/uploads\/2025\/06\/Treppenhaus-Ornament-768x513.jpg\" class=\"attachment-medium_large size-medium_large wp-image-5100\" alt=\"Treppenhaus-Ornament\" srcset=\"https:\/\/www.janning-picker.de\/wp-content\/uploads\/2025\/06\/Treppenhaus-Ornament-768x513.jpg 768w, https:\/\/www.janning-picker.de\/wp-content\/uploads\/2025\/06\/Treppenhaus-Ornament-300x201.jpg 300w, https:\/\/www.janning-picker.de\/wp-content\/uploads\/2025\/06\/Treppenhaus-Ornament-1024x684.jpg 1024w, https:\/\/www.janning-picker.de\/wp-content\/uploads\/2025\/06\/Treppenhaus-Ornament.jpg 1200w\" sizes=\"(max-width: 768px) 100vw, 768px\" \/>\t\t\t\t\t\t\t\t<\/a>\n\t\t\t\t\t\t\t\t\t\t\t\t\t\t\t<\/div>\n\t\t\t\t<\/div>\n\t\t\t\t<\/div>\n\t\t<div class=\"elementor-element elementor-element-53fd8bed e-con-full e-flex e-con e-child\" data-id=\"53fd8bed\" data-element_type=\"container\">\n\t\t\t\t<div class=\"elementor-element elementor-element-46797a8e elementor-widget elementor-widget-text-editor\" data-id=\"46797a8e\" data-element_type=\"widget\" data-widget_type=\"text-editor.default\">\n\t\t\t\t<div class=\"elementor-widget-container\">\n\t\t\t\t\t\t\t\t\t<p><strong>Points forts :<\/strong><br>Wrangelhaus, K\u00f6rnerhaus, Australhaus, Streit&rsquo;s Hof, H\u00fcbner-Haus,<br>Hildebrand-Haus, Gutruf-Haus, Versmannhaus, Laeiszhof<\/p><p><strong>Distance, dur\u00e9e approximative :<\/strong><br>env. 2 km, env. 2 heures<\/p><p><strong>Point de d\u00e9part :<\/strong><br>Maison NIVEA, Jungfernstieg 51, 20354 Hambourg<\/p><p><strong>Point final :<\/strong><br>Laeiszhof, Trostbr\u00fccke 1, 20457<\/p><p><strong>D\u00e9placement :<\/strong><br>\u00e0 pied<\/p><p><strong>Note :<\/strong><br>Bien entendu, ce circuit peut \u00e9galement \u00eatre personnalis\u00e9 (raccourci ou prolong\u00e9) en fonction de vos souhaits. Je suis \u00e0 votre disposition pour cela. <\/p>\t\t\t\t\t\t\t\t<\/div>\n\t\t\t\t<\/div>\n\t\t\t\t<\/div>\n\t\t\t\t\t<\/div>\n\t\t\t\t<\/div>\n\t\t<div class=\"elementor-element elementor-element-118a53fa e-flex e-con-boxed e-con e-parent\" data-id=\"118a53fa\" data-element_type=\"container\">\n\t\t\t\t\t<div class=\"e-con-inner\">\n\t\t\t\t<div class=\"elementor-element elementor-element-6103eb81 elementor-widget elementor-widget-spacer\" data-id=\"6103eb81\" data-element_type=\"widget\" data-widget_type=\"spacer.default\">\n\t\t\t\t<div class=\"elementor-widget-container\">\n\t\t\t\t\t\t\t<div class=\"elementor-spacer\">\n\t\t\t<div class=\"elementor-spacer-inner\"><\/div>\n\t\t<\/div>\n\t\t\t\t\t\t<\/div>\n\t\t\t\t<\/div>\n\t\t\t\t\t<\/div>\n\t\t\t\t<\/div>\n\t\t\t\t<\/div>\n\t\t","protected":false},"excerpt":{"rendered":"<p>Cages d&rsquo;escalier \u00e0 Hambourg Cages d&rsquo;escalier dans le centre-ville de Hambourg Elles sont partout &#8211; et pourtant, on ne les [&hellip;]<\/p>\n","protected":false},"author":3,"featured_media":4944,"parent":0,"menu_order":0,"comment_status":"closed","ping_status":"closed","template":"","meta":{"site-sidebar-layout":"no-sidebar","site-content-layout":"","ast-site-content-layout":"full-width-container","site-content-style":"default","site-sidebar-style":"default","ast-global-header-display":"","ast-banner-title-visibility":"","ast-main-header-display":"","ast-hfb-above-header-display":"","ast-hfb-below-header-display":"","ast-hfb-mobile-header-display":"","site-post-title":"disabled","ast-breadcrumbs-content":"","ast-featured-img":"disabled","footer-sml-layout":"","theme-transparent-header-meta":"","adv-header-id-meta":"","stick-header-meta":"","header-above-stick-meta":"","header-main-stick-meta":"","header-below-stick-meta":"","astra-migrate-meta-layouts":"default","ast-page-background-enabled":"default","ast-page-background-meta":{"desktop":{"background-color":"var(--ast-global-color-5)","background-image":"","background-repeat":"repeat","background-position":"center center","background-size":"auto","background-attachment":"scroll","background-type":"","background-media":"","overlay-type":"","overlay-color":"","overlay-opacity":"","overlay-gradient":""},"tablet":{"background-color":"","background-image":"","background-repeat":"repeat","background-position":"center center","background-size":"auto","background-attachment":"scroll","background-type":"","background-media":"","overlay-type":"","overlay-color":"","overlay-opacity":"","overlay-gradient":""},"mobile":{"background-color":"","background-image":"","background-repeat":"repeat","background-position":"center center","background-size":"auto","background-attachment":"scroll","background-type":"","background-media":"","overlay-type":"","overlay-color":"","overlay-opacity":"","overlay-gradient":""}},"ast-content-background-meta":{"desktop":{"background-color":"var(--ast-global-color-4)","background-image":"","background-repeat":"repeat","background-position":"center center","background-size":"auto","background-attachment":"scroll","background-type":"","background-media":"","overlay-type":"","overlay-color":"","overlay-opacity":"","overlay-gradient":""},"tablet":{"background-color":"var(--ast-global-color-4)","background-image":"","background-repeat":"repeat","background-position":"center center","background-size":"auto","background-attachment":"scroll","background-type":"","background-media":"","overlay-type":"","overlay-color":"","overlay-opacity":"","overlay-gradient":""},"mobile":{"background-color":"var(--ast-global-color-4)","background-image":"","background-repeat":"repeat","background-position":"center center","background-size":"auto","background-attachment":"scroll","background-type":"","background-media":"","overlay-type":"","overlay-color":"","overlay-opacity":"","overlay-gradient":""}},"footnotes":""},"class_list":["post-5308","page","type-page","status-publish","has-post-thumbnail","hentry"],"yoast_head":"<!-- This site is optimized with the Yoast SEO plugin v27.5 - https:\/\/yoast.com\/product\/yoast-seo-wordpress\/ -->\n<title>Cages d&#039;escalier \u00e0 Hambourg - Sarah Janning-Picker<\/title>\n<meta name=\"robots\" content=\"index, follow, max-snippet:-1, max-image-preview:large, max-video-preview:-1\" \/>\n<link rel=\"canonical\" href=\"https:\/\/www.janning-picker.de\/fr\/cages-descalier-a-hambourg\/\" \/>\n<meta property=\"og:locale\" content=\"fr_FR\" \/>\n<meta property=\"og:type\" content=\"article\" \/>\n<meta property=\"og:title\" content=\"Cages d&#039;escalier \u00e0 Hambourg - Sarah Janning-Picker\" \/>\n<meta property=\"og:description\" content=\"Cages d&rsquo;escalier \u00e0 Hambourg Cages d&rsquo;escalier dans le centre-ville de Hambourg Elles sont partout &#8211; et pourtant, on ne les [&hellip;]\" \/>\n<meta property=\"og:url\" content=\"https:\/\/www.janning-picker.de\/fr\/cages-descalier-a-hambourg\/\" \/>\n<meta property=\"og:site_name\" content=\"Sarah Janning-Picker\" \/>\n<meta property=\"article:modified_time\" content=\"2025-06-26T10:04:42+00:00\" \/>\n<meta property=\"og:image\" content=\"https:\/\/www.janning-picker.de\/wp-content\/uploads\/2025\/06\/Treppenhaus-Sprinkenhof.jpg\" \/>\n\t<meta property=\"og:image:width\" content=\"768\" \/>\n\t<meta property=\"og:image:height\" content=\"513\" \/>\n\t<meta property=\"og:image:type\" content=\"image\/jpeg\" \/>\n<meta name=\"twitter:card\" content=\"summary_large_image\" \/>\n<meta name=\"twitter:label1\" content=\"Dur\u00e9e de lecture estim\u00e9e\" \/>\n\t<meta name=\"twitter:data1\" content=\"2 minutes\" \/>\n<script type=\"application\/ld+json\" class=\"yoast-schema-graph\">{\"@context\":\"https:\\\/\\\/schema.org\",\"@graph\":[{\"@type\":\"WebPage\",\"@id\":\"https:\\\/\\\/www.janning-picker.de\\\/fr\\\/cages-descalier-a-hambourg\\\/\",\"url\":\"https:\\\/\\\/www.janning-picker.de\\\/fr\\\/cages-descalier-a-hambourg\\\/\",\"name\":\"Cages d'escalier \u00e0 Hambourg - Sarah Janning-Picker\",\"isPartOf\":{\"@id\":\"https:\\\/\\\/www.janning-picker.de\\\/fr\\\/#website\"},\"primaryImageOfPage\":{\"@id\":\"https:\\\/\\\/www.janning-picker.de\\\/fr\\\/cages-descalier-a-hambourg\\\/#primaryimage\"},\"image\":{\"@id\":\"https:\\\/\\\/www.janning-picker.de\\\/fr\\\/cages-descalier-a-hambourg\\\/#primaryimage\"},\"thumbnailUrl\":\"https:\\\/\\\/www.janning-picker.de\\\/wp-content\\\/uploads\\\/2025\\\/06\\\/Treppenhaus-Sprinkenhof.jpg\",\"datePublished\":\"2025-06-24T08:46:34+00:00\",\"dateModified\":\"2025-06-26T10:04:42+00:00\",\"breadcrumb\":{\"@id\":\"https:\\\/\\\/www.janning-picker.de\\\/fr\\\/cages-descalier-a-hambourg\\\/#breadcrumb\"},\"inLanguage\":\"fr-FR\",\"potentialAction\":[{\"@type\":\"ReadAction\",\"target\":[\"https:\\\/\\\/www.janning-picker.de\\\/fr\\\/cages-descalier-a-hambourg\\\/\"]}]},{\"@type\":\"ImageObject\",\"inLanguage\":\"fr-FR\",\"@id\":\"https:\\\/\\\/www.janning-picker.de\\\/fr\\\/cages-descalier-a-hambourg\\\/#primaryimage\",\"url\":\"https:\\\/\\\/www.janning-picker.de\\\/wp-content\\\/uploads\\\/2025\\\/06\\\/Treppenhaus-Sprinkenhof.jpg\",\"contentUrl\":\"https:\\\/\\\/www.janning-picker.de\\\/wp-content\\\/uploads\\\/2025\\\/06\\\/Treppenhaus-Sprinkenhof.jpg\",\"width\":768,\"height\":513,\"caption\":\"Treppenhaus-Sprinkenhof\"},{\"@type\":\"BreadcrumbList\",\"@id\":\"https:\\\/\\\/www.janning-picker.de\\\/fr\\\/cages-descalier-a-hambourg\\\/#breadcrumb\",\"itemListElement\":[{\"@type\":\"ListItem\",\"position\":1,\"name\":\"Startseite\",\"item\":\"https:\\\/\\\/www.janning-picker.de\\\/fr\\\/\"},{\"@type\":\"ListItem\",\"position\":2,\"name\":\"Cages d&#8217;escalier \u00e0 Hambourg\"}]},{\"@type\":\"WebSite\",\"@id\":\"https:\\\/\\\/www.janning-picker.de\\\/fr\\\/#website\",\"url\":\"https:\\\/\\\/www.janning-picker.de\\\/fr\\\/\",\"name\":\"Sarah Janning-Picker\",\"description\":\"Mit der Welt im Gespr\u00e4ch\",\"publisher\":{\"@id\":\"https:\\\/\\\/www.janning-picker.de\\\/fr\\\/#organization\"},\"potentialAction\":[{\"@type\":\"SearchAction\",\"target\":{\"@type\":\"EntryPoint\",\"urlTemplate\":\"https:\\\/\\\/www.janning-picker.de\\\/fr\\\/?s={search_term_string}\"},\"query-input\":{\"@type\":\"PropertyValueSpecification\",\"valueRequired\":true,\"valueName\":\"search_term_string\"}}],\"inLanguage\":\"fr-FR\"},{\"@type\":\"Organization\",\"@id\":\"https:\\\/\\\/www.janning-picker.de\\\/fr\\\/#organization\",\"name\":\"Sarah Janning-Picker\",\"url\":\"https:\\\/\\\/www.janning-picker.de\\\/fr\\\/\",\"logo\":{\"@type\":\"ImageObject\",\"inLanguage\":\"fr-FR\",\"@id\":\"https:\\\/\\\/www.janning-picker.de\\\/fr\\\/#\\\/schema\\\/logo\\\/image\\\/\",\"url\":\"https:\\\/\\\/www.janning-picker.de\\\/wp-content\\\/uploads\\\/2025\\\/05\\\/logo.jpg\",\"contentUrl\":\"https:\\\/\\\/www.janning-picker.de\\\/wp-content\\\/uploads\\\/2025\\\/05\\\/logo.jpg\",\"width\":454,\"height\":69,\"caption\":\"Sarah Janning-Picker\"},\"image\":{\"@id\":\"https:\\\/\\\/www.janning-picker.de\\\/fr\\\/#\\\/schema\\\/logo\\\/image\\\/\"}}]}<\/script>\n<!-- \/ Yoast SEO plugin. -->","yoast_head_json":{"title":"Cages d'escalier \u00e0 Hambourg - Sarah Janning-Picker","robots":{"index":"index","follow":"follow","max-snippet":"max-snippet:-1","max-image-preview":"max-image-preview:large","max-video-preview":"max-video-preview:-1"},"canonical":"https:\/\/www.janning-picker.de\/fr\/cages-descalier-a-hambourg\/","og_locale":"fr_FR","og_type":"article","og_title":"Cages d'escalier \u00e0 Hambourg - Sarah Janning-Picker","og_description":"Cages d&rsquo;escalier \u00e0 Hambourg Cages d&rsquo;escalier dans le centre-ville de Hambourg Elles sont partout &#8211; et pourtant, on ne les [&hellip;]","og_url":"https:\/\/www.janning-picker.de\/fr\/cages-descalier-a-hambourg\/","og_site_name":"Sarah Janning-Picker","article_modified_time":"2025-06-26T10:04:42+00:00","og_image":[{"width":768,"height":513,"url":"https:\/\/www.janning-picker.de\/wp-content\/uploads\/2025\/06\/Treppenhaus-Sprinkenhof.jpg","type":"image\/jpeg"}],"twitter_card":"summary_large_image","twitter_misc":{"Dur\u00e9e de lecture estim\u00e9e":"2 minutes"},"schema":{"@context":"https:\/\/schema.org","@graph":[{"@type":"WebPage","@id":"https:\/\/www.janning-picker.de\/fr\/cages-descalier-a-hambourg\/","url":"https:\/\/www.janning-picker.de\/fr\/cages-descalier-a-hambourg\/","name":"Cages d'escalier \u00e0 Hambourg - Sarah Janning-Picker","isPartOf":{"@id":"https:\/\/www.janning-picker.de\/fr\/#website"},"primaryImageOfPage":{"@id":"https:\/\/www.janning-picker.de\/fr\/cages-descalier-a-hambourg\/#primaryimage"},"image":{"@id":"https:\/\/www.janning-picker.de\/fr\/cages-descalier-a-hambourg\/#primaryimage"},"thumbnailUrl":"https:\/\/www.janning-picker.de\/wp-content\/uploads\/2025\/06\/Treppenhaus-Sprinkenhof.jpg","datePublished":"2025-06-24T08:46:34+00:00","dateModified":"2025-06-26T10:04:42+00:00","breadcrumb":{"@id":"https:\/\/www.janning-picker.de\/fr\/cages-descalier-a-hambourg\/#breadcrumb"},"inLanguage":"fr-FR","potentialAction":[{"@type":"ReadAction","target":["https:\/\/www.janning-picker.de\/fr\/cages-descalier-a-hambourg\/"]}]},{"@type":"ImageObject","inLanguage":"fr-FR","@id":"https:\/\/www.janning-picker.de\/fr\/cages-descalier-a-hambourg\/#primaryimage","url":"https:\/\/www.janning-picker.de\/wp-content\/uploads\/2025\/06\/Treppenhaus-Sprinkenhof.jpg","contentUrl":"https:\/\/www.janning-picker.de\/wp-content\/uploads\/2025\/06\/Treppenhaus-Sprinkenhof.jpg","width":768,"height":513,"caption":"Treppenhaus-Sprinkenhof"},{"@type":"BreadcrumbList","@id":"https:\/\/www.janning-picker.de\/fr\/cages-descalier-a-hambourg\/#breadcrumb","itemListElement":[{"@type":"ListItem","position":1,"name":"Startseite","item":"https:\/\/www.janning-picker.de\/fr\/"},{"@type":"ListItem","position":2,"name":"Cages d&#8217;escalier \u00e0 Hambourg"}]},{"@type":"WebSite","@id":"https:\/\/www.janning-picker.de\/fr\/#website","url":"https:\/\/www.janning-picker.de\/fr\/","name":"Sarah Janning-Picker","description":"Mit der Welt im Gespr\u00e4ch","publisher":{"@id":"https:\/\/www.janning-picker.de\/fr\/#organization"},"potentialAction":[{"@type":"SearchAction","target":{"@type":"EntryPoint","urlTemplate":"https:\/\/www.janning-picker.de\/fr\/?s={search_term_string}"},"query-input":{"@type":"PropertyValueSpecification","valueRequired":true,"valueName":"search_term_string"}}],"inLanguage":"fr-FR"},{"@type":"Organization","@id":"https:\/\/www.janning-picker.de\/fr\/#organization","name":"Sarah Janning-Picker","url":"https:\/\/www.janning-picker.de\/fr\/","logo":{"@type":"ImageObject","inLanguage":"fr-FR","@id":"https:\/\/www.janning-picker.de\/fr\/#\/schema\/logo\/image\/","url":"https:\/\/www.janning-picker.de\/wp-content\/uploads\/2025\/05\/logo.jpg","contentUrl":"https:\/\/www.janning-picker.de\/wp-content\/uploads\/2025\/05\/logo.jpg","width":454,"height":69,"caption":"Sarah Janning-Picker"},"image":{"@id":"https:\/\/www.janning-picker.de\/fr\/#\/schema\/logo\/image\/"}}]}},"_links":{"self":[{"href":"https:\/\/www.janning-picker.de\/fr\/wp-json\/wp\/v2\/pages\/5308","targetHints":{"allow":["GET"]}}],"collection":[{"href":"https:\/\/www.janning-picker.de\/fr\/wp-json\/wp\/v2\/pages"}],"about":[{"href":"https:\/\/www.janning-picker.de\/fr\/wp-json\/wp\/v2\/types\/page"}],"author":[{"embeddable":true,"href":"https:\/\/www.janning-picker.de\/fr\/wp-json\/wp\/v2\/users\/3"}],"replies":[{"embeddable":true,"href":"https:\/\/www.janning-picker.de\/fr\/wp-json\/wp\/v2\/comments?post=5308"}],"version-history":[{"count":3,"href":"https:\/\/www.janning-picker.de\/fr\/wp-json\/wp\/v2\/pages\/5308\/revisions"}],"predecessor-version":[{"id":5311,"href":"https:\/\/www.janning-picker.de\/fr\/wp-json\/wp\/v2\/pages\/5308\/revisions\/5311"}],"wp:featuredmedia":[{"embeddable":true,"href":"https:\/\/www.janning-picker.de\/fr\/wp-json\/wp\/v2\/media\/4944"}],"wp:attachment":[{"href":"https:\/\/www.janning-picker.de\/fr\/wp-json\/wp\/v2\/media?parent=5308"}],"curies":[{"name":"wp","href":"https:\/\/api.w.org\/{rel}","templated":true}]}}