{"id":5551,"date":"2025-07-03T11:08:39","date_gmt":"2025-07-03T09:08:39","guid":{"rendered":"https:\/\/www.janning-picker.de\/agb\/"},"modified":"2025-07-03T12:19:00","modified_gmt":"2025-07-03T10:19:00","slug":"conditions-generales-de-vente","status":"publish","type":"page","link":"https:\/\/www.janning-picker.de\/fr\/conditions-generales-de-vente\/","title":{"rendered":"Conditions g\u00e9n\u00e9rales de vente"},"content":{"rendered":"\t\t<div data-elementor-type=\"wp-page\" data-elementor-id=\"5551\" class=\"elementor elementor-5551 elementor-5537\" data-elementor-post-type=\"page\">\n\t\t\t\t<div class=\"elementor-element elementor-element-78ab66e0 e-flex e-con-boxed elementor-invisible e-con e-parent\" data-id=\"78ab66e0\" data-element_type=\"container\" data-settings=\"{&quot;animation&quot;:&quot;fadeIn&quot;}\">\n\t\t\t\t\t<div class=\"e-con-inner\">\n\t\t<div class=\"elementor-element elementor-element-47d80c1 e-con-full e-flex e-con e-child\" data-id=\"47d80c1\" data-element_type=\"container\" data-settings=\"{&quot;background_background&quot;:&quot;classic&quot;}\">\n\t\t\t\t<div class=\"elementor-element elementor-element-755b5221 elementor-widget elementor-widget-heading\" data-id=\"755b5221\" data-element_type=\"widget\" data-widget_type=\"heading.default\">\n\t\t\t\t<div class=\"elementor-widget-container\">\n\t\t\t\t\t<h1 class=\"elementor-heading-title elementor-size-default\">Conditions g\u00e9n\u00e9rales de vente<\/h1>\t\t\t\t<\/div>\n\t\t\t\t<\/div>\n\t\t\t\t<\/div>\n\t\t\t\t\t<\/div>\n\t\t\t\t<\/div>\n\t\t<div class=\"elementor-element elementor-element-2139ee78 e-flex e-con-boxed e-con e-parent\" data-id=\"2139ee78\" data-element_type=\"container\">\n\t\t\t\t\t<div class=\"e-con-inner\">\n\t\t<div class=\"elementor-element elementor-element-362ad67a e-con-full e-flex elementor-invisible e-con e-child\" data-id=\"362ad67a\" data-element_type=\"container\" data-settings=\"{&quot;animation&quot;:&quot;fadeInRight&quot;,&quot;animation_delay&quot;:200}\">\n\t\t\t\t<div class=\"elementor-element elementor-element-cf69a9c elementor-widget elementor-widget-text-editor\" data-id=\"cf69a9c\" data-element_type=\"widget\" data-widget_type=\"text-editor.default\">\n\t\t\t\t<div class=\"elementor-widget-container\">\n\t\t\t\t\t\t\t\t\t<div class=\"entry-content\"><h3>1. dispositions g\u00e9n\u00e9rales<\/h3><p><strong>Fournisseur:<\/strong><br>Sarah Janning-Picker<\/p><p><strong>Adresse :<\/strong><br>Kronskamp 2a 24558 Henstedt-Ulzburg Tel : +49 4193 752 3636 <br><br><strong>Mobile :<\/strong> +49 1520 4630 002 <br><br><strong>Fax :<\/strong> +49 4193 752 3635 E-<br><br><strong>Mail-Adresse :<\/strong> <br>Sarah@Janning-Picker.de<\/p><p><strong>Num\u00e9ro d&rsquo;identification de la taxe sur le chiffre d&rsquo;affaires :<\/strong> <br>11\/071\/60729.<\/p><h3>2. offre et conclusion du contrat<\/h3><p>Les offres, informations, renseignements, indications de prix ainsi que les d\u00e9clarations sur les produits (par ex. sur le site Internet) du fournisseur sont libres et sans engagement. Elles n&rsquo;ont de valeur juridique qu&rsquo;apr\u00e8s confirmation \u00e9crite. Pour \u00eatre juridiquement valables, les d\u00e9clarations d&rsquo;acceptation et toutes les commandes doivent \u00eatre confirm\u00e9es par \u00e9crit ou par t\u00e9lex par la soci\u00e9t\u00e9 prestataire. La commande du client sans offre pr\u00e9alable de la soci\u00e9t\u00e9 constitue une offre ferme. La soci\u00e9t\u00e9 peut, \u00e0 son choix, accepter cette offre dans un d\u00e9lai de deux semaines en envoyant une confirmation de commande au client dans ce d\u00e9lai. La dur\u00e9e, l&rsquo;itin\u00e9raire, les d\u00e9tails des caract\u00e9ristiques des voyages ou des prestations du secteur \u00ab\u00a0services linguistiques\u00a0\u00bb et autres indications ainsi que les informations contenues dans les prospectus, les brochures et le site Internet ne sont contraignantes que si cela a \u00e9t\u00e9 express\u00e9ment convenu par \u00e9crit, et ne sont par ailleurs que des valeurs approximatives et ne contiennent aucune assurance ou promesse de garantie.     <\/p><h3>3. honoraires et prix<\/h3><p>Les prix indiqu\u00e9s lors de la conclusion du contrat sont applicables. Ceux-ci se calculent notamment en fonction du taux horaire propos\u00e9 ou convenu x le nombre d&rsquo;heures ou d&rsquo;unit\u00e9s de temps fournies. Les \u00e9ventuels frais annexes suppl\u00e9mentaires (pr\u00e9paration, d\u00e9placement, d\u00e9part, suivi, proc\u00e8s-verbaux et documentation) sont indiqu\u00e9s dans l&rsquo;offre. Les frais annexes pour le client (par ex. billets de transport public pour les visites guid\u00e9es) ne font pas partie de l&rsquo;offre et doivent \u00eatre r\u00e9gl\u00e9s s\u00e9par\u00e9ment par le client avec l&rsquo;entreprise de transport concern\u00e9e. Les prix indiqu\u00e9s aux clients et aux personnes int\u00e9ress\u00e9es s&rsquo;entendent hors taxe sur le chiffre d&rsquo;affaires due en vertu de la loi, sauf indication contraire dans l&rsquo;offre.    <\/p><h3>4. les modifications et annulations de commandes et les frais d&rsquo;annulation<\/h3><p>Le client peut annuler sans frais les prestations r\u00e9serv\u00e9es et confirm\u00e9es dans un d\u00e9lai de 7 jours avant la prestation. En cas d&rsquo;annulation jusqu&rsquo;\u00e0 24 heures avant le d\u00e9but de la prestation, 50% des frais totaux propos\u00e9s seront factur\u00e9s. En cas d&rsquo;annulation \u00e0 plus court terme, la totalit\u00e9 des frais sera factur\u00e9e. Pour les arriv\u00e9es de plus de 60 minutes, le d\u00e9but de l&rsquo;arriv\u00e9e compte comme d\u00e9but de la prestation. Pour les r\u00e9servations de plusieurs jours, 3 jours complets au maximum sont factur\u00e9s.    <\/p><h3>5. temps d&rsquo;attente<\/h3><p>Les visites de groupe commencent \u00e0 l&rsquo;heure indiqu\u00e9e. Les personnes qui arrivent en retard sont pri\u00e9es de le signaler au plus tard 15 minutes avant le d\u00e9but de la visite si elles savent qu&rsquo;elles seront en retard. Il est \u00e9ventuellement possible d&rsquo;attendre un peu. Dans le cas contraire, le prix de l&rsquo;excursion ne peut pas \u00eatre rembours\u00e9. Pour les tours priv\u00e9s, le temps de prestation \u00e0 facturer commence au moment du d\u00e9but du tour convenu. Dans ce cas \u00e9galement, il est utile que les clients qui arrivent en retard se manifestent bri\u00e8vement par t\u00e9l\u00e9phone.     <\/p><h3>6. taille du groupe<\/h3><p>La disponibilit\u00e9 des tours d\u00e9pend de la taille du groupe. Pour des raisons de qualit\u00e9 , nous n &lsquo; organisons pas de grands tours publics. Les tours r\u00e9serv\u00e9s en priv\u00e9 peuvent \u00eatre d\u00e9cid\u00e9s par le client en ce qui concerne la taille.  <\/p><h3>7. entrer dans les b\u00e2timents<\/h3><p>Pendant les tours, des b\u00e2timents sont parfois p\u00e9n\u00e9tr\u00e9s (\u00e9glises, b\u00e2timents publics, selon les possibilit\u00e9s \u00e9galement des b\u00e2timents non publics). Le prestataire n&rsquo;est pas responsable des mesures de pr\u00e9caution suppl\u00e9mentaires prises par les clients pendant qu&rsquo;ils se trouvent dans ces b\u00e2timents. En ce qui concerne les sorties de secours, les moyens de sauvetage, etc., il convient de respecter les consignes g\u00e9n\u00e9rales affich\u00e9es. En cas de doute, il convient de s&rsquo;adresser au guide pour toute question \u00e9ventuelle.   <\/p><h3>8. frais de transport ou de transport en commun (TC)<\/h3><p>Les frais de transport (priv\u00e9 ou public) ne sont pas inclus dans le prix de l&rsquo;excursion ni, en r\u00e8gle g\u00e9n\u00e9rale, dans l&rsquo;offre. Les \u00e9ventuelles indications dans l&rsquo;offre sur les frais \u00e0 pr\u00e9voir ne sont donn\u00e9es qu&rsquo;\u00e0 titre indicatif, mais ne font pas partie du prix de l&rsquo;excursion. Le prestataire peut recommander le billet de transport public le mieux adapt\u00e9 au moment et \u00e0 la situation. Toutefois, le prestataire ne garantit pas que la variante recommand\u00e9e au premier moment soit la plus avantageuse sur le plan mon\u00e9taire. Toutefois, en raison de l&rsquo;organisation ult\u00e9rieure de la journ\u00e9e, il peut \u00eatre plus judicieux de recommander un billet d&rsquo;un jour par exemple. En outre, le prestataire n&rsquo;est pas responsable des conditions de validit\u00e9 des tickets de transport public, qui peuvent varier. Le prestataire ne peut pas faire d&rsquo;offre de transport priv\u00e9 (par ex. transfert en bus pour les groupes), mais seulement recommander des offres de partenaires de coop\u00e9ration sur la base de son exp\u00e9rience. En aucun cas, le prestataire n&rsquo;intervient en tant qu&rsquo;interm\u00e9diaire de transport. Il se contente d&rsquo;\u00e9tablir le contact.        <\/p><h3>9. droits d&rsquo;entr\u00e9e<\/h3><p>Les \u00e9ventuels droits d&rsquo;entr\u00e9e des sites touristiques (entr\u00e9es, ascenseurs, attractions) ne font pas partie du prix du voyage. Les billets doivent \u00eatre achet\u00e9s sur place de mani\u00e8re ind\u00e9pendante. Cela ne s&rsquo;applique pas si cela a \u00e9t\u00e9 explicitement mentionn\u00e9 dans l&rsquo;offre et la confirmation de commande. En ce qui concerne le montant pr\u00e9visible de la somme des droits d&rsquo;entr\u00e9e, le prestataire peut toutefois donner une indication sur demande.   <\/p><h3>10. enregistrement de sons et d&rsquo;images pendant les tours<\/h3><p>Les prises de vue, de son et de film de l&rsquo;excursion, du d\u00e9roulement de l&rsquo;excursion ou des responsables qui l&rsquo;organisent sont en principe interdites et seront volontiers autoris\u00e9es sur demande.<\/p><h3>11. limitation de responsabilit\u00e9<\/h3><p>En cas de manquement aux obligations par n\u00e9gligence l\u00e9g\u00e8re, la responsabilit\u00e9 de la prestataire se limite aux dommages moyens pr\u00e9visibles, typiques du contrat et directs, en fonction de la nature du contrat. Ceci s&rsquo;applique \u00e9galement aux violations d&rsquo;obligations par n\u00e9gligence l\u00e9g\u00e8re des repr\u00e9sentants l\u00e9gaux ou des auxiliaires d&rsquo;ex\u00e9cution de la prestataire. La prestataire n&rsquo;est pas responsable vis-\u00e0-vis des entreprises en cas de violation par n\u00e9gligence l\u00e9g\u00e8re d&rsquo;obligations contractuelles non essentielles.  <\/p><h3>12. conditions de paiement \/ \u00e9ch\u00e9ance<\/h3><p>En tant que consommateur final, le client paie sa tourn\u00e9e \u00e0 l&rsquo;avance par virement bancaire ou directement en esp\u00e8ces lors de la prestation. Les paiements du client sont exigibles dans les 30 jours suivant la date de la facture, sauf si un autre d\u00e9lai de paiement est indiqu\u00e9 sur la facture. Ils sont consid\u00e9r\u00e9s comme effectu\u00e9s lorsqu&rsquo;ils sont irr\u00e9vocablement cr\u00e9dit\u00e9s sur un compte du fournisseur. En cas de non-paiement dans les d\u00e9lais, des int\u00e9r\u00eats moratoires au taux l\u00e9gal sont dus sans autre indication. Tous les frais et taxes sont \u00e0 la charge du client, sauf offre ou accord contraire. Le prestataire est en droit de retenir la prestation si le client est en retard dans ses autres obligations de paiement. La prestation n&rsquo;est due que lorsque ces arri\u00e9r\u00e9s sont enti\u00e8rement r\u00e9gl\u00e9s. Par ailleurs, en cas d&rsquo;arri\u00e9r\u00e9s de paiement ou de cessation de paiement\/surendettement ainsi qu&rsquo;en cas de non-respect des d\u00e9lais de paiement, les autres cr\u00e9ances deviennent imm\u00e9diatement exigibles. Le prestataire peut exiger un acompte sur les cr\u00e9ances attendues en toute \u00e9quit\u00e9.        <\/p><h3>13. protection des donn\u00e9es \/ confidentialit\u00e9<\/h3><p>L&rsquo;enregistrement des donn\u00e9es relatives aux clients par l&rsquo;entrepreneur est accept\u00e9. L&rsquo;attention est attir\u00e9e sur le \u00a7 33 BDSG. Sauf convention \u00e9crite contraire, les donn\u00e9es dont la soci\u00e9t\u00e9 a connaissance lors du traitement de la commande ne sont pas consid\u00e9r\u00e9es comme confidentielles. De telles donn\u00e9es peuvent \u00eatre exploit\u00e9es par la soci\u00e9t\u00e9 dans le respect de la l\u00e9gislation sur la protection des donn\u00e9es et des droits d&rsquo;auteur. La soci\u00e9t\u00e9 n&rsquo;est pas responsable de la perte de donn\u00e9es dans la mesure o\u00f9 le stockage ou toute autre forme de sauvegarde n&rsquo;a pas \u00e9t\u00e9 express\u00e9ment stipul\u00e9 par \u00e9crit dans le cadre de la commande.    <\/p><h3>14. droit d&rsquo;auteur<\/h3><p>Je me r\u00e9serve la propri\u00e9t\u00e9, les droits d&rsquo;auteur et autres droits sur les offres, les propositions de circuits, les circuits r\u00e9alis\u00e9s, les textes r\u00e9dig\u00e9s dans le cadre de traductions, etc. Il est interdit de les reproduire, de les utiliser soi-m\u00eame ou de les rendre accessibles \u00e0 des tiers sans leur autorisation \u00e9crite expresse. <\/p><h3>15. Clause de sauvegarde<\/h3><p>La nullit\u00e9 d&rsquo;une ou de certaines parties d&rsquo;une condition commerciale n&rsquo;affecte pas la validit\u00e9 des autres conditions ni celle du contrat conclu. En cas de nullit\u00e9 , il convient de convenir d&rsquo; une disposition se rapprochant le plus possible de l&rsquo;accord vis\u00e9. <br>Henstedt-Ulzburg, le 01 avril 2015 <\/p><\/div>\t\t\t\t\t\t\t\t<\/div>\n\t\t\t\t<\/div>\n\t\t\t\t<\/div>\n\t\t\t\t\t<\/div>\n\t\t\t\t<\/div>\n\t\t<div class=\"elementor-element elementor-element-5399c469 e-flex e-con-boxed e-con e-parent\" data-id=\"5399c469\" data-element_type=\"container\">\n\t\t\t\t\t<div class=\"e-con-inner\">\n\t\t\t\t<div class=\"elementor-element elementor-element-8361cab elementor-widget elementor-widget-spacer\" data-id=\"8361cab\" data-element_type=\"widget\" data-widget_type=\"spacer.default\">\n\t\t\t\t<div class=\"elementor-widget-container\">\n\t\t\t\t\t\t\t<div class=\"elementor-spacer\">\n\t\t\t<div class=\"elementor-spacer-inner\"><\/div>\n\t\t<\/div>\n\t\t\t\t\t\t<\/div>\n\t\t\t\t<\/div>\n\t\t\t\t\t<\/div>\n\t\t\t\t<\/div>\n\t\t\t\t<\/div>\n\t\t","protected":false},"excerpt":{"rendered":"<p>Conditions g\u00e9n\u00e9rales de vente 1. dispositions g\u00e9n\u00e9rales Fournisseur:Sarah Janning-Picker Adresse :Kronskamp 2a 24558 Henstedt-Ulzburg Tel : +49 4193 752 3636 [&hellip;]<\/p>\n","protected":false},"author":3,"featured_media":0,"parent":0,"menu_order":0,"comment_status":"closed","ping_status":"closed","template":"","meta":{"site-sidebar-layout":"no-sidebar","site-content-layout":"","ast-site-content-layout":"full-width-container","site-content-style":"default","site-sidebar-style":"default","ast-global-header-display":"","ast-banner-title-visibility":"","ast-main-header-display":"","ast-hfb-above-header-display":"","ast-hfb-below-header-display":"","ast-hfb-mobile-header-display":"","site-post-title":"disabled","ast-breadcrumbs-content":"","ast-featured-img":"disabled","footer-sml-layout":"","theme-transparent-header-meta":"","adv-header-id-meta":"","stick-header-meta":"","header-above-stick-meta":"","header-main-stick-meta":"","header-below-stick-meta":"","astra-migrate-meta-layouts":"default","ast-page-background-enabled":"default","ast-page-background-meta":{"desktop":{"background-color":"var(--ast-global-color-5)","background-image":"","background-repeat":"repeat","background-position":"center center","background-size":"auto","background-attachment":"scroll","background-type":"","background-media":"","overlay-type":"","overlay-color":"","overlay-opacity":"","overlay-gradient":""},"tablet":{"background-color":"","background-image":"","background-repeat":"repeat","background-position":"center center","background-size":"auto","background-attachment":"scroll","background-type":"","background-media":"","overlay-type":"","overlay-color":"","overlay-opacity":"","overlay-gradient":""},"mobile":{"background-color":"","background-image":"","background-repeat":"repeat","background-position":"center center","background-size":"auto","background-attachment":"scroll","background-type":"","background-media":"","overlay-type":"","overlay-color":"","overlay-opacity":"","overlay-gradient":""}},"ast-content-background-meta":{"desktop":{"background-color":"var(--ast-global-color-4)","background-image":"","background-repeat":"repeat","background-position":"center center","background-size":"auto","background-attachment":"scroll","background-type":"","background-media":"","overlay-type":"","overlay-color":"","overlay-opacity":"","overlay-gradient":""},"tablet":{"background-color":"var(--ast-global-color-4)","background-image":"","background-repeat":"repeat","background-position":"center center","background-size":"auto","background-attachment":"scroll","background-type":"","background-media":"","overlay-type":"","overlay-color":"","overlay-opacity":"","overlay-gradient":""},"mobile":{"background-color":"var(--ast-global-color-4)","background-image":"","background-repeat":"repeat","background-position":"center center","background-size":"auto","background-attachment":"scroll","background-type":"","background-media":"","overlay-type":"","overlay-color":"","overlay-opacity":"","overlay-gradient":""}},"footnotes":""},"class_list":["post-5551","page","type-page","status-publish","hentry"],"yoast_head":"<!-- This site is optimized with the Yoast SEO plugin v27.5 - https:\/\/yoast.com\/product\/yoast-seo-wordpress\/ -->\n<title>Conditions g\u00e9n\u00e9rales de vente - Sarah Janning-Picker<\/title>\n<meta name=\"robots\" content=\"index, follow, max-snippet:-1, max-image-preview:large, max-video-preview:-1\" \/>\n<link rel=\"canonical\" href=\"https:\/\/www.janning-picker.de\/fr\/conditions-generales-de-vente\/\" \/>\n<meta property=\"og:locale\" content=\"fr_FR\" \/>\n<meta property=\"og:type\" content=\"article\" \/>\n<meta property=\"og:title\" content=\"Conditions g\u00e9n\u00e9rales de vente - Sarah Janning-Picker\" \/>\n<meta property=\"og:description\" content=\"Conditions g\u00e9n\u00e9rales de vente 1. dispositions g\u00e9n\u00e9rales Fournisseur:Sarah Janning-Picker Adresse :Kronskamp 2a 24558 Henstedt-Ulzburg Tel : +49 4193 752 3636 [&hellip;]\" \/>\n<meta property=\"og:url\" content=\"https:\/\/www.janning-picker.de\/fr\/conditions-generales-de-vente\/\" \/>\n<meta property=\"og:site_name\" content=\"Sarah Janning-Picker\" \/>\n<meta property=\"article:modified_time\" content=\"2025-07-03T10:19:00+00:00\" \/>\n<meta name=\"twitter:card\" content=\"summary_large_image\" \/>\n<meta name=\"twitter:label1\" content=\"Dur\u00e9e de lecture estim\u00e9e\" \/>\n\t<meta name=\"twitter:data1\" content=\"8 minutes\" \/>\n<script type=\"application\/ld+json\" class=\"yoast-schema-graph\">{\"@context\":\"https:\\\/\\\/schema.org\",\"@graph\":[{\"@type\":\"WebPage\",\"@id\":\"https:\\\/\\\/www.janning-picker.de\\\/fr\\\/conditions-generales-de-vente\\\/\",\"url\":\"https:\\\/\\\/www.janning-picker.de\\\/fr\\\/conditions-generales-de-vente\\\/\",\"name\":\"Conditions g\u00e9n\u00e9rales de vente - Sarah Janning-Picker\",\"isPartOf\":{\"@id\":\"https:\\\/\\\/www.janning-picker.de\\\/fr\\\/#website\"},\"datePublished\":\"2025-07-03T09:08:39+00:00\",\"dateModified\":\"2025-07-03T10:19:00+00:00\",\"breadcrumb\":{\"@id\":\"https:\\\/\\\/www.janning-picker.de\\\/fr\\\/conditions-generales-de-vente\\\/#breadcrumb\"},\"inLanguage\":\"fr-FR\",\"potentialAction\":[{\"@type\":\"ReadAction\",\"target\":[\"https:\\\/\\\/www.janning-picker.de\\\/fr\\\/conditions-generales-de-vente\\\/\"]}]},{\"@type\":\"BreadcrumbList\",\"@id\":\"https:\\\/\\\/www.janning-picker.de\\\/fr\\\/conditions-generales-de-vente\\\/#breadcrumb\",\"itemListElement\":[{\"@type\":\"ListItem\",\"position\":1,\"name\":\"Startseite\",\"item\":\"https:\\\/\\\/www.janning-picker.de\\\/fr\\\/\"},{\"@type\":\"ListItem\",\"position\":2,\"name\":\"Conditions g\u00e9n\u00e9rales de vente\"}]},{\"@type\":\"WebSite\",\"@id\":\"https:\\\/\\\/www.janning-picker.de\\\/fr\\\/#website\",\"url\":\"https:\\\/\\\/www.janning-picker.de\\\/fr\\\/\",\"name\":\"Sarah Janning-Picker\",\"description\":\"Mit der Welt im Gespr\u00e4ch\",\"publisher\":{\"@id\":\"https:\\\/\\\/www.janning-picker.de\\\/fr\\\/#organization\"},\"potentialAction\":[{\"@type\":\"SearchAction\",\"target\":{\"@type\":\"EntryPoint\",\"urlTemplate\":\"https:\\\/\\\/www.janning-picker.de\\\/fr\\\/?s={search_term_string}\"},\"query-input\":{\"@type\":\"PropertyValueSpecification\",\"valueRequired\":true,\"valueName\":\"search_term_string\"}}],\"inLanguage\":\"fr-FR\"},{\"@type\":\"Organization\",\"@id\":\"https:\\\/\\\/www.janning-picker.de\\\/fr\\\/#organization\",\"name\":\"Sarah Janning-Picker\",\"url\":\"https:\\\/\\\/www.janning-picker.de\\\/fr\\\/\",\"logo\":{\"@type\":\"ImageObject\",\"inLanguage\":\"fr-FR\",\"@id\":\"https:\\\/\\\/www.janning-picker.de\\\/fr\\\/#\\\/schema\\\/logo\\\/image\\\/\",\"url\":\"https:\\\/\\\/www.janning-picker.de\\\/wp-content\\\/uploads\\\/2025\\\/05\\\/logo.jpg\",\"contentUrl\":\"https:\\\/\\\/www.janning-picker.de\\\/wp-content\\\/uploads\\\/2025\\\/05\\\/logo.jpg\",\"width\":454,\"height\":69,\"caption\":\"Sarah Janning-Picker\"},\"image\":{\"@id\":\"https:\\\/\\\/www.janning-picker.de\\\/fr\\\/#\\\/schema\\\/logo\\\/image\\\/\"}}]}<\/script>\n<!-- \/ Yoast SEO plugin. -->","yoast_head_json":{"title":"Conditions g\u00e9n\u00e9rales de vente - Sarah Janning-Picker","robots":{"index":"index","follow":"follow","max-snippet":"max-snippet:-1","max-image-preview":"max-image-preview:large","max-video-preview":"max-video-preview:-1"},"canonical":"https:\/\/www.janning-picker.de\/fr\/conditions-generales-de-vente\/","og_locale":"fr_FR","og_type":"article","og_title":"Conditions g\u00e9n\u00e9rales de vente - Sarah Janning-Picker","og_description":"Conditions g\u00e9n\u00e9rales de vente 1. dispositions g\u00e9n\u00e9rales Fournisseur:Sarah Janning-Picker Adresse :Kronskamp 2a 24558 Henstedt-Ulzburg Tel : +49 4193 752 3636 [&hellip;]","og_url":"https:\/\/www.janning-picker.de\/fr\/conditions-generales-de-vente\/","og_site_name":"Sarah Janning-Picker","article_modified_time":"2025-07-03T10:19:00+00:00","twitter_card":"summary_large_image","twitter_misc":{"Dur\u00e9e de lecture estim\u00e9e":"8 minutes"},"schema":{"@context":"https:\/\/schema.org","@graph":[{"@type":"WebPage","@id":"https:\/\/www.janning-picker.de\/fr\/conditions-generales-de-vente\/","url":"https:\/\/www.janning-picker.de\/fr\/conditions-generales-de-vente\/","name":"Conditions g\u00e9n\u00e9rales de vente - Sarah Janning-Picker","isPartOf":{"@id":"https:\/\/www.janning-picker.de\/fr\/#website"},"datePublished":"2025-07-03T09:08:39+00:00","dateModified":"2025-07-03T10:19:00+00:00","breadcrumb":{"@id":"https:\/\/www.janning-picker.de\/fr\/conditions-generales-de-vente\/#breadcrumb"},"inLanguage":"fr-FR","potentialAction":[{"@type":"ReadAction","target":["https:\/\/www.janning-picker.de\/fr\/conditions-generales-de-vente\/"]}]},{"@type":"BreadcrumbList","@id":"https:\/\/www.janning-picker.de\/fr\/conditions-generales-de-vente\/#breadcrumb","itemListElement":[{"@type":"ListItem","position":1,"name":"Startseite","item":"https:\/\/www.janning-picker.de\/fr\/"},{"@type":"ListItem","position":2,"name":"Conditions g\u00e9n\u00e9rales de vente"}]},{"@type":"WebSite","@id":"https:\/\/www.janning-picker.de\/fr\/#website","url":"https:\/\/www.janning-picker.de\/fr\/","name":"Sarah Janning-Picker","description":"Mit der Welt im Gespr\u00e4ch","publisher":{"@id":"https:\/\/www.janning-picker.de\/fr\/#organization"},"potentialAction":[{"@type":"SearchAction","target":{"@type":"EntryPoint","urlTemplate":"https:\/\/www.janning-picker.de\/fr\/?s={search_term_string}"},"query-input":{"@type":"PropertyValueSpecification","valueRequired":true,"valueName":"search_term_string"}}],"inLanguage":"fr-FR"},{"@type":"Organization","@id":"https:\/\/www.janning-picker.de\/fr\/#organization","name":"Sarah Janning-Picker","url":"https:\/\/www.janning-picker.de\/fr\/","logo":{"@type":"ImageObject","inLanguage":"fr-FR","@id":"https:\/\/www.janning-picker.de\/fr\/#\/schema\/logo\/image\/","url":"https:\/\/www.janning-picker.de\/wp-content\/uploads\/2025\/05\/logo.jpg","contentUrl":"https:\/\/www.janning-picker.de\/wp-content\/uploads\/2025\/05\/logo.jpg","width":454,"height":69,"caption":"Sarah Janning-Picker"},"image":{"@id":"https:\/\/www.janning-picker.de\/fr\/#\/schema\/logo\/image\/"}}]}},"_links":{"self":[{"href":"https:\/\/www.janning-picker.de\/fr\/wp-json\/wp\/v2\/pages\/5551","targetHints":{"allow":["GET"]}}],"collection":[{"href":"https:\/\/www.janning-picker.de\/fr\/wp-json\/wp\/v2\/pages"}],"about":[{"href":"https:\/\/www.janning-picker.de\/fr\/wp-json\/wp\/v2\/types\/page"}],"author":[{"embeddable":true,"href":"https:\/\/www.janning-picker.de\/fr\/wp-json\/wp\/v2\/users\/3"}],"replies":[{"embeddable":true,"href":"https:\/\/www.janning-picker.de\/fr\/wp-json\/wp\/v2\/comments?post=5551"}],"version-history":[{"count":5,"href":"https:\/\/www.janning-picker.de\/fr\/wp-json\/wp\/v2\/pages\/5551\/revisions"}],"predecessor-version":[{"id":5559,"href":"https:\/\/www.janning-picker.de\/fr\/wp-json\/wp\/v2\/pages\/5551\/revisions\/5559"}],"wp:attachment":[{"href":"https:\/\/www.janning-picker.de\/fr\/wp-json\/wp\/v2\/media?parent=5551"}],"curies":[{"name":"wp","href":"https:\/\/api.w.org\/{rel}","templated":true}]}}